{"id":9955,"date":"2025-01-28T15:53:30","date_gmt":"2025-01-28T14:53:30","guid":{"rendered":"https:\/\/butterfly-editions.com\/?post_type=product&#038;p=9955"},"modified":"2026-01-28T15:55:57","modified_gmt":"2026-01-28T14:55:57","slug":"supremes-interdits-integrale-2","status":"publish","type":"product","link":"https:\/\/butterfly-editions.com\/index.php\/produit\/supremes-interdits-integrale-2\/","title":{"rendered":"Supr\u00eames Interdits &#8211; Int\u00e9grale"},"content":{"rendered":"<div id=\"bookDescription_feature_div\" class=\"celwidget\" data-feature-name=\"bookDescription\" data-csa-c-type=\"widget\" data-csa-c-content-id=\"bookDescription\" data-csa-c-slot-id=\"bookDescription_feature_div\" data-csa-c-asin=\"\" data-csa-c-is-in-initial-active-row=\"false\" data-csa-c-id=\"wos0fv-hvogd6-vamwei-9ni6vw\" data-cel-widget=\"bookDescription_feature_div\">\n<div class=\"a-expander-collapsed-height a-row a-expander-container a-spacing-base a-expander-partial-collapse-container\" data-a-expander-name=\"book_description_expander\" data-a-expander-collapsed-height=\"280\">\n<div class=\"a-expander-content a-expander-partial-collapse-content\" data-expanded=\"false\">\n<div id=\"bookDescription_feature_div\" class=\"celwidget\" data-feature-name=\"bookDescription\" data-csa-c-type=\"widget\" data-csa-c-content-id=\"bookDescription\" data-csa-c-slot-id=\"bookDescription_feature_div\" data-csa-c-asin=\"\" data-csa-c-is-in-initial-active-row=\"false\" data-csa-c-id=\"wos0fv-hvogd6-vamwei-9ni6vw\" data-cel-widget=\"bookDescription_feature_div\">\n<div class=\"a-expander-collapsed-height a-row a-expander-container a-spacing-base a-expander-partial-collapse-container\" data-a-expander-name=\"book_description_expander\" data-a-expander-collapsed-height=\"280\">\n<div class=\"a-expander-content a-expander-partial-collapse-content\" data-expanded=\"false\">Il ne peut pas la toucher. Encore moins l&rsquo;aimer&#8230; Calista est belle, libre&#8230; et surtout heureuse de revenir en France apr\u00e8s une ann\u00e9e d&rsquo;\u00e9tudes pass\u00e9e au Canada. Enjou\u00e9e de retrouver l&rsquo;ambiance rock&rsquo;n&rsquo;roll de la Ferme o\u00f9 vivent sa famille et ses amis, elle d\u00e9chante rapidement. Basile, qu&rsquo;elle consid\u00e9rait jadis comme son fr\u00e8re, est devenu cynique, impulsif&#8230; et carr\u00e9ment sexy. Tr\u00e8s vite, ils s&rsquo;attirent, se rejettent, se d\u00e9sirent. Sauf qu&rsquo;entre eux&#8230; le deal est clair : tout rapprochement est interdit. R\u00e9sister \u00e0 cette attraction torride qui les consume devient de plus en plus difficile&#8230;<\/div>\n<\/div>\n<\/div>\n<div id=\"hushpuppyUpsell_feature_div\" class=\"celwidget\" data-feature-name=\"hushpuppyUpsell\" data-csa-c-type=\"widget\" data-csa-c-content-id=\"hushpuppyUpsell\" data-csa-c-slot-id=\"hushpuppyUpsell_feature_div\" data-csa-c-asin=\"\" data-csa-c-is-in-initial-active-row=\"false\" data-csa-c-id=\"uqgeo7-idm1w5-4yqou7-9f81r9\" data-cel-widget=\"hushpuppyUpsell_feature_div\"><\/div>\n<\/div>\n<\/div>\n<\/div>\n","protected":false},"excerpt":{"rendered":"<p>Le temps passe et marque les \u00e2mes. Certains se perdent, d\u2019autres se trouvent. Calista, en abandonnant d\u00e9finitivement la Ferme, semble r\u00e9aliser les r\u00eaves qui n\u2019\u00e9taient plus r\u00e9ellement les siens dans son sublime appartement de la capitale.<br \/>\nSa famille, oubli\u00e9e. Ses amis, oubli\u00e9s. Basile, son ami, son amant, son amour, son sang, oubli\u00e9.<br \/>\nLa page est d\u00e9finitivement tourn\u00e9e. \u00c0 moins que le destin d\u00e9cide de s\u2019en m\u00ealer une toute derni\u00e8re fois.<br \/>\nIl suffit parfois d\u2019un malheureux concours de circonstances pour ramener \u00e0 la vie les fant\u00f4mes du pass\u00e9 et les c\u0153urs meurtris&#8230;<\/p>\n","protected":false},"featured_media":9951,"comment_status":"open","ping_status":"closed","template":"","meta":{"_acf_changed":false,"content-type":""},"product_brand":[],"product_cat":[461],"product_tag":[],"class_list":{"0":"post-9955","1":"product","2":"type-product","3":"status-publish","4":"has-post-thumbnail","6":"product_cat-romance-contemporaine","8":"first","9":"instock","10":"downloadable","11":"virtual","12":"sold-individually","13":"taxable","14":"purchasable","15":"product-type-simple"},"acf":{"auteur":"Florine Hedal","date_parution":"20201218","bestseller":false,"librairie":false},"aioseo_notices":[],"_links":{"self":[{"href":"https:\/\/butterfly-editions.com\/index.php\/wp-json\/wp\/v2\/product\/9955","targetHints":{"allow":["GET"]}}],"collection":[{"href":"https:\/\/butterfly-editions.com\/index.php\/wp-json\/wp\/v2\/product"}],"about":[{"href":"https:\/\/butterfly-editions.com\/index.php\/wp-json\/wp\/v2\/types\/product"}],"replies":[{"embeddable":true,"href":"https:\/\/butterfly-editions.com\/index.php\/wp-json\/wp\/v2\/comments?post=9955"}],"wp:featuredmedia":[{"embeddable":true,"href":"https:\/\/butterfly-editions.com\/index.php\/wp-json\/wp\/v2\/media\/9951"}],"wp:attachment":[{"href":"https:\/\/butterfly-editions.com\/index.php\/wp-json\/wp\/v2\/media?parent=9955"}],"wp:term":[{"taxonomy":"product_brand","embeddable":true,"href":"https:\/\/butterfly-editions.com\/index.php\/wp-json\/wp\/v2\/product_brand?post=9955"},{"taxonomy":"product_cat","embeddable":true,"href":"https:\/\/butterfly-editions.com\/index.php\/wp-json\/wp\/v2\/product_cat?post=9955"},{"taxonomy":"product_tag","embeddable":true,"href":"https:\/\/butterfly-editions.com\/index.php\/wp-json\/wp\/v2\/product_tag?post=9955"}],"curies":[{"name":"wp","href":"https:\/\/api.w.org\/{rel}","templated":true}]}}