{"id":9946,"date":"2025-01-28T15:46:25","date_gmt":"2025-01-28T14:46:25","guid":{"rendered":"https:\/\/butterfly-editions.com\/?post_type=product&#038;p=9946"},"modified":"2026-01-28T15:53:00","modified_gmt":"2026-01-28T14:53:00","slug":"supremes-interdits-integrale","status":"publish","type":"product","link":"https:\/\/butterfly-editions.com\/index.php\/produit\/supremes-interdits-integrale\/","title":{"rendered":"Nurse and die for you &#8211; Int\u00e9grale"},"content":{"rendered":"<div id=\"bookDescription_feature_div\" class=\"celwidget\" data-feature-name=\"bookDescription\" data-csa-c-type=\"widget\" data-csa-c-content-id=\"bookDescription\" data-csa-c-slot-id=\"bookDescription_feature_div\" data-csa-c-asin=\"\" data-csa-c-is-in-initial-active-row=\"false\" data-csa-c-id=\"wos0fv-hvogd6-vamwei-9ni6vw\" data-cel-widget=\"bookDescription_feature_div\">\n<div class=\"a-expander-collapsed-height a-row a-expander-container a-spacing-base a-expander-partial-collapse-container\" data-a-expander-name=\"book_description_expander\" data-a-expander-collapsed-height=\"280\">\n<div class=\"a-expander-content a-expander-partial-collapse-content\" data-expanded=\"false\">\n<p><span class=\"a-text-bold\">Leur amour sera-t-il leur force ou leur faiblesse ?<\/span><\/p>\n<p>&nbsp;<\/p>\n<p>Erine est une jeune femme plut\u00f4t discr\u00e8te, que la vie n\u2019a pas \u00e9pargn\u00e9e. Infirmi\u00e8re dans un h\u00f4pital londonien, elle semble \u00e9panouie. Fianc\u00e9e, un travail qu\u2019elle aime, elle a enfin r\u00e9ussi \u00e0 remettre sa vie sur pied.<\/p>\n<p>Mais ce matin-l\u00e0 va changer son existence \u00e0 tout jamais.<\/p>\n<p>IL va changer son existence.<\/p>\n<p>James, acteur mondialement connu, entour\u00e9 de fans, sillonnant la plan\u00e8te, va donner un autre sens au mot \u00ab vivre \u00bb.<\/p>\n<p>Leur diff\u00e9rence sera leur force.<\/p>\n<p>Un d\u00e9but de romance, un second souffle pour chacun d\u2019eux, mieux encore, une revanche sur le pass\u00e9.<\/p>\n<p>Seulement qu\u2019en est-il quand il resurgit et nous impose un choix ?<\/p>\n<p>Erine va en faire les frais. Ils vont se chercher, se d\u00e9couvrir, s\u2019aimer, se d\u00e9chirer.<\/p>\n<p>Et vous ? Que feriez-vous \u00e0 sa place ?<\/p>\n<\/div>\n<\/div>\n<\/div>\n<div id=\"hushpuppyUpsell_feature_div\" class=\"celwidget\" data-feature-name=\"hushpuppyUpsell\" data-csa-c-type=\"widget\" data-csa-c-content-id=\"hushpuppyUpsell\" data-csa-c-slot-id=\"hushpuppyUpsell_feature_div\" data-csa-c-asin=\"\" data-csa-c-is-in-initial-active-row=\"false\" data-csa-c-id=\"uqgeo7-idm1w5-4yqou7-9f81r9\" data-cel-widget=\"hushpuppyUpsell_feature_div\"><\/div>\n<div id=\"richProductInformation_feature_div\" class=\"celwidget\" data-feature-name=\"richProductInformation\" data-csa-c-type=\"widget\" data-csa-c-content-id=\"richProductInformation\" data-csa-c-slot-id=\"richProductInformation_feature_div\" data-csa-c-asin=\"\" data-csa-c-is-in-initial-active-row=\"false\" data-csa-c-id=\"t68t31-6mf6k9-belvka-nnp0ok\" data-cel-widget=\"richProductInformation_feature_div\">\n<div id=\"rich_product_information\" class=\"a-section a-spacing-none celwidget\" data-csa-c-id=\"x5oc4r-exypdq-yd2h5d-csc7r7\" data-cel-widget=\"rich_product_information\"><\/div>\n<\/div>\n","protected":false},"excerpt":{"rendered":"<p>Le temps passe et marque les \u00e2mes. Certains se perdent, d\u2019autres se trouvent. Calista, en abandonnant d\u00e9finitivement la Ferme, semble r\u00e9aliser les r\u00eaves qui n\u2019\u00e9taient plus r\u00e9ellement les siens dans son sublime appartement de la capitale.<br \/>\nSa famille, oubli\u00e9e. Ses amis, oubli\u00e9s. Basile, son ami, son amant, son amour, son sang, oubli\u00e9.<br \/>\nLa page est d\u00e9finitivement tourn\u00e9e. \u00c0 moins que le destin d\u00e9cide de s\u2019en m\u00ealer une toute derni\u00e8re fois.<br \/>\nIl suffit parfois d\u2019un malheureux concours de circonstances pour ramener \u00e0 la vie les fant\u00f4mes du pass\u00e9 et les c\u0153urs meurtris&#8230;<\/p>\n","protected":false},"featured_media":9954,"comment_status":"open","ping_status":"closed","template":"","meta":{"_acf_changed":false,"content-type":""},"product_brand":[],"product_cat":[461],"product_tag":[],"class_list":{"0":"post-9946","1":"product","2":"type-product","3":"status-publish","4":"has-post-thumbnail","6":"product_cat-romance-contemporaine","8":"first","9":"instock","10":"downloadable","11":"virtual","12":"sold-individually","13":"taxable","14":"purchasable","15":"product-type-simple"},"acf":{"auteur":"MadiLie V.","date_parution":"20190603","bestseller":false,"librairie":false},"aioseo_notices":[],"_links":{"self":[{"href":"https:\/\/butterfly-editions.com\/index.php\/wp-json\/wp\/v2\/product\/9946","targetHints":{"allow":["GET"]}}],"collection":[{"href":"https:\/\/butterfly-editions.com\/index.php\/wp-json\/wp\/v2\/product"}],"about":[{"href":"https:\/\/butterfly-editions.com\/index.php\/wp-json\/wp\/v2\/types\/product"}],"replies":[{"embeddable":true,"href":"https:\/\/butterfly-editions.com\/index.php\/wp-json\/wp\/v2\/comments?post=9946"}],"wp:featuredmedia":[{"embeddable":true,"href":"https:\/\/butterfly-editions.com\/index.php\/wp-json\/wp\/v2\/media\/9954"}],"wp:attachment":[{"href":"https:\/\/butterfly-editions.com\/index.php\/wp-json\/wp\/v2\/media?parent=9946"}],"wp:term":[{"taxonomy":"product_brand","embeddable":true,"href":"https:\/\/butterfly-editions.com\/index.php\/wp-json\/wp\/v2\/product_brand?post=9946"},{"taxonomy":"product_cat","embeddable":true,"href":"https:\/\/butterfly-editions.com\/index.php\/wp-json\/wp\/v2\/product_cat?post=9946"},{"taxonomy":"product_tag","embeddable":true,"href":"https:\/\/butterfly-editions.com\/index.php\/wp-json\/wp\/v2\/product_tag?post=9946"}],"curies":[{"name":"wp","href":"https:\/\/api.w.org\/{rel}","templated":true}]}}