{"id":9911,"date":"2024-01-28T14:45:30","date_gmt":"2024-01-28T13:45:30","guid":{"rendered":"https:\/\/butterfly-editions.com\/?post_type=product&#038;p=9911"},"modified":"2026-01-28T14:49:11","modified_gmt":"2026-01-28T13:49:11","slug":"obsession-integrale","status":"publish","type":"product","link":"https:\/\/butterfly-editions.com\/index.php\/produit\/obsession-integrale\/","title":{"rendered":"Obsession &#8211; Int\u00e9grale"},"content":{"rendered":"<div id=\"bookDescription_feature_div\" class=\"celwidget\" data-feature-name=\"bookDescription\" data-csa-c-type=\"widget\" data-csa-c-content-id=\"bookDescription\" data-csa-c-slot-id=\"bookDescription_feature_div\" data-csa-c-asin=\"\" data-csa-c-is-in-initial-active-row=\"false\" data-csa-c-id=\"nddg17-vc10qt-fa7k9-wf257u\" data-cel-widget=\"bookDescription_feature_div\">\n<div class=\"a-expander-collapsed-height a-row a-expander-container a-spacing-base a-expander-partial-collapse-container\" data-a-expander-name=\"book_description_expander\" data-a-expander-collapsed-height=\"280\">\n<div class=\"a-expander-content a-expander-partial-collapse-content\" data-expanded=\"false\">\n<p><span class=\"a-text-bold\">Ethan et Elena, une romance m\u00ealant passion et interdit.<\/span><\/p>\n<p><span class=\"a-text-bold\">Et si toute leur existence n&rsquo;\u00e9tait qu&rsquo;un vaste mensonge ?<\/span><\/p>\n<p>&nbsp;<\/p>\n<p>Comment Elena Scott aurait pu penser qu\u2019un simple casting propos\u00e9 au sein de sa facult\u00e9 de droit allait changer le cours de son existence ?<\/p>\n<p>D\u00e8s qu\u2019elle apprend qu\u2019elle a \u00e9t\u00e9 retenue pour camper le r\u00f4le principal de ce film pr\u00e9vu au box-office, ses certitudes s\u2019envolent. Malgr\u00e9 des parents protecteurs et un petit-ami qu\u2019elle pense aimer passionn\u00e9ment, elle d\u00e9cide de laisser tomber ses \u00e9tudes qui ne l\u2019int\u00e9ressent pas et de se lancer dans l\u2019inconnu.<br \/>\nCette exp\u00e9rience va changer sa vie. Mais pas seulement&#8230; Lui, Ethan Stinson s\u2019appr\u00eate \u00e0 la bouleverser dans tous les sens du terme&#8230;<br \/>\nQuelque chose d\u2019ind\u00e9finissable l\u2019attire en lui&#8230; Mais qui se cache derri\u00e8re cet acteur connu et reconnu mondialement ? Sa beaut\u00e9 n\u2019est-elle que le reflet de l\u2019attirance qu\u2019il lui inspire ? Ou cela va-t-il plus loin que ses croyances et ses certitudes ?<br \/>\nEntre Paris, New York et Lisbonne, entre appr\u00e9hensions, mensonges et trahisons, la passion prendra-t-elle le dessus ?<br \/>\nLes douloureux d\u00e9mons du pass\u00e9 qu\u2019Ethan tente de dissimuler risquent-ils de venir les hanter ?<br \/>\nUne chose est s\u00fbre. Leur rencontre va les bouleverser bien plus qu\u2019ils ne se l\u2019imaginaient&#8230; Et si, au fond, leur vie n\u2019\u00e9tait qu\u2019un vaste mensonge ?<\/p>\n<\/div>\n<\/div>\n<\/div>\n","protected":false},"excerpt":{"rendered":"<p>Ethan et Elena, une romance m\u00ealant passion et interdit. Et si toute leur existence n&rsquo;\u00e9tait qu&rsquo;un vaste mensonge ? &nbsp; Comment Elena Scott aurait pu penser qu\u2019un simple casting propos\u00e9 au sein de sa facult\u00e9 de droit allait changer le cours de son existence ? D\u00e8s qu\u2019elle apprend qu\u2019elle a \u00e9t\u00e9 retenue pour camper le [&hellip;]<\/p>\n","protected":false},"featured_media":9916,"comment_status":"open","ping_status":"closed","template":"","meta":{"_acf_changed":false,"content-type":""},"product_brand":[],"product_cat":[461],"product_tag":[],"class_list":{"0":"post-9911","1":"product","2":"type-product","3":"status-publish","4":"has-post-thumbnail","6":"product_cat-romance-contemporaine","8":"first","9":"instock","10":"downloadable","11":"virtual","12":"taxable","13":"purchasable","14":"product-type-simple"},"acf":{"auteur":"Anna Santos","date_parution":"20190121","bestseller":false,"librairie":false},"aioseo_notices":[],"_links":{"self":[{"href":"https:\/\/butterfly-editions.com\/index.php\/wp-json\/wp\/v2\/product\/9911","targetHints":{"allow":["GET"]}}],"collection":[{"href":"https:\/\/butterfly-editions.com\/index.php\/wp-json\/wp\/v2\/product"}],"about":[{"href":"https:\/\/butterfly-editions.com\/index.php\/wp-json\/wp\/v2\/types\/product"}],"replies":[{"embeddable":true,"href":"https:\/\/butterfly-editions.com\/index.php\/wp-json\/wp\/v2\/comments?post=9911"}],"wp:featuredmedia":[{"embeddable":true,"href":"https:\/\/butterfly-editions.com\/index.php\/wp-json\/wp\/v2\/media\/9916"}],"wp:attachment":[{"href":"https:\/\/butterfly-editions.com\/index.php\/wp-json\/wp\/v2\/media?parent=9911"}],"wp:term":[{"taxonomy":"product_brand","embeddable":true,"href":"https:\/\/butterfly-editions.com\/index.php\/wp-json\/wp\/v2\/product_brand?post=9911"},{"taxonomy":"product_cat","embeddable":true,"href":"https:\/\/butterfly-editions.com\/index.php\/wp-json\/wp\/v2\/product_cat?post=9911"},{"taxonomy":"product_tag","embeddable":true,"href":"https:\/\/butterfly-editions.com\/index.php\/wp-json\/wp\/v2\/product_tag?post=9911"}],"curies":[{"name":"wp","href":"https:\/\/api.w.org\/{rel}","templated":true}]}}