{"id":9865,"date":"2023-01-28T12:07:09","date_gmt":"2023-01-28T11:07:09","guid":{"rendered":"https:\/\/butterfly-editions.com\/?post_type=product&#038;p=9865"},"modified":"2026-01-28T12:10:10","modified_gmt":"2026-01-28T11:10:10","slug":"ashes-of-love","status":"publish","type":"product","link":"https:\/\/butterfly-editions.com\/index.php\/produit\/ashes-of-love\/","title":{"rendered":"Ashes Of Love"},"content":{"rendered":"<div id=\"bookDescription_feature_div\" class=\"celwidget\" data-feature-name=\"bookDescription\" data-csa-c-type=\"widget\" data-csa-c-content-id=\"bookDescription\" data-csa-c-slot-id=\"bookDescription_feature_div\" data-csa-c-asin=\"2376526744\" data-csa-c-is-in-initial-active-row=\"false\" data-cel-widget=\"bookDescription_feature_div\" data-csa-c-id=\"i6g10k-6vzbcf-nzi1r5-9w9rad\">\n<div class=\"a-expander-collapsed-height a-row a-expander-container a-spacing-base a-expander-partial-collapse-container\" data-a-expander-name=\"book_description_expander\" data-a-expander-collapsed-height=\"280\">\n<div class=\"a-expander-content a-expander-partial-collapse-content\" data-expanded=\"false\">Apr\u00e8s avoir perdu son petit ami dans un incendie, Bille est pr\u00eate \u00e0 tout pour d\u00e9couvrir ce qu&rsquo;il s&rsquo;est r\u00e9ellement pass\u00e9 cette nuit-l\u00e0. Quitte \u00e0 s&rsquo;engager au FBI afin de pouvoir creuser davantage, incognito, sans \u00e9veiller de soup\u00e7ons. Nathanael Fitzgerald travaille depuis quelques ann\u00e9es au FBI. Mut\u00e9 \u00e0 New York, son sup\u00e9rieur lui confie une mission sp\u00e9ciale. Se rapprocher de sa partenaire, Billie Palmer, pour \u00e9pier ses moindres faits et gestes. S&rsquo;il pense la t\u00e2che ais\u00e9e, ce n&rsquo;est sans compter le caract\u00e8re de la jeune femme qui est bien d\u00e9cid\u00e9e \u00e0 \u00e9loigner quiconque s&rsquo;approcherait d&rsquo;elle de trop pr\u00e8s. Et encore plus un homme. Mais ce dernier n&rsquo;a pas dit son dernier mot et compte bien la repousser dans ses retranchements. Co\u00fbte que co\u00fbte. Quand les sentiments s&rsquo;en m\u00ealent, jusqu&rsquo;o\u00f9 seront-ils pr\u00eats \u00e0 aller ? Et si le pire \u00e9tait \u00e0 venir ?<\/div>\n<\/div>\n<\/div>\n<div id=\"globalStoreInfoBullets_feature_div\" class=\"celwidget\" data-feature-name=\"globalStoreInfoBullets\" data-csa-c-type=\"widget\" data-csa-c-content-id=\"globalStoreInfoBullets\" data-csa-c-slot-id=\"globalStoreInfoBullets_feature_div\" data-csa-c-asin=\"2376526744\" data-csa-c-is-in-initial-active-row=\"false\" data-cel-widget=\"globalStoreInfoBullets_feature_div\" data-csa-c-id=\"ycqzte-tavlhr-nrbwbm-kansql\"><\/div>\n<div id=\"buyingOptionNostosBadge_feature_div\" class=\"celwidget\" data-feature-name=\"buyingOptionNostosBadge\" data-csa-c-type=\"widget\" data-csa-c-content-id=\"buyingOptionNostosBadge\" data-csa-c-slot-id=\"buyingOptionNostosBadge_feature_div\" data-csa-c-asin=\"2376526744\" data-csa-c-is-in-initial-active-row=\"false\" data-cel-widget=\"buyingOptionNostosBadge_feature_div\" data-csa-c-id=\"nzizmz-whxj6l-f6qh5l-5yjrqn\"><\/div>\n<div id=\"tellAmazon_feature_div\" class=\"celwidget\" data-feature-name=\"tellAmazon\" data-csa-c-type=\"widget\" data-csa-c-content-id=\"tellAmazon\" data-csa-c-slot-id=\"tellAmazon_feature_div\" data-csa-c-asin=\"2376526744\" data-csa-c-is-in-initial-active-row=\"false\" data-cel-widget=\"tellAmazon_feature_div\" data-csa-c-id=\"z4kbwk-byu1rx-xzi791-o53d2y\">\n<div class=\"celwidget c-f\" data-csa-op-log-render=\"\" data-csa-c-content-id=\"DsUnknown\" data-csa-c-slot-id=\"DsUnknown-5\" data-csa-c-type=\"widget\" data-csa-c-painter=\"tell-amazon-desktop-cards\" data-cel-widget=\"tell-amazon-desktop_DetailPage_4\" data-csa-c-id=\"o7il3m-6ir4wb-pdrgo4-tbmqba\">\n<div id=\"CardInstance7TlulbXAqi0kl5tbD2gm9w\" data-card-metrics-id=\"tell-amazon-desktop_DetailPage_4\" data-acp-tracking=\"{}\" data-mix-claimed=\"true\">\n<div class=\"_tell-amazon-desktop_style_tell_amazon_div__1YDZk\" data-asin=\"2376526744\" data-customer-id=\"A2SIE7O22HJCEX\" data-marketplace=\"A13V1IB3VIYZZH\" data-session-id=\"520-0511283-1380325\" data-logged-in=\"true\"><\/div>\n<\/div>\n<\/div>\n<\/div>\n","protected":false},"excerpt":{"rendered":"<p>Apr\u00e8s avoir perdu son petit ami dans un incendie, Bille est pr\u00eate \u00e0 tout pour d\u00e9couvrir ce qu&rsquo;il s&rsquo;est r\u00e9ellement pass\u00e9 cette nuit-l\u00e0. Quitte \u00e0 s&rsquo;engager au FBI afin de pouvoir creuser davantage, incognito, sans \u00e9veiller de soup\u00e7ons. Nathanael Fitzgerald travaille depuis quelques ann\u00e9es au FBI. Mut\u00e9 \u00e0 New York, son sup\u00e9rieur lui confie une [&hellip;]<\/p>\n","protected":false},"featured_media":9869,"comment_status":"open","ping_status":"closed","template":"","meta":{"_acf_changed":false,"content-type":""},"product_brand":[],"product_cat":[461],"product_tag":[],"class_list":{"0":"post-9865","1":"product","2":"type-product","3":"status-publish","4":"has-post-thumbnail","6":"product_cat-romance-contemporaine","8":"first","9":"instock","10":"taxable","11":"shipping-taxable","12":"purchasable","13":"product-type-variable"},"acf":{"auteur":"Mel D. ","date_parution":"20230308","bestseller":false,"librairie":false},"aioseo_notices":[],"_links":{"self":[{"href":"https:\/\/butterfly-editions.com\/index.php\/wp-json\/wp\/v2\/product\/9865","targetHints":{"allow":["GET"]}}],"collection":[{"href":"https:\/\/butterfly-editions.com\/index.php\/wp-json\/wp\/v2\/product"}],"about":[{"href":"https:\/\/butterfly-editions.com\/index.php\/wp-json\/wp\/v2\/types\/product"}],"replies":[{"embeddable":true,"href":"https:\/\/butterfly-editions.com\/index.php\/wp-json\/wp\/v2\/comments?post=9865"}],"wp:featuredmedia":[{"embeddable":true,"href":"https:\/\/butterfly-editions.com\/index.php\/wp-json\/wp\/v2\/media\/9869"}],"wp:attachment":[{"href":"https:\/\/butterfly-editions.com\/index.php\/wp-json\/wp\/v2\/media?parent=9865"}],"wp:term":[{"taxonomy":"product_brand","embeddable":true,"href":"https:\/\/butterfly-editions.com\/index.php\/wp-json\/wp\/v2\/product_brand?post=9865"},{"taxonomy":"product_cat","embeddable":true,"href":"https:\/\/butterfly-editions.com\/index.php\/wp-json\/wp\/v2\/product_cat?post=9865"},{"taxonomy":"product_tag","embeddable":true,"href":"https:\/\/butterfly-editions.com\/index.php\/wp-json\/wp\/v2\/product_tag?post=9865"}],"curies":[{"name":"wp","href":"https:\/\/api.w.org\/{rel}","templated":true}]}}