{"id":9703,"date":"2020-01-27T13:15:30","date_gmt":"2020-01-27T12:15:30","guid":{"rendered":"https:\/\/butterfly-editions.com\/?post_type=product&#038;p=9703"},"modified":"2026-01-27T13:20:57","modified_gmt":"2026-01-27T12:20:57","slug":"hearts","status":"publish","type":"product","link":"https:\/\/butterfly-editions.com\/index.php\/produit\/hearts\/","title":{"rendered":"Hearts"},"content":{"rendered":"<p>L\u00e9a avait un seul objectif \u00e0 atteindre pendant ses vacances, devenir \u00e9blouissante pour plaire \u00e0 un gar\u00e7on de son lyc\u00e9e, la rentr\u00e9e prochaine.<\/p>\n<p>Mais lorsque le destin s&rsquo;en m\u00eale, toutes les cartes sont redistribu\u00e9es.<\/p>\n<p>Entre coup de foudre et amiti\u00e9 trompeuse, tout ne sera pas toujours simple&#8230;<\/p>\n","protected":false},"excerpt":{"rendered":"<p>L\u00e9a avait un seul objectif \u00e0 atteindre pendant ses vacances, devenir \u00e9blouissante pour plaire \u00e0 un gar\u00e7on de son lyc\u00e9e, la rentr\u00e9e prochaine. Mais lorsque le destin s&rsquo;en m\u00eale, toutes les cartes sont redistribu\u00e9es. Entre coup de foudre et amiti\u00e9 trompeuse, tout ne sera pas toujours simple&#8230;<\/p>\n","protected":false},"featured_media":9708,"comment_status":"open","ping_status":"closed","template":"","meta":{"_acf_changed":false,"content-type":""},"product_brand":[],"product_cat":[462],"product_tag":[522,493],"class_list":{"0":"post-9703","1":"product","2":"type-product","3":"status-publish","4":"has-post-thumbnail","6":"product_cat-young-adult","7":"product_tag-amour-de-jeunesse","8":"product_tag-bad-boy","10":"first","11":"instock","12":"taxable","13":"shipping-taxable","14":"purchasable","15":"product-type-variable"},"acf":{"auteur":"Sweetie Ly","date_parution":"20170712","bestseller":false,"librairie":false},"aioseo_notices":[],"_links":{"self":[{"href":"https:\/\/butterfly-editions.com\/index.php\/wp-json\/wp\/v2\/product\/9703","targetHints":{"allow":["GET"]}}],"collection":[{"href":"https:\/\/butterfly-editions.com\/index.php\/wp-json\/wp\/v2\/product"}],"about":[{"href":"https:\/\/butterfly-editions.com\/index.php\/wp-json\/wp\/v2\/types\/product"}],"replies":[{"embeddable":true,"href":"https:\/\/butterfly-editions.com\/index.php\/wp-json\/wp\/v2\/comments?post=9703"}],"wp:featuredmedia":[{"embeddable":true,"href":"https:\/\/butterfly-editions.com\/index.php\/wp-json\/wp\/v2\/media\/9708"}],"wp:attachment":[{"href":"https:\/\/butterfly-editions.com\/index.php\/wp-json\/wp\/v2\/media?parent=9703"}],"wp:term":[{"taxonomy":"product_brand","embeddable":true,"href":"https:\/\/butterfly-editions.com\/index.php\/wp-json\/wp\/v2\/product_brand?post=9703"},{"taxonomy":"product_cat","embeddable":true,"href":"https:\/\/butterfly-editions.com\/index.php\/wp-json\/wp\/v2\/product_cat?post=9703"},{"taxonomy":"product_tag","embeddable":true,"href":"https:\/\/butterfly-editions.com\/index.php\/wp-json\/wp\/v2\/product_tag?post=9703"}],"curies":[{"name":"wp","href":"https:\/\/api.w.org\/{rel}","templated":true}]}}