{"id":9633,"date":"2022-01-26T22:54:08","date_gmt":"2022-01-26T21:54:08","guid":{"rendered":"https:\/\/butterfly-editions.com\/?post_type=product&#038;p=9633"},"modified":"2026-01-26T22:56:07","modified_gmt":"2026-01-26T21:56:07","slug":"love-box-2","status":"publish","type":"product","link":"https:\/\/butterfly-editions.com\/index.php\/produit\/love-box-2\/","title":{"rendered":"Love Box"},"content":{"rendered":"<div id=\"bookDescription_feature_div\" class=\"celwidget\" data-feature-name=\"bookDescription\" data-csa-c-type=\"widget\" data-csa-c-content-id=\"bookDescription\" data-csa-c-slot-id=\"bookDescription_feature_div\" data-csa-c-asin=\"2376520789\" data-csa-c-is-in-initial-active-row=\"false\" data-csa-c-id=\"e50wim-7kc39n-xqgj6g-tnvtuk\">\n<div class=\"a-expander-collapsed-height a-row a-expander-container a-spacing-base a-expander-partial-collapse-container\" data-a-expander-name=\"book_description_expander\" data-a-expander-collapsed-height=\"280\">\n<div class=\"a-expander-content a-expander-partial-collapse-content\" data-expanded=\"false\"><strong><span class=\"a-text-bold\">Une bo\u00eete. Un v\u0153u. Autant de secrets.<\/span><\/strong><br \/>\n<strong><span class=\"a-text-bold\">Qu&rsquo;en est-il lorsque le souhait de plus fou de Sara d\u00e9pend de la bonne volont\u00e9 d&rsquo;un inconnu aussi troublant que sexy ?<\/span><\/strong>Alors que sa vie avait pris un tournant inattendu peu apr\u00e8s sa majorit\u00e9, les deux amies de la jeune femme d\u00e9cident, sept ans plus tard, de la forcer \u00e0 renfiler ses baskets pour r\u00e9aliser son r\u00eave ultime, la comp\u00e9tition de haut niveau.<br \/>\nL&rsquo;existence de Sam bat au rythme de ses espoirs sportifs les plus fous. Pr\u00eat \u00e0 tout pour remporter la victoire, son entra\u00eeneur d\u00e9cide alors de lui imposer une nouvelle partenaire. Sara.<\/p>\n<p><em>Un regard et elle est attir\u00e9e.<\/em><br \/>\n<em>Un regard et il prend ses distances.<\/em><br \/>\n<em>Un regard et leurs deux vies seront chamboul\u00e9es \u00e0 tout jamais.<\/em><\/p>\n<\/div>\n<\/div>\n<\/div>\n<div id=\"globalStoreInfoBullets_feature_div\" class=\"celwidget\" data-feature-name=\"globalStoreInfoBullets\" data-csa-c-type=\"widget\" data-csa-c-content-id=\"globalStoreInfoBullets\" data-csa-c-slot-id=\"globalStoreInfoBullets_feature_div\" data-csa-c-asin=\"2376520789\" data-csa-c-is-in-initial-active-row=\"false\" data-csa-c-id=\"qwmvmm-2jwg3p-rrpaem-ms2c1s\"><\/div>\n<div id=\"buyingOptionNostosBadge_feature_div\" class=\"celwidget\" data-feature-name=\"buyingOptionNostosBadge\" data-csa-c-type=\"widget\" data-csa-c-content-id=\"buyingOptionNostosBadge\" data-csa-c-slot-id=\"buyingOptionNostosBadge_feature_div\" data-csa-c-asin=\"2376520789\" data-csa-c-is-in-initial-active-row=\"false\" data-csa-c-id=\"vn9g1d-8txy2g-pdivak-n23982\"><\/div>\n<div id=\"tellAmazon_feature_div\" class=\"celwidget\" data-feature-name=\"tellAmazon\" data-csa-c-type=\"widget\" data-csa-c-content-id=\"tellAmazon\" data-csa-c-slot-id=\"tellAmazon_feature_div\" data-csa-c-asin=\"2376520789\" data-csa-c-is-in-initial-active-row=\"false\" data-csa-c-id=\"ttwcmf-ly4m7g-bktsa3-ker1be\">\n<div class=\"celwidget c-f\" data-csa-op-log-render=\"\" data-csa-c-content-id=\"DsUnknown\" data-csa-c-slot-id=\"DsUnknown-9\" data-csa-c-type=\"widget\" data-csa-c-painter=\"tell-amazon-desktop-cards\" data-csa-c-id=\"dgiwoa-8tvhq6-60rut0-qnsxm4\">\n<div id=\"CardInstanceiX2Km4_8gKjick9Vk7jn7A\" data-card-metrics-id=\"tell-amazon-desktop_DetailPage_8\" data-acp-tracking=\"{}\" data-mix-claimed=\"true\">\n<div class=\"_tell-amazon-desktop_style_tell_amazon_div__1YDZk\" data-asin=\"2376520789\" data-customer-id=\"A2SIE7O22HJCEX\" data-marketplace=\"A13V1IB3VIYZZH\" data-session-id=\"520-0511283-1380325\" data-logged-in=\"true\"><\/div>\n<\/div>\n<\/div>\n<\/div>\n","protected":false},"excerpt":{"rendered":"<p>Une bo\u00eete. Un v\u0153u. Autant de secrets. Qu&rsquo;en est-il lorsque le souhait de plus fou de Sara d\u00e9pend de la bonne volont\u00e9 d&rsquo;un inconnu aussi troublant que sexy ?Alors que sa vie avait pris un tournant inattendu peu apr\u00e8s sa majorit\u00e9, les deux amies de la jeune femme d\u00e9cident, sept ans plus tard, de la [&hellip;]<\/p>\n","protected":false},"featured_media":9627,"comment_status":"open","ping_status":"closed","template":"","meta":{"_acf_changed":false,"content-type":""},"product_brand":[],"product_cat":[461],"product_tag":[493,490,474,497],"class_list":{"0":"post-9633","1":"product","2":"type-product","3":"status-publish","4":"has-post-thumbnail","6":"product_cat-romance-contemporaine","7":"product_tag-bad-boy","8":"product_tag-passion","9":"product_tag-secrets","10":"product_tag-suspense","12":"first","13":"instock","14":"sold-individually","15":"taxable","16":"shipping-taxable","17":"purchasable","18":"product-type-variable"},"acf":{"auteur":"Juliette Mey","date_parution":"20170429","bestseller":true,"librairie":false},"aioseo_notices":[],"_links":{"self":[{"href":"https:\/\/butterfly-editions.com\/index.php\/wp-json\/wp\/v2\/product\/9633","targetHints":{"allow":["GET"]}}],"collection":[{"href":"https:\/\/butterfly-editions.com\/index.php\/wp-json\/wp\/v2\/product"}],"about":[{"href":"https:\/\/butterfly-editions.com\/index.php\/wp-json\/wp\/v2\/types\/product"}],"replies":[{"embeddable":true,"href":"https:\/\/butterfly-editions.com\/index.php\/wp-json\/wp\/v2\/comments?post=9633"}],"wp:featuredmedia":[{"embeddable":true,"href":"https:\/\/butterfly-editions.com\/index.php\/wp-json\/wp\/v2\/media\/9627"}],"wp:attachment":[{"href":"https:\/\/butterfly-editions.com\/index.php\/wp-json\/wp\/v2\/media?parent=9633"}],"wp:term":[{"taxonomy":"product_brand","embeddable":true,"href":"https:\/\/butterfly-editions.com\/index.php\/wp-json\/wp\/v2\/product_brand?post=9633"},{"taxonomy":"product_cat","embeddable":true,"href":"https:\/\/butterfly-editions.com\/index.php\/wp-json\/wp\/v2\/product_cat?post=9633"},{"taxonomy":"product_tag","embeddable":true,"href":"https:\/\/butterfly-editions.com\/index.php\/wp-json\/wp\/v2\/product_tag?post=9633"}],"curies":[{"name":"wp","href":"https:\/\/api.w.org\/{rel}","templated":true}]}}