{"id":9618,"date":"2019-01-26T22:38:35","date_gmt":"2019-01-26T21:38:35","guid":{"rendered":"https:\/\/butterfly-editions.com\/?post_type=product&#038;p=9618"},"modified":"2026-01-26T22:42:25","modified_gmt":"2026-01-26T21:42:25","slug":"up-and-down-celia","status":"publish","type":"product","link":"https:\/\/butterfly-editions.com\/index.php\/produit\/up-and-down-celia\/","title":{"rendered":"Up And Down &#8211; C\u00e9lia"},"content":{"rendered":"<p>C\u00e9lia et Bruno se connaissent depuis le lyc\u00e9e.<br \/>\nLe jour de ses dix-huit ans, la jeune fille d\u00e9cide de les f\u00eater d&rsquo;une fa\u00e7on tr\u00e8s particuli\u00e8re&#8230; en compagnie de ce gar\u00e7on qui la fait r\u00eaver et chavirer depuis tant de mois.<br \/>\nCe qu&rsquo;elle ne sait pas, c&rsquo;est que la nuit qu&rsquo;elle s&rsquo;appr\u00eate \u00e0 vivre va faire de sa vie un enfer sur Terre.<br \/>\nElle gardera le secret de son traumatisme pendant des ann\u00e9es, m\u00fbrissant peu \u00e0 peu sa vengeance.<\/p>\n<p>Mais lorsque celle-ci arrive enfin, elle ne se sent pas soulag\u00e9e pour autant. Quelques ann\u00e9es plus tard, elle fera tout pour retrouver cet homme, musicien reconnu du groupe \u00e0 succ\u00e8s Up and down. Se sentant li\u00e9e \u00e0 lui bien plus qu&rsquo;elle n&rsquo;ose l&rsquo;admettre, elle le d\u00e9couvrira sous un nouveau jour qui mettra \u00e0 mal ses certitudes.<\/p>\n<p>Comment Bruno r\u00e9agira-t-il suite au retour de C\u00e9lia dans sa vie ?<br \/>\nLa jeune femme lui donnera-t-elle ce qu&rsquo;il attend depuis tant d&rsquo;ann\u00e9es ?<br \/>\nLeur secret remontera-t-il \u00e0 la surface pour les d\u00e9vaster ou scellera-t-il les bases d&rsquo;une nouvelle histoire ?<\/p>\n","protected":false},"excerpt":{"rendered":"<p>C\u00e9lia et Bruno se connaissent depuis le lyc\u00e9e. Le jour de ses dix-huit ans, la jeune fille d\u00e9cide de les f\u00eater d&rsquo;une fa\u00e7on tr\u00e8s particuli\u00e8re&#8230; en compagnie de ce gar\u00e7on qui la fait r\u00eaver et chavirer depuis tant de mois. Ce qu&rsquo;elle ne sait pas, c&rsquo;est que la nuit qu&rsquo;elle s&rsquo;appr\u00eate \u00e0 vivre va faire [&hellip;]<\/p>\n","protected":false},"featured_media":9622,"comment_status":"open","ping_status":"closed","template":"","meta":{"_acf_changed":false,"content-type":""},"product_brand":[],"product_cat":[461],"product_tag":[493,490,474,508,497],"class_list":{"0":"post-9618","1":"product","2":"type-product","3":"status-publish","4":"has-post-thumbnail","6":"product_cat-romance-contemporaine","7":"product_tag-bad-boy","8":"product_tag-passion","9":"product_tag-secrets","10":"product_tag-star","11":"product_tag-suspense","13":"first","14":"instock","15":"sold-individually","16":"taxable","17":"shipping-taxable","18":"purchasable","19":"product-type-variable"},"acf":{"auteur":"Juliette Mey","date_parution":"20160819","bestseller":true,"librairie":false},"aioseo_notices":[],"_links":{"self":[{"href":"https:\/\/butterfly-editions.com\/index.php\/wp-json\/wp\/v2\/product\/9618","targetHints":{"allow":["GET"]}}],"collection":[{"href":"https:\/\/butterfly-editions.com\/index.php\/wp-json\/wp\/v2\/product"}],"about":[{"href":"https:\/\/butterfly-editions.com\/index.php\/wp-json\/wp\/v2\/types\/product"}],"replies":[{"embeddable":true,"href":"https:\/\/butterfly-editions.com\/index.php\/wp-json\/wp\/v2\/comments?post=9618"}],"wp:featuredmedia":[{"embeddable":true,"href":"https:\/\/butterfly-editions.com\/index.php\/wp-json\/wp\/v2\/media\/9622"}],"wp:attachment":[{"href":"https:\/\/butterfly-editions.com\/index.php\/wp-json\/wp\/v2\/media?parent=9618"}],"wp:term":[{"taxonomy":"product_brand","embeddable":true,"href":"https:\/\/butterfly-editions.com\/index.php\/wp-json\/wp\/v2\/product_brand?post=9618"},{"taxonomy":"product_cat","embeddable":true,"href":"https:\/\/butterfly-editions.com\/index.php\/wp-json\/wp\/v2\/product_cat?post=9618"},{"taxonomy":"product_tag","embeddable":true,"href":"https:\/\/butterfly-editions.com\/index.php\/wp-json\/wp\/v2\/product_tag?post=9618"}],"curies":[{"name":"wp","href":"https:\/\/api.w.org\/{rel}","templated":true}]}}