{"id":9613,"date":"2019-01-26T22:21:45","date_gmt":"2019-01-26T21:21:45","guid":{"rendered":"https:\/\/butterfly-editions.com\/?post_type=product&#038;p=9613"},"modified":"2026-01-26T22:31:57","modified_gmt":"2026-01-26T21:31:57","slug":"up-and-down-paul","status":"publish","type":"product","link":"https:\/\/butterfly-editions.com\/index.php\/produit\/up-and-down-paul\/","title":{"rendered":"Up And Down &#8211; Paul"},"content":{"rendered":"<p>Cela fait bien longtemps que j&rsquo;ai cess\u00e9 de croire \u00e0 la magie des f\u00eates. Pourtant, cette ann\u00e9e, j&rsquo;\u00e9prouve un dr\u00f4le de pressentiment. Comme si un miracle de No\u00ebl m&rsquo;attendait l\u00e0-bas, dans mon ancienne vie&#8230; Comme si une force inconnue me poussait \u00e0 y retourner pour v\u00e9rifier par moi-m\u00eame si mon instinct me trompe ou non.<br \/>\nC\u2019est pour cette raison que je me d\u00e9cide, sans rien dire \u00e0 personne, de quitter mes amis et Paris pour rejoindre mes parents \u00e0 Marseille, une semaine avant le r\u00e9veillon.<br \/>\nA peine arriv\u00e9, je comprends que quelque chose cloche, mais surtout que quelque chose va bouleverser mon existence \u00e0 tout jamais.<br \/>\nOu plut\u00f4t quelqu\u2019un&#8230;<\/p>\n","protected":false},"excerpt":{"rendered":"<p>Cela fait bien longtemps que j&rsquo;ai cess\u00e9 de croire \u00e0 la magie des f\u00eates. Pourtant, cette ann\u00e9e, j&rsquo;\u00e9prouve un dr\u00f4le de pressentiment. Comme si un miracle de No\u00ebl m&rsquo;attendait l\u00e0-bas, dans mon ancienne vie&#8230; Comme si une force inconnue me poussait \u00e0 y retourner pour v\u00e9rifier par moi-m\u00eame si mon instinct me trompe ou non. [&hellip;]<\/p>\n","protected":false},"featured_media":9616,"comment_status":"open","ping_status":"closed","template":"","meta":{"_acf_changed":false,"content-type":""},"product_brand":[],"product_cat":[461],"product_tag":[493,490,474,508,497],"class_list":{"0":"post-9613","1":"product","2":"type-product","3":"status-publish","4":"has-post-thumbnail","6":"product_cat-romance-contemporaine","7":"product_tag-bad-boy","8":"product_tag-passion","9":"product_tag-secrets","10":"product_tag-star","11":"product_tag-suspense","13":"first","14":"outofstock","15":"sold-individually","16":"taxable","17":"shipping-taxable","18":"purchasable","19":"product-type-variable"},"acf":{"auteur":"Juliette Mey","date_parution":"20170508","bestseller":false,"librairie":false},"aioseo_notices":[],"_links":{"self":[{"href":"https:\/\/butterfly-editions.com\/index.php\/wp-json\/wp\/v2\/product\/9613","targetHints":{"allow":["GET"]}}],"collection":[{"href":"https:\/\/butterfly-editions.com\/index.php\/wp-json\/wp\/v2\/product"}],"about":[{"href":"https:\/\/butterfly-editions.com\/index.php\/wp-json\/wp\/v2\/types\/product"}],"replies":[{"embeddable":true,"href":"https:\/\/butterfly-editions.com\/index.php\/wp-json\/wp\/v2\/comments?post=9613"}],"wp:featuredmedia":[{"embeddable":true,"href":"https:\/\/butterfly-editions.com\/index.php\/wp-json\/wp\/v2\/media\/9616"}],"wp:attachment":[{"href":"https:\/\/butterfly-editions.com\/index.php\/wp-json\/wp\/v2\/media?parent=9613"}],"wp:term":[{"taxonomy":"product_brand","embeddable":true,"href":"https:\/\/butterfly-editions.com\/index.php\/wp-json\/wp\/v2\/product_brand?post=9613"},{"taxonomy":"product_cat","embeddable":true,"href":"https:\/\/butterfly-editions.com\/index.php\/wp-json\/wp\/v2\/product_cat?post=9613"},{"taxonomy":"product_tag","embeddable":true,"href":"https:\/\/butterfly-editions.com\/index.php\/wp-json\/wp\/v2\/product_tag?post=9613"}],"curies":[{"name":"wp","href":"https:\/\/api.w.org\/{rel}","templated":true}]}}