{"id":9607,"date":"2019-01-26T22:16:27","date_gmt":"2019-01-26T21:16:27","guid":{"rendered":"https:\/\/butterfly-editions.com\/?post_type=product&#038;p=9607"},"modified":"2026-01-26T22:20:54","modified_gmt":"2026-01-26T21:20:54","slug":"up-and-down-entre-deux","status":"publish","type":"product","link":"https:\/\/butterfly-editions.com\/index.php\/produit\/up-and-down-entre-deux\/","title":{"rendered":"Up And Down &#8211; Entre Deux"},"content":{"rendered":"<p>Alex est un agent artistique emprunt\u00e9, travaillant d\u2019arrache-pied pour son ami Jared Tom, chanteur du c\u00e9l\u00e8bre groupe de rock \u00ab Up and down \u00bb.<br \/>\nJustine adore son travail de r\u00e9dactrice en chef d\u2019un c\u00e9l\u00e8bre magazine de mode. Son visage mutin et son caract\u00e8re bien tremp\u00e9 lui permettent de trouver sa place, quelle que soit la situation.<br \/>\nQuand elle rencontre Alex, malgr\u00e9 leurs diff\u00e9rences \u00e9videntes, elle est certaine de son choix. Ce sera lui et personne d\u2019autre. Mais cette douce moiti\u00e9 qu\u2019elle esp\u00e9rait rencontrer depuis tant d\u2019ann\u00e9es se r\u00e9v\u00e8le \u00eatre plus compliqu\u00e9e \u00e0 conqu\u00e9rir qu\u2019elle ne s\u2019y attendait.<br \/>\nMalgr\u00e9 un rapprochement \u00e9vident, il tente continuellement de s\u2019\u00e9loigner d\u2019elle. Pourtant lorsque tous deux sont s\u00e9lectionn\u00e9s pour participer \u00e0 la quinzaine des Olympiades professionnelles, elle esp\u00e8re que leur relation inconfortable aboutira \u00e0 quelque chose de&#8230; nouveau.<br \/>\nCes deux semaines marqueront un tournant dans leur histoire jusqu\u2019\u00e0 les pousser dans leurs pires retranchements.<\/p>\n<p>Loin de leur quotidien, qui sont-ils v\u00e9ritablement l\u2019un pour l\u2019autre ? Que recherchent-ils ? Mais surtout, quelle est la secr\u00e8te raison qui pousse Alex \u00e0 s\u2019\u00e9loigner de Justine alors qu\u2019elle semble pr\u00eate \u00e0 tout pour lui ?<br \/>\nLes apparences seraient-elles si trompeuses ?<\/p>\n","protected":false},"excerpt":{"rendered":"<p>Alex est un agent artistique emprunt\u00e9, travaillant d\u2019arrache-pied pour son ami Jared Tom, chanteur du c\u00e9l\u00e8bre groupe de rock \u00ab Up and down \u00bb. Justine adore son travail de r\u00e9dactrice en chef d\u2019un c\u00e9l\u00e8bre magazine de mode. Son visage mutin et son caract\u00e8re bien tremp\u00e9 lui permettent de trouver sa place, quelle que soit la [&hellip;]<\/p>\n","protected":false},"featured_media":9612,"comment_status":"open","ping_status":"closed","template":"","meta":{"_acf_changed":false,"content-type":""},"product_brand":[],"product_cat":[461],"product_tag":[493,490,474,508,497],"class_list":{"0":"post-9607","1":"product","2":"type-product","3":"status-publish","4":"has-post-thumbnail","6":"product_cat-romance-contemporaine","7":"product_tag-bad-boy","8":"product_tag-passion","9":"product_tag-secrets","10":"product_tag-star","11":"product_tag-suspense","13":"first","14":"instock","15":"sold-individually","16":"taxable","17":"shipping-taxable","18":"purchasable","19":"product-type-variable"},"acf":{"auteur":"Juliette Mey","date_parution":"20161116","bestseller":false,"librairie":false},"aioseo_notices":[],"_links":{"self":[{"href":"https:\/\/butterfly-editions.com\/index.php\/wp-json\/wp\/v2\/product\/9607","targetHints":{"allow":["GET"]}}],"collection":[{"href":"https:\/\/butterfly-editions.com\/index.php\/wp-json\/wp\/v2\/product"}],"about":[{"href":"https:\/\/butterfly-editions.com\/index.php\/wp-json\/wp\/v2\/types\/product"}],"replies":[{"embeddable":true,"href":"https:\/\/butterfly-editions.com\/index.php\/wp-json\/wp\/v2\/comments?post=9607"}],"wp:featuredmedia":[{"embeddable":true,"href":"https:\/\/butterfly-editions.com\/index.php\/wp-json\/wp\/v2\/media\/9612"}],"wp:attachment":[{"href":"https:\/\/butterfly-editions.com\/index.php\/wp-json\/wp\/v2\/media?parent=9607"}],"wp:term":[{"taxonomy":"product_brand","embeddable":true,"href":"https:\/\/butterfly-editions.com\/index.php\/wp-json\/wp\/v2\/product_brand?post=9607"},{"taxonomy":"product_cat","embeddable":true,"href":"https:\/\/butterfly-editions.com\/index.php\/wp-json\/wp\/v2\/product_cat?post=9607"},{"taxonomy":"product_tag","embeddable":true,"href":"https:\/\/butterfly-editions.com\/index.php\/wp-json\/wp\/v2\/product_tag?post=9607"}],"curies":[{"name":"wp","href":"https:\/\/api.w.org\/{rel}","templated":true}]}}