{"id":9602,"date":"2020-01-26T22:11:55","date_gmt":"2020-01-26T21:11:55","guid":{"rendered":"https:\/\/butterfly-editions.com\/?post_type=product&#038;p=9602"},"modified":"2026-01-26T22:15:23","modified_gmt":"2026-01-26T21:15:23","slug":"up-and-down-saison-4","status":"publish","type":"product","link":"https:\/\/butterfly-editions.com\/index.php\/produit\/up-and-down-saison-4\/","title":{"rendered":"Up And Down &#8211; Saison 4"},"content":{"rendered":"<p><strong><span class=\"a-text-bold\">Jared. Tom.<\/span><\/strong><\/p>\n<p><strong><span class=\"a-text-bold\">Deux fr\u00e8res. Des traumatismes. Des secrets. Une vie \u00e0 reconstruire.<\/span><\/strong><\/p>\n<p>Lorsque Tom retrouve sa famille, apr\u00e8s vingt-deux ann\u00e9es d\u2019absence et de mensonges, Jared d\u00e9cide de l\u2019\u00e9pauler dans sa qu\u00eate au bonheur.<\/p>\n<p>Mais c\u2019\u00e9tait sans compter la myst\u00e9rieuse femme dont Tom tombe amoureux&#8230;<\/p>\n<p>Lui qui ne pensait jamais plus r\u00e9ussir \u00e0 aimer, comment va-t-il g\u00e9rer cette relation aussi interdite que secr\u00e8te qui risque de mettre en p\u00e9ril ce lien fraternel tellement fort qu\u2019il partage d\u00e9sormais avec Jared ?<\/p>\n<p>Des d\u00e9cisions irr\u00e9vocables devront \u00eatre prises.<\/p>\n<p>Envers et contre tous, Tom se battra pour go\u00fbter \u00e0 ce bonheur qui lui ouvre enfin ses portes.<\/p>\n<p><em><span class=\"a-text-italic\">Et si le temps des ultimes r\u00e9v\u00e9lations \u00e9tait arriv\u00e9 ?<\/span><\/em><\/p>\n","protected":false},"excerpt":{"rendered":"<p>Jared. Tom. Deux fr\u00e8res. Des traumatismes. Des secrets. Une vie \u00e0 reconstruire. Lorsque Tom retrouve sa famille, apr\u00e8s vingt-deux ann\u00e9es d\u2019absence et de mensonges, Jared d\u00e9cide de l\u2019\u00e9pauler dans sa qu\u00eate au bonheur. Mais c\u2019\u00e9tait sans compter la myst\u00e9rieuse femme dont Tom tombe amoureux&#8230; Lui qui ne pensait jamais plus r\u00e9ussir \u00e0 aimer, comment va-t-il [&hellip;]<\/p>\n","protected":false},"featured_media":9606,"comment_status":"open","ping_status":"closed","template":"","meta":{"_acf_changed":false,"content-type":""},"product_brand":[],"product_cat":[461],"product_tag":[493,490,474,508,497],"class_list":{"0":"post-9602","1":"product","2":"type-product","3":"status-publish","4":"has-post-thumbnail","6":"product_cat-romance-contemporaine","7":"product_tag-bad-boy","8":"product_tag-passion","9":"product_tag-secrets","10":"product_tag-star","11":"product_tag-suspense","13":"first","14":"instock","15":"sold-individually","16":"taxable","17":"shipping-taxable","18":"purchasable","19":"product-type-variable"},"acf":{"auteur":"Juliette Mey","date_parution":"20220218","bestseller":true,"librairie":false},"aioseo_notices":[],"_links":{"self":[{"href":"https:\/\/butterfly-editions.com\/index.php\/wp-json\/wp\/v2\/product\/9602","targetHints":{"allow":["GET"]}}],"collection":[{"href":"https:\/\/butterfly-editions.com\/index.php\/wp-json\/wp\/v2\/product"}],"about":[{"href":"https:\/\/butterfly-editions.com\/index.php\/wp-json\/wp\/v2\/types\/product"}],"replies":[{"embeddable":true,"href":"https:\/\/butterfly-editions.com\/index.php\/wp-json\/wp\/v2\/comments?post=9602"}],"wp:featuredmedia":[{"embeddable":true,"href":"https:\/\/butterfly-editions.com\/index.php\/wp-json\/wp\/v2\/media\/9606"}],"wp:attachment":[{"href":"https:\/\/butterfly-editions.com\/index.php\/wp-json\/wp\/v2\/media?parent=9602"}],"wp:term":[{"taxonomy":"product_brand","embeddable":true,"href":"https:\/\/butterfly-editions.com\/index.php\/wp-json\/wp\/v2\/product_brand?post=9602"},{"taxonomy":"product_cat","embeddable":true,"href":"https:\/\/butterfly-editions.com\/index.php\/wp-json\/wp\/v2\/product_cat?post=9602"},{"taxonomy":"product_tag","embeddable":true,"href":"https:\/\/butterfly-editions.com\/index.php\/wp-json\/wp\/v2\/product_tag?post=9602"}],"curies":[{"name":"wp","href":"https:\/\/api.w.org\/{rel}","templated":true}]}}