{"id":9591,"date":"2020-01-26T22:02:31","date_gmt":"2020-01-26T21:02:31","guid":{"rendered":"https:\/\/butterfly-editions.com\/?post_type=product&#038;p=9591"},"modified":"2026-01-26T22:10:13","modified_gmt":"2026-01-26T21:10:13","slug":"up-and-down-saison-3","status":"publish","type":"product","link":"https:\/\/butterfly-editions.com\/index.php\/produit\/up-and-down-saison-3\/","title":{"rendered":"Up And Down &#8211; Saison 3"},"content":{"rendered":"<p><strong><span class=\"a-text-bold\">Jared. Camille.<\/span><\/strong><br \/>\n<strong><span class=\"a-text-bold\">Paris. Washington.<\/span><\/strong><br \/>\n<strong><span class=\"a-text-bold\">Un homme. Une femme.<\/span><\/strong><br \/>\n<strong><span class=\"a-text-bold\">Une naissance \u00e0 venir.<\/span><\/strong><br \/>\n<strong><span class=\"a-text-bold\">Sept mille kilom\u00e8tres de distance.<\/span><\/strong><\/p>\n<p>Quand Jared se retrouve confront\u00e9 \u00e0 sa pire angoisse, il ne peut s&#8217;emp\u00eacher de r\u00e9pondre \u00e0 l&rsquo;appel de son plus vieux d\u00e9mon&#8230;<\/p>\n<p>Mais son comportement aura des cons\u00e9quences.<br \/>\nDes cons\u00e9quences sur son couple.<br \/>\nDes cons\u00e9quences sur son pr\u00e9sent, des cons\u00e9quences sur son avenir.<br \/>\nDes cons\u00e9quences berc\u00e9es par les derniers secrets de son pass\u00e9 qui trouveront des r\u00e9ponses inattendues lors de l&rsquo;ultime proc\u00e8s de l&rsquo;homme qui a d\u00e9truit sa vie.<\/p>\n<p><em><span class=\"a-text-italic\">Son amour pour Camille sera-t-il plus fort que ses doutes ? Parviendra-t-il enfin \u00e0 se lib\u00e9rer de son pass\u00e9 ?<\/span><\/em><\/p>\n","protected":false},"excerpt":{"rendered":"<p>Jared. Camille. Paris. Washington. Un homme. Une femme. Une naissance \u00e0 venir. Sept mille kilom\u00e8tres de distance. Quand Jared se retrouve confront\u00e9 \u00e0 sa pire angoisse, il ne peut s&#8217;emp\u00eacher de r\u00e9pondre \u00e0 l&rsquo;appel de son plus vieux d\u00e9mon&#8230; Mais son comportement aura des cons\u00e9quences. Des cons\u00e9quences sur son couple. Des cons\u00e9quences sur son pr\u00e9sent, [&hellip;]<\/p>\n","protected":false},"featured_media":9599,"comment_status":"open","ping_status":"closed","template":"","meta":{"_acf_changed":false,"content-type":""},"product_brand":[],"product_cat":[461],"product_tag":[493,490,474,508,497],"class_list":{"0":"post-9591","1":"product","2":"type-product","3":"status-publish","4":"has-post-thumbnail","6":"product_cat-romance-contemporaine","7":"product_tag-bad-boy","8":"product_tag-passion","9":"product_tag-secrets","10":"product_tag-star","11":"product_tag-suspense","13":"first","14":"instock","15":"sold-individually","16":"taxable","17":"shipping-taxable","18":"purchasable","19":"product-type-variable"},"acf":{"auteur":"Juliette Mey","date_parution":"20220218","bestseller":true,"librairie":false},"aioseo_notices":[],"_links":{"self":[{"href":"https:\/\/butterfly-editions.com\/index.php\/wp-json\/wp\/v2\/product\/9591","targetHints":{"allow":["GET"]}}],"collection":[{"href":"https:\/\/butterfly-editions.com\/index.php\/wp-json\/wp\/v2\/product"}],"about":[{"href":"https:\/\/butterfly-editions.com\/index.php\/wp-json\/wp\/v2\/types\/product"}],"replies":[{"embeddable":true,"href":"https:\/\/butterfly-editions.com\/index.php\/wp-json\/wp\/v2\/comments?post=9591"}],"wp:featuredmedia":[{"embeddable":true,"href":"https:\/\/butterfly-editions.com\/index.php\/wp-json\/wp\/v2\/media\/9599"}],"wp:attachment":[{"href":"https:\/\/butterfly-editions.com\/index.php\/wp-json\/wp\/v2\/media?parent=9591"}],"wp:term":[{"taxonomy":"product_brand","embeddable":true,"href":"https:\/\/butterfly-editions.com\/index.php\/wp-json\/wp\/v2\/product_brand?post=9591"},{"taxonomy":"product_cat","embeddable":true,"href":"https:\/\/butterfly-editions.com\/index.php\/wp-json\/wp\/v2\/product_cat?post=9591"},{"taxonomy":"product_tag","embeddable":true,"href":"https:\/\/butterfly-editions.com\/index.php\/wp-json\/wp\/v2\/product_tag?post=9591"}],"curies":[{"name":"wp","href":"https:\/\/api.w.org\/{rel}","templated":true}]}}