{"id":9585,"date":"2020-01-26T21:57:39","date_gmt":"2020-01-26T20:57:39","guid":{"rendered":"https:\/\/butterfly-editions.com\/?post_type=product&#038;p=9585"},"modified":"2026-01-26T22:01:51","modified_gmt":"2026-01-26T21:01:51","slug":"up-and-down-saison-2","status":"publish","type":"product","link":"https:\/\/butterfly-editions.com\/index.php\/produit\/up-and-down-saison-2\/","title":{"rendered":"Up And Down &#8211; Saison 2"},"content":{"rendered":"<p><strong><span class=\"a-text-bold\">Jared. Camille.<\/span><\/strong><br \/>\n<strong><span class=\"a-text-bold\">Un homme. Une femme.<\/span><\/strong><br \/>\n<strong><span class=\"a-text-bold\">Un couple.<\/span><\/strong><br \/>\n<strong><span class=\"a-text-bold\">Des secrets.<\/span><\/strong><br \/>\n<strong><span class=\"a-text-bold\">Une vie \u00e0 construire.<\/span><\/strong><\/p>\n<p>Lorsque Camille obtient une promotion \u00e0 Washington afin de couvrir les \u00e9lections primaires d&rsquo;un parti politique am\u00e9ricain, Jared d\u00e9cide de la suivre sans h\u00e9siter. Ils commencent alors une vie de couple loin des tourbillons m\u00e9diatiques qui ont mis \u00e0 mal le d\u00e9but de leur relation. Pensant que le pire est derri\u00e8re eux, ils profitent pleinement de ce que l&rsquo;existence a \u00e0 leur offrir.<\/p>\n<p>Faire \u00e9voluer cet amour les rapproche incontestablement jusqu&rsquo;au jour o\u00f9 Jared se fait rattraper par ses pires d\u00e9mons.<\/p>\n<p>Des d\u00e9cisions importantes devront \u00eatre prises.<br \/>\nDes d\u00e9cisions o\u00f9 il y aura un avant et un apr\u00e8s.<br \/>\nDes d\u00e9cisions qui risqueront de changer \u00e0 tout jamais le cours de leurs deux existences.<\/p>\n<p><em>Jusqu&rsquo;o\u00f9 seront-ils pr\u00eats \u00e0 aller pour pr\u00e9server leur amour de tous les secrets qui s&rsquo;appr\u00eatent \u00e0 refaire surface ?<\/em><\/p>\n","protected":false},"excerpt":{"rendered":"<p>Jared. Camille. Un homme. Une femme. Un couple. Des secrets. Une vie \u00e0 construire. Lorsque Camille obtient une promotion \u00e0 Washington afin de couvrir les \u00e9lections primaires d&rsquo;un parti politique am\u00e9ricain, Jared d\u00e9cide de la suivre sans h\u00e9siter. Ils commencent alors une vie de couple loin des tourbillons m\u00e9diatiques qui ont mis \u00e0 mal le [&hellip;]<\/p>\n","protected":false},"featured_media":9589,"comment_status":"open","ping_status":"closed","template":"","meta":{"_acf_changed":false,"content-type":""},"product_brand":[],"product_cat":[461],"product_tag":[493,490,474,508,497],"class_list":{"0":"post-9585","1":"product","2":"type-product","3":"status-publish","4":"has-post-thumbnail","6":"product_cat-romance-contemporaine","7":"product_tag-bad-boy","8":"product_tag-passion","9":"product_tag-secrets","10":"product_tag-star","11":"product_tag-suspense","13":"first","14":"instock","15":"sold-individually","16":"taxable","17":"shipping-taxable","18":"purchasable","19":"product-type-variable"},"acf":{"auteur":"Juliette Mey","date_parution":"20220218","bestseller":true,"librairie":false},"aioseo_notices":[],"_links":{"self":[{"href":"https:\/\/butterfly-editions.com\/index.php\/wp-json\/wp\/v2\/product\/9585","targetHints":{"allow":["GET"]}}],"collection":[{"href":"https:\/\/butterfly-editions.com\/index.php\/wp-json\/wp\/v2\/product"}],"about":[{"href":"https:\/\/butterfly-editions.com\/index.php\/wp-json\/wp\/v2\/types\/product"}],"replies":[{"embeddable":true,"href":"https:\/\/butterfly-editions.com\/index.php\/wp-json\/wp\/v2\/comments?post=9585"}],"wp:featuredmedia":[{"embeddable":true,"href":"https:\/\/butterfly-editions.com\/index.php\/wp-json\/wp\/v2\/media\/9589"}],"wp:attachment":[{"href":"https:\/\/butterfly-editions.com\/index.php\/wp-json\/wp\/v2\/media?parent=9585"}],"wp:term":[{"taxonomy":"product_brand","embeddable":true,"href":"https:\/\/butterfly-editions.com\/index.php\/wp-json\/wp\/v2\/product_brand?post=9585"},{"taxonomy":"product_cat","embeddable":true,"href":"https:\/\/butterfly-editions.com\/index.php\/wp-json\/wp\/v2\/product_cat?post=9585"},{"taxonomy":"product_tag","embeddable":true,"href":"https:\/\/butterfly-editions.com\/index.php\/wp-json\/wp\/v2\/product_tag?post=9585"}],"curies":[{"name":"wp","href":"https:\/\/api.w.org\/{rel}","templated":true}]}}