{"id":9579,"date":"2020-01-26T21:47:47","date_gmt":"2020-01-26T20:47:47","guid":{"rendered":"https:\/\/butterfly-editions.com\/?post_type=product&#038;p=9579"},"modified":"2026-01-26T21:56:50","modified_gmt":"2026-01-26T20:56:50","slug":"up_and_down_1","status":"publish","type":"product","link":"https:\/\/butterfly-editions.com\/index.php\/produit\/up_and_down_1\/","title":{"rendered":"Up And Down &#8211; Saison 1"},"content":{"rendered":"<p><strong><span class=\"a-text-bold\">Un chanteur bad boy, adul\u00e9 par ses fans, forc\u00e9 de redorer son image.<\/span><\/strong><\/p>\n<p><strong><span class=\"a-text-bold\">Une \u00e9tudiante contrainte de le suivre sur sa tourn\u00e9e.<\/span><\/strong><\/p>\n<p><strong><span class=\"a-text-bold\">Il la veut, elle le rejette&#8230;<\/span><\/strong><\/p>\n<p><span class=\"a-text-bold\">Une chose est s\u00fbre : il n&rsquo;a pas dit son dernier mot. Il l&rsquo;obtient toujours&#8230; ce qu&rsquo;il d\u00e9sire.<\/span><\/p>\n<p>Camille est une jeune journaliste fra\u00eechement dipl\u00f4m\u00e9e&#8230; ou presque. Il ne lui reste plus qu&rsquo;un stage de fin d&rsquo;\u00e9tudes pour pouvoir enfin voler de ses propres ailes. Ambitieuse au possible, elle pense qu&rsquo;il ne s&rsquo;agit, l\u00e0, que d&rsquo;une simple formalit\u00e9.<\/p>\n<p>Mais, c&rsquo;\u00e9tait sans compter sa rencontre avec Jared, rockstar mondialement connue et adul\u00e9e par des millions de fans. Tout, sauf son type d&rsquo;homme. Contrainte de promouvoir sa tourn\u00e9e europ\u00e9enne, elle va se retrouver plong\u00e9e dans le monde de la c\u00e9l\u00e9brit\u00e9 avec ses exc\u00e8s et ses facilit\u00e9s.<br \/>\nLe caract\u00e8re tant\u00f4t charmeur, tant\u00f4t noir de Jared va tr\u00e8s vite la pousser \u00e0 perdre le contr\u00f4le de ses certitudes.<\/p>\n<p>D\u00e9sir, passion, amour, jalousie, trahison sont des maux dont elle n&rsquo;aurait jamais voulu souffrir&#8230;<\/p>\n<p><span class=\"a-text-italic\">Mais, \u00e7a, c&rsquo;\u00e9tait avant qu&rsquo;il ne pose ses yeux sur elle&#8230;<\/span><\/p>\n","protected":false},"excerpt":{"rendered":"<p>Un chanteur bad boy, adul\u00e9 par ses fans, forc\u00e9 de redorer son image. Une \u00e9tudiante contrainte de le suivre sur sa tourn\u00e9e. Il la veut, elle le rejette&#8230; Une chose est s\u00fbre : il n&rsquo;a pas dit son dernier mot. Il l&rsquo;obtient toujours&#8230; ce qu&rsquo;il d\u00e9sire. Camille est une jeune journaliste fra\u00eechement dipl\u00f4m\u00e9e&#8230; ou presque. [&hellip;]<\/p>\n","protected":false},"featured_media":9583,"comment_status":"open","ping_status":"closed","template":"","meta":{"_acf_changed":false,"content-type":""},"product_brand":[],"product_cat":[461],"product_tag":[493,490,474,508,497],"class_list":{"0":"post-9579","1":"product","2":"type-product","3":"status-publish","4":"has-post-thumbnail","6":"product_cat-romance-contemporaine","7":"product_tag-bad-boy","8":"product_tag-passion","9":"product_tag-secrets","10":"product_tag-star","11":"product_tag-suspense","13":"first","14":"instock","15":"sold-individually","16":"taxable","17":"shipping-taxable","18":"purchasable","19":"product-type-variable"},"acf":{"auteur":"Juliette Mey","date_parution":"20220218","bestseller":true,"librairie":false},"aioseo_notices":[],"_links":{"self":[{"href":"https:\/\/butterfly-editions.com\/index.php\/wp-json\/wp\/v2\/product\/9579","targetHints":{"allow":["GET"]}}],"collection":[{"href":"https:\/\/butterfly-editions.com\/index.php\/wp-json\/wp\/v2\/product"}],"about":[{"href":"https:\/\/butterfly-editions.com\/index.php\/wp-json\/wp\/v2\/types\/product"}],"replies":[{"embeddable":true,"href":"https:\/\/butterfly-editions.com\/index.php\/wp-json\/wp\/v2\/comments?post=9579"}],"wp:featuredmedia":[{"embeddable":true,"href":"https:\/\/butterfly-editions.com\/index.php\/wp-json\/wp\/v2\/media\/9583"}],"wp:attachment":[{"href":"https:\/\/butterfly-editions.com\/index.php\/wp-json\/wp\/v2\/media?parent=9579"}],"wp:term":[{"taxonomy":"product_brand","embeddable":true,"href":"https:\/\/butterfly-editions.com\/index.php\/wp-json\/wp\/v2\/product_brand?post=9579"},{"taxonomy":"product_cat","embeddable":true,"href":"https:\/\/butterfly-editions.com\/index.php\/wp-json\/wp\/v2\/product_cat?post=9579"},{"taxonomy":"product_tag","embeddable":true,"href":"https:\/\/butterfly-editions.com\/index.php\/wp-json\/wp\/v2\/product_tag?post=9579"}],"curies":[{"name":"wp","href":"https:\/\/api.w.org\/{rel}","templated":true}]}}