{"id":9441,"date":"2026-01-14T14:57:34","date_gmt":"2026-01-14T13:57:34","guid":{"rendered":"https:\/\/butterfly-editions.com\/?post_type=product&#038;p=9441"},"modified":"2026-03-10T10:55:39","modified_gmt":"2026-03-10T09:55:39","slug":"cook-and-lies-lili-malone","status":"publish","type":"product","link":"https:\/\/butterfly-editions.com\/index.php\/produit\/cook-and-lies-lili-malone\/","title":{"rendered":"Cook and Lies"},"content":{"rendered":"<p><strong><span class=\"a-text-bold\">Entre la chaleur des cuisines et celle des secrets, Mack et Amadeo d\u00e9couvriront qu\u2019il faut parfois tout r\u00e9duire en cendres pour rena\u00eetre.<\/span><\/strong><\/p>\n<p>Bris\u00e9e par le pass\u00e9, Mackenzie s\u2019accroche \u00e0 un r\u00eave : d\u00e9crocher sa place \u00e0 la Master Cook Academy pour enfin tourner la page.<br \/>\nAmadeo, lui, ne vit que pour \u00e9chapper aux attentes d\u2019une famille trop \u00e9touffante.<br \/>\nQuand leurs chemins se croisent entre deux fourneaux, la collision est in\u00e9vitable.<br \/>\nEntre eux, l\u2019attirance devient un risque&#8230; puis un refuge.<\/p>\n<p><em>Dans les cuisines de la MCA, entre secrets, culpabilit\u00e9 et d\u00e9sirs interdits, Mackenzie et Amadeo d\u00e9couvrent que la v\u00e9rit\u00e9 a un prix.<\/em><br \/>\n<em>Et que parfois, aimer quelqu\u2019un, c\u2019est accepter de tout perdre.<\/em><\/p>\n","protected":false},"excerpt":{"rendered":"<p>Entre la chaleur des cuisines et celle des secrets, Mack et Amadeo d\u00e9couvriront qu\u2019il faut parfois tout r\u00e9duire en cendres pour rena\u00eetre. Bris\u00e9e par le pass\u00e9, Mackenzie s\u2019accroche \u00e0 un r\u00eave : d\u00e9crocher sa place \u00e0 la Master Cook Academy pour enfin tourner la page. Amadeo, lui, ne vit que pour \u00e9chapper aux attentes d\u2019une [&hellip;]<\/p>\n","protected":false},"featured_media":9511,"comment_status":"open","ping_status":"closed","template":"","meta":{"_acf_changed":false,"content-type":""},"product_brand":[],"product_cat":[461],"product_tag":[473,475,472,474],"class_list":{"0":"post-9441","1":"product","2":"type-product","3":"status-publish","4":"has-post-thumbnail","6":"product_cat-romance-contemporaine","7":"product_tag-cuisine","8":"product_tag-reconstruction","9":"product_tag-rivals-to-lovers","10":"product_tag-secrets","12":"first","13":"instock","14":"taxable","15":"shipping-taxable","16":"purchasable","17":"product-type-variable"},"acf":{"auteur":"Lili Malone","date_parution":"20260114","bestseller":false,"librairie":false},"aioseo_notices":[],"_links":{"self":[{"href":"https:\/\/butterfly-editions.com\/index.php\/wp-json\/wp\/v2\/product\/9441","targetHints":{"allow":["GET"]}}],"collection":[{"href":"https:\/\/butterfly-editions.com\/index.php\/wp-json\/wp\/v2\/product"}],"about":[{"href":"https:\/\/butterfly-editions.com\/index.php\/wp-json\/wp\/v2\/types\/product"}],"replies":[{"embeddable":true,"href":"https:\/\/butterfly-editions.com\/index.php\/wp-json\/wp\/v2\/comments?post=9441"}],"wp:featuredmedia":[{"embeddable":true,"href":"https:\/\/butterfly-editions.com\/index.php\/wp-json\/wp\/v2\/media\/9511"}],"wp:attachment":[{"href":"https:\/\/butterfly-editions.com\/index.php\/wp-json\/wp\/v2\/media?parent=9441"}],"wp:term":[{"taxonomy":"product_brand","embeddable":true,"href":"https:\/\/butterfly-editions.com\/index.php\/wp-json\/wp\/v2\/product_brand?post=9441"},{"taxonomy":"product_cat","embeddable":true,"href":"https:\/\/butterfly-editions.com\/index.php\/wp-json\/wp\/v2\/product_cat?post=9441"},{"taxonomy":"product_tag","embeddable":true,"href":"https:\/\/butterfly-editions.com\/index.php\/wp-json\/wp\/v2\/product_tag?post=9441"}],"curies":[{"name":"wp","href":"https:\/\/api.w.org\/{rel}","templated":true}]}}