{"id":9372,"date":"2026-01-13T13:58:46","date_gmt":"2026-01-13T12:58:46","guid":{"rendered":"https:\/\/butterfly-editions.com\/?post_type=product&#038;p=9372"},"modified":"2026-03-10T10:56:26","modified_gmt":"2026-03-10T09:56:26","slug":"sweet-ending-lea-collins","status":"publish","type":"product","link":"https:\/\/butterfly-editions.com\/index.php\/produit\/sweet-ending-lea-collins\/","title":{"rendered":"Sweet Ending &#8211; L\u00e9a Collins"},"content":{"rendered":"<p><strong><span class=\"a-text-bold\">Ils s\u2019\u00e9taient promis de se retrouver.<\/span><\/strong><\/p>\n<p><strong><span class=\"a-text-bold\">Quinze ans plus tard, cap sur la Corse, un concours de salsa&#8230; et une bande d\u2019amis qui s\u2019aime comme au premier jour, m\u00eame quand la vie secoue un peu trop fort.<\/span><\/strong><\/p>\n<p>Vacances ensoleill\u00e9es, chamailleries XXL, ados en plein premier amour : rien ne sera simple &#8211; surtout quand un coup de fil tant esp\u00e9r\u00e9 vient tout bouleverser.<\/p>\n<p>Entre une nouvelle qui fait exploser la joie, un \u00ab retard \u00bb qui rebat les cartes et des corps qui changent, chacun devra choisir ce qu\u2019il veut vraiment prot\u00e9ger : ses peurs&#8230; ou l\u2019amour.<\/p>\n<p><em><span class=\"a-text-italic\">Une romance chorale, tendre et piquante, o\u00f9 l\u2019amiti\u00e9 fait foyer, l\u2019amour se r\u00e9invente, et la danse devient la plus belle fa\u00e7on de se dire \u00ab toujours \u00bb.<\/span><\/em><\/p>\n","protected":false},"excerpt":{"rendered":"<p>Ils s\u2019\u00e9taient promis de se retrouver. Quinze ans plus tard, cap sur la Corse, un concours de salsa&#8230; et une bande d\u2019amis qui s\u2019aime comme au premier jour, m\u00eame quand la vie secoue un peu trop fort. Vacances ensoleill\u00e9es, chamailleries XXL, ados en plein premier amour : rien ne sera simple &#8211; surtout quand un [&hellip;]<\/p>\n","protected":false},"featured_media":9373,"comment_status":"open","ping_status":"closed","template":"","meta":{"_acf_changed":false,"content-type":""},"product_brand":[],"product_cat":[461],"product_tag":[480,481,479,474,478],"class_list":{"0":"post-9372","1":"product","2":"type-product","3":"status-publish","4":"has-post-thumbnail","6":"product_cat-romance-contemporaine","7":"product_tag-forced-proximity","8":"product_tag-premier-amour","9":"product_tag-retrouvailles","10":"product_tag-secrets","11":"product_tag-spin-off","13":"first","14":"instock","15":"taxable","16":"shipping-taxable","17":"purchasable","18":"product-type-variable"},"acf":{"auteur":"","date_parution":"20260107","bestseller":false,"librairie":false},"aioseo_notices":[],"_links":{"self":[{"href":"https:\/\/butterfly-editions.com\/index.php\/wp-json\/wp\/v2\/product\/9372","targetHints":{"allow":["GET"]}}],"collection":[{"href":"https:\/\/butterfly-editions.com\/index.php\/wp-json\/wp\/v2\/product"}],"about":[{"href":"https:\/\/butterfly-editions.com\/index.php\/wp-json\/wp\/v2\/types\/product"}],"replies":[{"embeddable":true,"href":"https:\/\/butterfly-editions.com\/index.php\/wp-json\/wp\/v2\/comments?post=9372"}],"wp:featuredmedia":[{"embeddable":true,"href":"https:\/\/butterfly-editions.com\/index.php\/wp-json\/wp\/v2\/media\/9373"}],"wp:attachment":[{"href":"https:\/\/butterfly-editions.com\/index.php\/wp-json\/wp\/v2\/media?parent=9372"}],"wp:term":[{"taxonomy":"product_brand","embeddable":true,"href":"https:\/\/butterfly-editions.com\/index.php\/wp-json\/wp\/v2\/product_brand?post=9372"},{"taxonomy":"product_cat","embeddable":true,"href":"https:\/\/butterfly-editions.com\/index.php\/wp-json\/wp\/v2\/product_cat?post=9372"},{"taxonomy":"product_tag","embeddable":true,"href":"https:\/\/butterfly-editions.com\/index.php\/wp-json\/wp\/v2\/product_tag?post=9372"}],"curies":[{"name":"wp","href":"https:\/\/api.w.org\/{rel}","templated":true}]}}