{"id":9369,"date":"2026-01-13T13:44:49","date_gmt":"2026-01-13T12:44:49","guid":{"rendered":"https:\/\/butterfly-editions.com\/?post_type=product&#038;p=9369"},"modified":"2026-01-13T13:44:49","modified_gmt":"2026-01-13T12:44:49","slug":"sweet-secrets-lea-collins","status":"publish","type":"product","link":"https:\/\/butterfly-editions.com\/index.php\/produit\/sweet-secrets-lea-collins\/","title":{"rendered":"Sweet Secrets &#8211; L\u00e9a Collins"},"content":{"rendered":"<p>Max a vingt-neuf ans et des projets d&rsquo;avenir plein la t\u00eate.<\/p>\n<p>Kin\u00e9sith\u00e9rapeute, sexy, charmant, il pourrait faire tourner toutes les t\u00eates.<\/p>\n<p><em>Son centre d&rsquo;int\u00e9r\u00eat ?<\/em> La petite soeur de son meilleur ami.<\/p>\n<p><em>Son principal atout ?<\/em> Savoir garder son attirance hautement confidentielle.<\/p>\n<p>Lo\u00efs a vingt-et-un ans et un gros gros secret&#8230; Danseuse professionnelle, elle s&rsquo;\u00e9panouit dans son art.<\/p>\n<p><em>Son centre d&rsquo;int\u00e9r\u00eat ?<\/em> Sa prochaine tourn\u00e9e, mais pas que&#8230;<\/p>\n<p><em>Son principal atout ?<\/em> N&rsquo;avoir jamais, \u00f4 grand jamais, avou\u00e9 ses sentiments \u00e0 Max, ce type interdit, qui lui pla\u00eet depuis tr\u00e8s tr\u00e8s tr\u00e8s longtemps&#8230;<\/p>\n<p>Quand l&rsquo;attirance devient incontr\u00f4lable, le danger ne vient pas forc\u00e9ment de l\u00e0 o\u00f9 l&rsquo;on s&rsquo;y attend le plus&#8230;<\/p>\n","protected":false},"excerpt":{"rendered":"<p>Max a vingt-neuf ans et des projets d&rsquo;avenir plein la t\u00eate. Kin\u00e9sith\u00e9rapeute, sexy, charmant, il pourrait faire tourner toutes les t\u00eates. Son centre d&rsquo;int\u00e9r\u00eat ? La petite soeur de son meilleur ami. Son principal atout ? Savoir garder son attirance hautement confidentielle. Lo\u00efs a vingt-et-un ans et un gros gros secret&#8230; Danseuse professionnelle, elle s&rsquo;\u00e9panouit [&hellip;]<\/p>\n","protected":false},"featured_media":9367,"comment_status":"open","ping_status":"closed","template":"","meta":{"_acf_changed":false,"content-type":""},"product_brand":[],"product_cat":[59],"product_tag":[],"class_list":{"0":"post-9369","1":"product","2":"type-product","3":"status-publish","4":"has-post-thumbnail","6":"product_cat-non-classe","8":"first","9":"instock","10":"taxable","11":"shipping-taxable","12":"purchasable","13":"product-type-simple"},"acf":{"auteur":"","date_parution":null,"bestseller":false,"librairie":false},"aioseo_notices":[],"_links":{"self":[{"href":"https:\/\/butterfly-editions.com\/index.php\/wp-json\/wp\/v2\/product\/9369","targetHints":{"allow":["GET"]}}],"collection":[{"href":"https:\/\/butterfly-editions.com\/index.php\/wp-json\/wp\/v2\/product"}],"about":[{"href":"https:\/\/butterfly-editions.com\/index.php\/wp-json\/wp\/v2\/types\/product"}],"replies":[{"embeddable":true,"href":"https:\/\/butterfly-editions.com\/index.php\/wp-json\/wp\/v2\/comments?post=9369"}],"wp:featuredmedia":[{"embeddable":true,"href":"https:\/\/butterfly-editions.com\/index.php\/wp-json\/wp\/v2\/media\/9367"}],"wp:attachment":[{"href":"https:\/\/butterfly-editions.com\/index.php\/wp-json\/wp\/v2\/media?parent=9369"}],"wp:term":[{"taxonomy":"product_brand","embeddable":true,"href":"https:\/\/butterfly-editions.com\/index.php\/wp-json\/wp\/v2\/product_brand?post=9369"},{"taxonomy":"product_cat","embeddable":true,"href":"https:\/\/butterfly-editions.com\/index.php\/wp-json\/wp\/v2\/product_cat?post=9369"},{"taxonomy":"product_tag","embeddable":true,"href":"https:\/\/butterfly-editions.com\/index.php\/wp-json\/wp\/v2\/product_tag?post=9369"}],"curies":[{"name":"wp","href":"https:\/\/api.w.org\/{rel}","templated":true}]}}