{"id":9366,"date":"2026-01-13T13:41:49","date_gmt":"2026-01-13T12:41:49","guid":{"rendered":"https:\/\/butterfly-editions.com\/?post_type=product&#038;p=9366"},"modified":"2026-01-13T13:41:49","modified_gmt":"2026-01-13T12:41:49","slug":"sweet-play-lea-collins","status":"publish","type":"product","link":"https:\/\/butterfly-editions.com\/index.php\/produit\/sweet-play-lea-collins\/","title":{"rendered":"Sweet Play &#8211; L\u00e9a Collins"},"content":{"rendered":"<p>Liam a vingt-neuf ans et un humour douteux.<\/p>\n<p>Professeur passionn\u00e9 et s\u00e9ducteur inv\u00e9t\u00e9r\u00e9, son charisme n\u2019a d\u2019\u00e9gal que son franc-parler.<\/p>\n<p><em>Son centre d\u2019int\u00e9r\u00eat ?<\/em> Les femmes.<\/p>\n<p><em>Son principal atout ?<\/em> Ses amis cherchent encore.<\/p>\n<p>Alyz\u00e9e a vingt-huit ans et un aspirateur \u00e0 clito.<\/p>\n<p>Future gyn\u00e9cologue obst\u00e9tricienne, elle sort d\u2019une rupture amoureuse difficile et pas tout \u00e0 fait cicatris\u00e9e.<\/p>\n<p><em>Son centre d\u2019int\u00e9r\u00eat ?<\/em> Son boulot.<\/p>\n<p><em>Son principal atout ?<\/em> Une r\u00e9partie \u00e0 toute \u00e9preuve.<\/p>\n<p>Quand Liam et Alyz\u00e9e se rencontrent par l\u2019interm\u00e9diaire de leurs amis, on ne peut pas dire que la premi\u00e8re impression soit la bonne. Malgr\u00e9 tout, fichu destin ou divine providence, leurs routes sont rapidement amen\u00e9es \u00e0 se recroiser.<\/p>\n<p><em><span class=\"a-text-italic\">Alors, jeu de mains ou jeu de vilains ?<\/span><\/em><\/p>\n","protected":false},"excerpt":{"rendered":"<p>Liam a vingt-neuf ans et un humour douteux. Professeur passionn\u00e9 et s\u00e9ducteur inv\u00e9t\u00e9r\u00e9, son charisme n\u2019a d\u2019\u00e9gal que son franc-parler. Son centre d\u2019int\u00e9r\u00eat ? Les femmes. Son principal atout ? Ses amis cherchent encore. Alyz\u00e9e a vingt-huit ans et un aspirateur \u00e0 clito. Future gyn\u00e9cologue obst\u00e9tricienne, elle sort d\u2019une rupture amoureuse difficile et pas tout [&hellip;]<\/p>\n","protected":false},"featured_media":9368,"comment_status":"open","ping_status":"closed","template":"","meta":{"_acf_changed":false,"content-type":""},"product_brand":[],"product_cat":[59],"product_tag":[],"class_list":{"0":"post-9366","1":"product","2":"type-product","3":"status-publish","4":"has-post-thumbnail","6":"product_cat-non-classe","8":"first","9":"instock","10":"taxable","11":"shipping-taxable","12":"purchasable","13":"product-type-simple"},"acf":{"auteur":"","date_parution":null,"bestseller":false,"librairie":false},"aioseo_notices":[],"_links":{"self":[{"href":"https:\/\/butterfly-editions.com\/index.php\/wp-json\/wp\/v2\/product\/9366","targetHints":{"allow":["GET"]}}],"collection":[{"href":"https:\/\/butterfly-editions.com\/index.php\/wp-json\/wp\/v2\/product"}],"about":[{"href":"https:\/\/butterfly-editions.com\/index.php\/wp-json\/wp\/v2\/types\/product"}],"replies":[{"embeddable":true,"href":"https:\/\/butterfly-editions.com\/index.php\/wp-json\/wp\/v2\/comments?post=9366"}],"wp:featuredmedia":[{"embeddable":true,"href":"https:\/\/butterfly-editions.com\/index.php\/wp-json\/wp\/v2\/media\/9368"}],"wp:attachment":[{"href":"https:\/\/butterfly-editions.com\/index.php\/wp-json\/wp\/v2\/media?parent=9366"}],"wp:term":[{"taxonomy":"product_brand","embeddable":true,"href":"https:\/\/butterfly-editions.com\/index.php\/wp-json\/wp\/v2\/product_brand?post=9366"},{"taxonomy":"product_cat","embeddable":true,"href":"https:\/\/butterfly-editions.com\/index.php\/wp-json\/wp\/v2\/product_cat?post=9366"},{"taxonomy":"product_tag","embeddable":true,"href":"https:\/\/butterfly-editions.com\/index.php\/wp-json\/wp\/v2\/product_tag?post=9366"}],"curies":[{"name":"wp","href":"https:\/\/api.w.org\/{rel}","templated":true}]}}