{"id":9362,"date":"2026-01-13T13:29:54","date_gmt":"2026-01-13T12:29:54","guid":{"rendered":"https:\/\/butterfly-editions.com\/?post_type=product&#038;p=9362"},"modified":"2026-01-26T18:18:31","modified_gmt":"2026-01-26T17:18:31","slug":"summer-carpe-diem-1-sissy-batzy","status":"publish","type":"product","link":"https:\/\/butterfly-editions.com\/index.php\/produit\/summer-carpe-diem-1-sissy-batzy\/","title":{"rendered":"Carpe Diem T1 &#8211; Summer"},"content":{"rendered":"<p><strong><span class=\"a-text-bold\">Il a perdu tout espoir.<\/span><\/strong><\/p>\n<p><strong><span class=\"a-text-bold\">Elle ne croit plus aux promesses.<\/span><\/strong><\/p>\n<p><strong><span class=\"a-text-bold\">Pourtant, le destin, lui, n\u2019a pas dit son dernier mot&#8230;<\/span><\/strong><\/p>\n<p>&nbsp;<\/p>\n<p>Depuis la mort de la femme qu\u2019il aimait, Chase n\u2019est plus que l\u2019ombre de lui-m\u00eame. Entre col\u00e8re, culpabilit\u00e9 et exc\u00e8s, il a touch\u00e9 le fond.<\/p>\n<p>Apr\u00e8s plusieurs mois de cure, il n\u2019a plus le choix : reprendre sa vie en main&#8230; et son r\u00f4le de patron du Carpe Diem, bar \u00e0 succ\u00e8s au c\u0153ur de San Francisco.<\/p>\n<p>C\u2019est l\u00e0 qu\u2019il rencontre Summer.<\/p>\n<p>Solaire, ind\u00e9pendante, un brin sauvage, elle cache, derri\u00e8re son sourire, les cicatrices d\u2019un pass\u00e9 qu\u2019elle pr\u00e9f\u00e8re fuir. Devenus associ\u00e9s malgr\u00e9 eux, ils vont devoir apprendre \u00e0 cohabiter, \u00e0 se faire confiance&#8230; et surtout, \u00e0 ne pas c\u00e9der \u00e0 ce qu\u2019ils ressentent.<\/p>\n<p><em><span class=\"a-text-italic\">\u00c0 force de jouer avec le feu, ils pourraient bien raviver les flammes qu\u2019ils croyaient \u00e9teintes&#8230;<\/span><\/em><\/p>\n","protected":false},"excerpt":{"rendered":"<p>Il a perdu tout espoir. Elle ne croit plus aux promesses. Pourtant, le destin, lui, n\u2019a pas dit son dernier mot&#8230; &nbsp; Depuis la mort de la femme qu\u2019il aimait, Chase n\u2019est plus que l\u2019ombre de lui-m\u00eame. Entre col\u00e8re, culpabilit\u00e9 et exc\u00e8s, il a touch\u00e9 le fond. Apr\u00e8s plusieurs mois de cure, il n\u2019a plus [&hellip;]<\/p>\n","protected":false},"featured_media":9363,"comment_status":"open","ping_status":"closed","template":"","meta":{"_acf_changed":false,"content-type":""},"product_brand":[],"product_cat":[461],"product_tag":[476,477],"class_list":{"0":"post-9362","1":"product","2":"type-product","3":"status-publish","4":"has-post-thumbnail","6":"product_cat-romance-contemporaine","7":"product_tag-single-mom","8":"product_tag-workplace-romance","10":"first","11":"instock","12":"taxable","13":"shipping-taxable","14":"purchasable","15":"product-type-variable"},"acf":{"auteur":"Sissy Batzy","date_parution":"20251210","bestseller":false,"librairie":false},"aioseo_notices":[],"_links":{"self":[{"href":"https:\/\/butterfly-editions.com\/index.php\/wp-json\/wp\/v2\/product\/9362","targetHints":{"allow":["GET"]}}],"collection":[{"href":"https:\/\/butterfly-editions.com\/index.php\/wp-json\/wp\/v2\/product"}],"about":[{"href":"https:\/\/butterfly-editions.com\/index.php\/wp-json\/wp\/v2\/types\/product"}],"replies":[{"embeddable":true,"href":"https:\/\/butterfly-editions.com\/index.php\/wp-json\/wp\/v2\/comments?post=9362"}],"wp:featuredmedia":[{"embeddable":true,"href":"https:\/\/butterfly-editions.com\/index.php\/wp-json\/wp\/v2\/media\/9363"}],"wp:attachment":[{"href":"https:\/\/butterfly-editions.com\/index.php\/wp-json\/wp\/v2\/media?parent=9362"}],"wp:term":[{"taxonomy":"product_brand","embeddable":true,"href":"https:\/\/butterfly-editions.com\/index.php\/wp-json\/wp\/v2\/product_brand?post=9362"},{"taxonomy":"product_cat","embeddable":true,"href":"https:\/\/butterfly-editions.com\/index.php\/wp-json\/wp\/v2\/product_cat?post=9362"},{"taxonomy":"product_tag","embeddable":true,"href":"https:\/\/butterfly-editions.com\/index.php\/wp-json\/wp\/v2\/product_tag?post=9362"}],"curies":[{"name":"wp","href":"https:\/\/api.w.org\/{rel}","templated":true}]}}