{"id":9275,"date":"2025-12-20T19:54:16","date_gmt":"2025-12-20T18:54:16","guid":{"rendered":"https:\/\/butterfly-editions.com\/?post_type=product&#038;p=9275"},"modified":"2025-12-20T19:54:17","modified_gmt":"2025-12-20T18:54:17","slug":"let-it-snow-morgan-b-reedition","status":"publish","type":"product","link":"https:\/\/butterfly-editions.com\/index.php\/produit\/let-it-snow-morgan-b-reedition\/","title":{"rendered":"Let it snow &#8211; Morgan B. &#8211; r\u00e9\u00e9dition"},"content":{"rendered":"<p><strong><span class=\"a-text-bold\">Kat n\u2019a qu\u2019une id\u00e9e en t\u00eate : croiser Will le moins possible.<\/span><\/strong><\/p>\n<p><strong><span class=\"a-text-bold\">Will, footballeur mondialement connu, n\u2019a qu\u2019un but : faire enrager Kat le plus souvent possible.<\/span><\/strong><\/p>\n<p><strong><span class=\"a-text-bold\">Lorsque ces deux anciens meilleurs amis de lyc\u00e9e se retrouvent seule \u00e0 seul, \u00e9tincelles garanties !<\/span><\/strong><\/p>\n<p>Kat d\u00e9teste Will plus que tout au monde. D\u00e8s qu\u2019ils se voient, il la pousse dans ses pires retranchements. Que ce soit avec ses multiples conqu\u00eates, sa r\u00e9ussite sportive, ses piques en tout genre, c\u2019est clair :\u00a0<span class=\"a-text-italic\">Elle. Ne. Le. Supporte. Pas.<\/span><\/p>\n<p>Leur bande d\u2019amis et eux ont pr\u00e9vu de f\u00eater No\u00ebl \u00e0 Aspen et d&rsquo;y rester quelques jours. Comble de malchance, Will et Kate se retrouvent coinc\u00e9s dans un maudit chalet, en pleine temp\u00eate de neige, les autres n\u2019ayant pas r\u00e9ussi \u00e0 les rejoindre \u00e0 temps.<\/p>\n<p><em><span class=\"a-text-italic\">Et si derri\u00e8re leurs joutes verbales se cachaient des secrets qu\u2019ils n\u2019ont jamais os\u00e9 s\u2019avouer ?<\/span><\/em><\/p>\n","protected":false},"excerpt":{"rendered":"<p>Kat n\u2019a qu\u2019une id\u00e9e en t\u00eate : croiser Will le moins possible. Will, footballeur mondialement connu, n\u2019a qu\u2019un but : faire enrager Kat le plus souvent possible. Lorsque ces deux anciens meilleurs amis de lyc\u00e9e se retrouvent seule \u00e0 seul, \u00e9tincelles garanties ! Kat d\u00e9teste Will plus que tout au monde. D\u00e8s qu\u2019ils se voient, [&hellip;]<\/p>\n","protected":false},"featured_media":9276,"comment_status":"open","ping_status":"closed","template":"","meta":{"_acf_changed":false,"content-type":""},"product_brand":[],"product_cat":[59],"product_tag":[],"class_list":{"0":"post-9275","1":"product","2":"type-product","3":"status-publish","4":"has-post-thumbnail","6":"product_cat-non-classe","8":"first","9":"instock","10":"taxable","11":"shipping-taxable","12":"purchasable","13":"product-type-simple"},"acf":{"auteur":"","date_parution":null,"bestseller":false,"librairie":false},"aioseo_notices":[],"_links":{"self":[{"href":"https:\/\/butterfly-editions.com\/index.php\/wp-json\/wp\/v2\/product\/9275","targetHints":{"allow":["GET"]}}],"collection":[{"href":"https:\/\/butterfly-editions.com\/index.php\/wp-json\/wp\/v2\/product"}],"about":[{"href":"https:\/\/butterfly-editions.com\/index.php\/wp-json\/wp\/v2\/types\/product"}],"replies":[{"embeddable":true,"href":"https:\/\/butterfly-editions.com\/index.php\/wp-json\/wp\/v2\/comments?post=9275"}],"wp:featuredmedia":[{"embeddable":true,"href":"https:\/\/butterfly-editions.com\/index.php\/wp-json\/wp\/v2\/media\/9276"}],"wp:attachment":[{"href":"https:\/\/butterfly-editions.com\/index.php\/wp-json\/wp\/v2\/media?parent=9275"}],"wp:term":[{"taxonomy":"product_brand","embeddable":true,"href":"https:\/\/butterfly-editions.com\/index.php\/wp-json\/wp\/v2\/product_brand?post=9275"},{"taxonomy":"product_cat","embeddable":true,"href":"https:\/\/butterfly-editions.com\/index.php\/wp-json\/wp\/v2\/product_cat?post=9275"},{"taxonomy":"product_tag","embeddable":true,"href":"https:\/\/butterfly-editions.com\/index.php\/wp-json\/wp\/v2\/product_tag?post=9275"}],"curies":[{"name":"wp","href":"https:\/\/api.w.org\/{rel}","templated":true}]}}