{"id":9266,"date":"2026-01-30T11:07:27","date_gmt":"2026-01-30T10:07:27","guid":{"rendered":"https:\/\/butterfly-editions.com\/?post_type=product&#038;p=9266"},"modified":"2026-03-10T10:52:06","modified_gmt":"2026-03-10T09:52:06","slug":"lady-viper-emilia-robinst-avant-premiere-dedicacee","status":"publish","type":"product","link":"https:\/\/butterfly-editions.com\/index.php\/produit\/lady-viper-emilia-robinst-avant-premiere-dedicacee\/","title":{"rendered":"Lady Viper"},"content":{"rendered":"<p><strong>\u00a0<\/strong><\/p>\n<p><strong>\u00ab\u00a0Elle pensait contr\u00f4ler sa vie.<\/strong><br \/>\n<strong>Jusqu\u2019\u00e0 elle.\u00a0\u00bb<\/strong><\/p>\n<p>Charlie Valentini a toujours fait semblant d\u2019\u00eatre \u00e0 sa place. Jeune juriste discr\u00e8te, complex\u00e9e, elle s\u2019accroche \u00e0 Louis de Saint-Valombre, son petit ami : brillant, noble, rassurant\u2026 l\u2019image parfaite de la vie qu\u2019elle r\u00eave de m\u00e9riter.<\/p>\n<p>Quand il l\u2019invite dans le domaine familial, Charlie croit enfin prouver qu\u2019elle a sa place \u00e0 ses c\u00f4t\u00e9s. Mais derri\u00e8re les murs du manoir, tout se fissure : un p\u00e8re glacial, une m\u00e8re indiff\u00e9rente, un fr\u00e8re aussi charmeur qu\u2019inqui\u00e9tant\u2026 et cette sensation d\u2019\u00eatre ind\u00e9sirable.<\/p>\n<p>Puis, Charlie rencontre\u00a0Sixtine, sa soeur. La rebelle du clan, l\u2019erreur de la dynastie. Un regard trop per\u00e7ant. Un sourire trop dangereux. La seule \u00e0 vraiment la voir.<\/p>\n<p><em>Entre d\u00e9sir interdit, jeux d\u2019influence et loyaut\u00e9s qui vacillent, Charlie devra choisir : l\u2019amour parfait que l\u2019on attend d\u2019elle\u2026 ou la passion qui pourrait tout d\u00e9truire.<\/em><\/p>\n","protected":false},"excerpt":{"rendered":"<p>\u00a0 \u00ab\u00a0Elle pensait contr\u00f4ler sa vie. Jusqu\u2019\u00e0 elle.\u00a0\u00bb Charlie Valentini a toujours fait semblant d\u2019\u00eatre \u00e0 sa place. Jeune juriste discr\u00e8te, complex\u00e9e, elle s\u2019accroche \u00e0 Louis de Saint-Valombre, son petit ami : brillant, noble, rassurant\u2026 l\u2019image parfaite de la vie qu\u2019elle r\u00eave de m\u00e9riter. Quand il l\u2019invite dans le domaine familial, Charlie croit enfin prouver [&hellip;]<\/p>\n","protected":false},"featured_media":9267,"comment_status":"open","ping_status":"closed","template":"","meta":{"_acf_changed":false,"content-type":""},"product_brand":[],"product_cat":[461],"product_tag":[553,524,554],"class_list":{"0":"post-9266","1":"product","2":"type-product","3":"status-publish","4":"has-post-thumbnail","6":"product_cat-romance-contemporaine","7":"product_tag-fxf","8":"product_tag-opposites-attract","9":"product_tag-slow-burn","11":"first","12":"instock","13":"taxable","14":"shipping-taxable","15":"purchasable","16":"product-type-variable"},"acf":{"auteur":"Emilia Robinst","date_parution":"20260220","bestseller":false,"librairie":false},"aioseo_notices":[],"_links":{"self":[{"href":"https:\/\/butterfly-editions.com\/index.php\/wp-json\/wp\/v2\/product\/9266","targetHints":{"allow":["GET"]}}],"collection":[{"href":"https:\/\/butterfly-editions.com\/index.php\/wp-json\/wp\/v2\/product"}],"about":[{"href":"https:\/\/butterfly-editions.com\/index.php\/wp-json\/wp\/v2\/types\/product"}],"replies":[{"embeddable":true,"href":"https:\/\/butterfly-editions.com\/index.php\/wp-json\/wp\/v2\/comments?post=9266"}],"wp:featuredmedia":[{"embeddable":true,"href":"https:\/\/butterfly-editions.com\/index.php\/wp-json\/wp\/v2\/media\/9267"}],"wp:attachment":[{"href":"https:\/\/butterfly-editions.com\/index.php\/wp-json\/wp\/v2\/media?parent=9266"}],"wp:term":[{"taxonomy":"product_brand","embeddable":true,"href":"https:\/\/butterfly-editions.com\/index.php\/wp-json\/wp\/v2\/product_brand?post=9266"},{"taxonomy":"product_cat","embeddable":true,"href":"https:\/\/butterfly-editions.com\/index.php\/wp-json\/wp\/v2\/product_cat?post=9266"},{"taxonomy":"product_tag","embeddable":true,"href":"https:\/\/butterfly-editions.com\/index.php\/wp-json\/wp\/v2\/product_tag?post=9266"}],"curies":[{"name":"wp","href":"https:\/\/api.w.org\/{rel}","templated":true}]}}