{"id":9264,"date":"2025-12-18T14:42:43","date_gmt":"2025-12-18T13:42:43","guid":{"rendered":"https:\/\/butterfly-editions.com\/?post_type=product&#038;p=9264"},"modified":"2025-12-18T14:49:52","modified_gmt":"2025-12-18T13:49:52","slug":"welcome-to-south-bell-poche-emilia-robinst-dedicace-pour-tout-achat","status":"publish","type":"product","link":"https:\/\/butterfly-editions.com\/index.php\/produit\/welcome-to-south-bell-poche-emilia-robinst-dedicace-pour-tout-achat\/","title":{"rendered":"\u00ab\u00a0Welcome to South Bell\u00a0\u00bb &#8211; POCHE &#8211; Emilia Robinst &#8211; D\u00e9dicace en avant-premi\u00e8repour tout achat !!!"},"content":{"rendered":"<p><strong><span class=\"a-text-bold\">\u00ab Elle pensait que le Texas serait le pire\u2026<\/span><\/strong><\/p>\n<p><strong><span class=\"a-text-bold\">Jusqu\u2019\u00e0 ce qu\u2019elle rencontre son nouveau demi-fr\u00e8re. \u00bb<\/span><\/strong><\/p>\n<p>Quand Maddy Foster, citadine pure souche, quitte Boston pour s\u2019installer dans un ranch texan apr\u00e8s le mariage \u00e9clair de sa m\u00e8re avec un cow-boy local, elle est loin de se douter du chaos qui l\u2019attend. Non seulement elle doit composer avec un nouveau beau-p\u00e8re et le quotidien rustique du Texas, mais elle h\u00e9rite aussi de trois demi-fr\u00e8res, dont Wyatt Morgan, l\u2019a\u00een\u00e9, terriblement s\u00e9duisant.<\/p>\n<p>Entre sa petite s\u0153ur et les fr\u00e8res cadets de Wyatt qui leur donnent du fil \u00e0 retordre, la vie de famille vire au comique.<\/p>\n<p>Le vrai d\u00e9fi pour Maddy et Wyatt ? G\u00e9rer l\u2019attirance qui les consume alors que leurs parents peinent \u00e0 s\u2019adapter \u00e0 leurs nouvelles vies.<\/p>\n<p>Si, au d\u00e9but, le jeune homme est r\u00e9fractaire \u00e0 la pr\u00e9sence de cette \u00e9trang\u00e8re sur ses terres, les jours qui passent font grandir leur complicit\u00e9 \u00e9vidente\u2026<\/p>\n<p><em><span class=\"a-text-italic\">Devront-ils choisir entre leur famille respective ou c\u00e9der \u00e0 la tentation de s\u2019aimer\u2026 au risque de tout perdre ?<\/span><\/em><\/p>\n","protected":false},"excerpt":{"rendered":"<p>\u00ab Elle pensait que le Texas serait le pire\u2026 Jusqu\u2019\u00e0 ce qu\u2019elle rencontre son nouveau demi-fr\u00e8re. \u00bb Quand Maddy Foster, citadine pure souche, quitte Boston pour s\u2019installer dans un ranch texan apr\u00e8s le mariage \u00e9clair de sa m\u00e8re avec un cow-boy local, elle est loin de se douter du chaos qui l\u2019attend. Non seulement elle [&hellip;]<\/p>\n","protected":false},"featured_media":9265,"comment_status":"open","ping_status":"closed","template":"","meta":{"_acf_changed":false,"content-type":""},"product_brand":[],"product_cat":[59],"product_tag":[],"class_list":{"0":"post-9264","1":"product","2":"type-product","3":"status-publish","4":"has-post-thumbnail","6":"product_cat-non-classe","8":"first","9":"instock","10":"taxable","11":"shipping-taxable","12":"purchasable","13":"product-type-simple"},"acf":{"auteur":"","date_parution":null,"bestseller":false,"librairie":false},"aioseo_notices":[],"_links":{"self":[{"href":"https:\/\/butterfly-editions.com\/index.php\/wp-json\/wp\/v2\/product\/9264","targetHints":{"allow":["GET"]}}],"collection":[{"href":"https:\/\/butterfly-editions.com\/index.php\/wp-json\/wp\/v2\/product"}],"about":[{"href":"https:\/\/butterfly-editions.com\/index.php\/wp-json\/wp\/v2\/types\/product"}],"replies":[{"embeddable":true,"href":"https:\/\/butterfly-editions.com\/index.php\/wp-json\/wp\/v2\/comments?post=9264"}],"wp:featuredmedia":[{"embeddable":true,"href":"https:\/\/butterfly-editions.com\/index.php\/wp-json\/wp\/v2\/media\/9265"}],"wp:attachment":[{"href":"https:\/\/butterfly-editions.com\/index.php\/wp-json\/wp\/v2\/media?parent=9264"}],"wp:term":[{"taxonomy":"product_brand","embeddable":true,"href":"https:\/\/butterfly-editions.com\/index.php\/wp-json\/wp\/v2\/product_brand?post=9264"},{"taxonomy":"product_cat","embeddable":true,"href":"https:\/\/butterfly-editions.com\/index.php\/wp-json\/wp\/v2\/product_cat?post=9264"},{"taxonomy":"product_tag","embeddable":true,"href":"https:\/\/butterfly-editions.com\/index.php\/wp-json\/wp\/v2\/product_tag?post=9264"}],"curies":[{"name":"wp","href":"https:\/\/api.w.org\/{rel}","templated":true}]}}