{"id":9262,"date":"2025-12-18T14:37:19","date_gmt":"2025-12-18T13:37:19","guid":{"rendered":"https:\/\/butterfly-editions.com\/?post_type=product&#038;p=9262"},"modified":"2026-01-28T17:20:41","modified_gmt":"2026-01-28T16:20:41","slug":"un-boss-pour-noel-christy-allan","status":"publish","type":"product","link":"https:\/\/butterfly-editions.com\/index.php\/produit\/un-boss-pour-noel-christy-allan\/","title":{"rendered":"Un Boss pour No\u00ebl"},"content":{"rendered":"<p><strong><span class=\"a-text-bold\">Il voulait une fausse fianc\u00e9e. Il a trouv\u00e9 bien plus que \u00e7a\u2026<\/span><\/strong><\/p>\n<p>Pour h\u00e9riter de l\u2019entreprise familiale, Balthazar doit se plier \u00e0 une condition absurde : se marier. Cynique et press\u00e9 d\u2019en finir, il pense avoir trouv\u00e9 la solution id\u00e9ale : engager une complice pour jouer la parfaite petite amie.<\/p>\n<p>Mais ses plans d\u00e9raillent lorsqu\u2019une temp\u00eate de neige l\u2019enferme dans un chalet de montagne, en compagnie de Jos\u00e9phine, une p\u00e2tissi\u00e8re d\u00e9bord\u00e9e, maman solo de trois enfants\u2026 et candidate improvis\u00e9e au r\u00f4le de fausse fianc\u00e9e.<\/p>\n<p>Elle n\u2019a rien demand\u00e9, il n\u2019accepte jamais de perdre, et pourtant, les voil\u00e0 condamn\u00e9s \u00e0 partager le m\u00eame toit jusqu\u2019\u00e0 No\u00ebl. Entre quiproquos, r\u00e9pliques acides et moments inattendus de tendresse, ils pourraient bien d\u00e9couvrir que le mensonge le plus dangereux\u2026 c\u2019est celui qui cache leurs v\u00e9ritables sentiments.<\/p>\n","protected":false},"excerpt":{"rendered":"<p>Il voulait une fausse fianc\u00e9e. Il a trouv\u00e9 bien plus que \u00e7a\u2026 Pour h\u00e9riter de l\u2019entreprise familiale, Balthazar doit se plier \u00e0 une condition absurde : se marier. Cynique et press\u00e9 d\u2019en finir, il pense avoir trouv\u00e9 la solution id\u00e9ale : engager une complice pour jouer la parfaite petite amie. Mais ses plans d\u00e9raillent lorsqu\u2019une [&hellip;]<\/p>\n","protected":false},"featured_media":9263,"comment_status":"open","ping_status":"closed","template":"","meta":{"_acf_changed":false,"content-type":""},"product_brand":[],"product_cat":[464],"product_tag":[],"class_list":{"0":"post-9262","1":"product","2":"type-product","3":"status-publish","4":"has-post-thumbnail","6":"product_cat-romance-de-noel","8":"first","9":"instock","10":"taxable","11":"shipping-taxable","12":"purchasable","13":"product-type-variable"},"acf":{"auteur":"Christy Allan","date_parution":"20241016","bestseller":false,"librairie":false},"aioseo_notices":[],"_links":{"self":[{"href":"https:\/\/butterfly-editions.com\/index.php\/wp-json\/wp\/v2\/product\/9262","targetHints":{"allow":["GET"]}}],"collection":[{"href":"https:\/\/butterfly-editions.com\/index.php\/wp-json\/wp\/v2\/product"}],"about":[{"href":"https:\/\/butterfly-editions.com\/index.php\/wp-json\/wp\/v2\/types\/product"}],"replies":[{"embeddable":true,"href":"https:\/\/butterfly-editions.com\/index.php\/wp-json\/wp\/v2\/comments?post=9262"}],"wp:featuredmedia":[{"embeddable":true,"href":"https:\/\/butterfly-editions.com\/index.php\/wp-json\/wp\/v2\/media\/9263"}],"wp:attachment":[{"href":"https:\/\/butterfly-editions.com\/index.php\/wp-json\/wp\/v2\/media?parent=9262"}],"wp:term":[{"taxonomy":"product_brand","embeddable":true,"href":"https:\/\/butterfly-editions.com\/index.php\/wp-json\/wp\/v2\/product_brand?post=9262"},{"taxonomy":"product_cat","embeddable":true,"href":"https:\/\/butterfly-editions.com\/index.php\/wp-json\/wp\/v2\/product_cat?post=9262"},{"taxonomy":"product_tag","embeddable":true,"href":"https:\/\/butterfly-editions.com\/index.php\/wp-json\/wp\/v2\/product_tag?post=9262"}],"curies":[{"name":"wp","href":"https:\/\/api.w.org\/{rel}","templated":true}]}}