{"id":9244,"date":"2025-12-15T16:36:32","date_gmt":"2025-12-15T15:36:32","guid":{"rendered":"https:\/\/butterfly-editions.com\/?post_type=product&#038;p=9244"},"modified":"2025-12-15T16:36:32","modified_gmt":"2025-12-15T15:36:32","slug":"rebel-heart-jessika-kostigan","status":"publish","type":"product","link":"https:\/\/butterfly-editions.com\/index.php\/produit\/rebel-heart-jessika-kostigan\/","title":{"rendered":"Rebel Heart &#8211; Jessika Kostigan"},"content":{"rendered":"<p><strong><span class=\"a-text-bold\">Changer de nom. Enterrer son pass\u00e9. Ne jamais regarder en arri\u00e8re.<\/span><\/strong><\/p>\n<p>&nbsp;<\/p>\n<p>C\u2019\u00e9tait le plan de Skye&#8230; jusqu\u2019\u00e0 ce qu\u2019<span class=\"a-text-italic\">il<\/span>\u00a0r\u00e9apparaisse. Kayden Kingston. Son premier amour. Son plus grand regret. Celui qui l\u2019a trahie et abandonn\u00e9e au moment o\u00f9 elle avait le plus besoin de lui. Aujourd\u2019hui, il est de retour, bien d\u00e9cid\u00e9 \u00e0 regagner sa confiance.<\/p>\n<p>Mais Skye n\u2019est plus la m\u00eame. Elle a trouv\u00e9 sa place parmi les Skulls, un gang de bikers o\u00f9 loyaut\u00e9 et danger vont de pair. Forte, indomptable, elle s\u2019est jur\u00e9 de ne plus jamais souffrir pour un homme.<\/p>\n<p><em><span class=\"a-text-italic\">R\u00e9sister \u00e0 Kayden ? Elle s\u2019y est pr\u00e9par\u00e9e.<\/span><\/em><\/p>\n<p><em><span class=\"a-text-italic\">Entre d\u00e9sir et interdits, il n\u2019y a qu\u2019un pas&#8230; et Skye est \u00e0 deux doigts de le franchir.<\/span><\/em><\/p>\n","protected":false},"excerpt":{"rendered":"<p>Changer de nom. Enterrer son pass\u00e9. Ne jamais regarder en arri\u00e8re. &nbsp; C\u2019\u00e9tait le plan de Skye&#8230; jusqu\u2019\u00e0 ce qu\u2019il\u00a0r\u00e9apparaisse. Kayden Kingston. Son premier amour. Son plus grand regret. Celui qui l\u2019a trahie et abandonn\u00e9e au moment o\u00f9 elle avait le plus besoin de lui. Aujourd\u2019hui, il est de retour, bien d\u00e9cid\u00e9 \u00e0 regagner sa [&hellip;]<\/p>\n","protected":false},"featured_media":9245,"comment_status":"open","ping_status":"closed","template":"","meta":{"_acf_changed":false,"content-type":""},"product_brand":[],"product_cat":[59],"product_tag":[],"class_list":{"0":"post-9244","1":"product","2":"type-product","3":"status-publish","4":"has-post-thumbnail","6":"product_cat-non-classe","8":"first","9":"instock","10":"taxable","11":"shipping-taxable","12":"purchasable","13":"product-type-simple"},"acf":{"auteur":"","date_parution":null,"bestseller":false,"librairie":false},"aioseo_notices":[],"_links":{"self":[{"href":"https:\/\/butterfly-editions.com\/index.php\/wp-json\/wp\/v2\/product\/9244","targetHints":{"allow":["GET"]}}],"collection":[{"href":"https:\/\/butterfly-editions.com\/index.php\/wp-json\/wp\/v2\/product"}],"about":[{"href":"https:\/\/butterfly-editions.com\/index.php\/wp-json\/wp\/v2\/types\/product"}],"replies":[{"embeddable":true,"href":"https:\/\/butterfly-editions.com\/index.php\/wp-json\/wp\/v2\/comments?post=9244"}],"wp:featuredmedia":[{"embeddable":true,"href":"https:\/\/butterfly-editions.com\/index.php\/wp-json\/wp\/v2\/media\/9245"}],"wp:attachment":[{"href":"https:\/\/butterfly-editions.com\/index.php\/wp-json\/wp\/v2\/media?parent=9244"}],"wp:term":[{"taxonomy":"product_brand","embeddable":true,"href":"https:\/\/butterfly-editions.com\/index.php\/wp-json\/wp\/v2\/product_brand?post=9244"},{"taxonomy":"product_cat","embeddable":true,"href":"https:\/\/butterfly-editions.com\/index.php\/wp-json\/wp\/v2\/product_cat?post=9244"},{"taxonomy":"product_tag","embeddable":true,"href":"https:\/\/butterfly-editions.com\/index.php\/wp-json\/wp\/v2\/product_tag?post=9244"}],"curies":[{"name":"wp","href":"https:\/\/api.w.org\/{rel}","templated":true}]}}