{"id":9158,"date":"2025-10-21T15:02:46","date_gmt":"2025-10-21T14:02:46","guid":{"rendered":"https:\/\/butterfly-editions.com\/?post_type=product&#038;p=9158"},"modified":"2025-11-21T15:05:12","modified_gmt":"2025-11-21T14:05:12","slug":"arrogant-boss-2025-lil-evans","status":"publish","type":"product","link":"https:\/\/butterfly-editions.com\/index.php\/produit\/arrogant-boss-2025-lil-evans\/","title":{"rendered":"Arrogant BOSS &#8211; 2025 &#8211; Lil Evans"},"content":{"rendered":"<p><strong>Un boss sexy, arrogant, impr\u00e9visible&#8230;<\/strong><\/p>\n<p>Lola s&rsquo;\u00e9tait promis de ne plus jamais revenir \u00e0 Los Angeles, la ville o\u00f9 son ex-mari lui a fait vivre l&rsquo;Enfer.<\/p>\n<p>Pourtant quelques \u00e9changes de mails avec Brooklyn, patron tr\u00e8s en vue d&rsquo;une grosse entreprise, et un contrat r\u00eav\u00e9 la font changer d&rsquo;avis.<\/p>\n<p>Entre eux, d\u00e8s le premier regard, c&rsquo;est explosif. Autant le pass\u00e9 de Lola la pousse \u00e0 rester sur ses gardes, autant Brooklyn n&rsquo;a qu&rsquo;un seul souhait : la mettre dans son lit.<\/p>\n<p>Il a juste omis un l\u00e9ger d\u00e9tail : avouer \u00e0 Lola les v\u00e9ritables raisons de son embauche&#8230; Celles qui pourraient la faire fuir \u00e0 tout jamais&#8230;<\/p>\n<p><em>Entre non-dits et d\u00e9sir ardent, les \u00e9tincelles risquent de devenir rapidement explosives&#8230;<\/em><\/p>\n","protected":false},"excerpt":{"rendered":"<p>Un boss sexy, arrogant, impr\u00e9visible&#8230; Lola s&rsquo;\u00e9tait promis de ne plus jamais revenir \u00e0 Los Angeles, la ville o\u00f9 son ex-mari lui a fait vivre l&rsquo;Enfer. Pourtant quelques \u00e9changes de mails avec Brooklyn, patron tr\u00e8s en vue d&rsquo;une grosse entreprise, et un contrat r\u00eav\u00e9 la font changer d&rsquo;avis. Entre eux, d\u00e8s le premier regard, c&rsquo;est [&hellip;]<\/p>\n","protected":false},"featured_media":9159,"comment_status":"open","ping_status":"closed","template":"","meta":{"_acf_changed":false,"content-type":""},"product_brand":[],"product_cat":[59],"product_tag":[],"class_list":{"0":"post-9158","1":"product","2":"type-product","3":"status-publish","4":"has-post-thumbnail","6":"product_cat-non-classe","8":"first","9":"instock","10":"taxable","11":"shipping-taxable","12":"purchasable","13":"product-type-simple"},"acf":{"auteur":"","date_parution":null,"bestseller":false,"librairie":false},"aioseo_notices":[],"_links":{"self":[{"href":"https:\/\/butterfly-editions.com\/index.php\/wp-json\/wp\/v2\/product\/9158","targetHints":{"allow":["GET"]}}],"collection":[{"href":"https:\/\/butterfly-editions.com\/index.php\/wp-json\/wp\/v2\/product"}],"about":[{"href":"https:\/\/butterfly-editions.com\/index.php\/wp-json\/wp\/v2\/types\/product"}],"replies":[{"embeddable":true,"href":"https:\/\/butterfly-editions.com\/index.php\/wp-json\/wp\/v2\/comments?post=9158"}],"wp:featuredmedia":[{"embeddable":true,"href":"https:\/\/butterfly-editions.com\/index.php\/wp-json\/wp\/v2\/media\/9159"}],"wp:attachment":[{"href":"https:\/\/butterfly-editions.com\/index.php\/wp-json\/wp\/v2\/media?parent=9158"}],"wp:term":[{"taxonomy":"product_brand","embeddable":true,"href":"https:\/\/butterfly-editions.com\/index.php\/wp-json\/wp\/v2\/product_brand?post=9158"},{"taxonomy":"product_cat","embeddable":true,"href":"https:\/\/butterfly-editions.com\/index.php\/wp-json\/wp\/v2\/product_cat?post=9158"},{"taxonomy":"product_tag","embeddable":true,"href":"https:\/\/butterfly-editions.com\/index.php\/wp-json\/wp\/v2\/product_tag?post=9158"}],"curies":[{"name":"wp","href":"https:\/\/api.w.org\/{rel}","templated":true}]}}