{"id":9105,"date":"2025-11-07T14:12:00","date_gmt":"2025-11-07T13:12:00","guid":{"rendered":"https:\/\/butterfly-editions.com\/?post_type=product&#038;p=9105"},"modified":"2025-11-07T14:12:00","modified_gmt":"2025-11-07T13:12:00","slug":"rockstars-cameron-lila-collins-dedicace","status":"publish","type":"product","link":"https:\/\/butterfly-editions.com\/index.php\/produit\/rockstars-cameron-lila-collins-dedicace\/","title":{"rendered":"Rockstars &#8211; Cameron &#8211; Lila Collins &#8211; D\u00e9dicac\u00e9 !!!"},"content":{"rendered":"<p><strong><span class=\"a-text-bold\">Un guitariste ferm\u00e9 \u00e0 l\u2019id\u00e9e m\u00eame de l\u2019amour.<\/span><\/strong><\/p>\n<p><strong><span class=\"a-text-bold\">Une manager qui le pousse dans ses retranchements.<\/span><\/strong><\/p>\n<p><strong><span class=\"a-text-bold\">Un\u00a0<\/span><span class=\"a-text-bold a-text-italic\">opposites attract<\/span><span class=\"a-text-bold\">&#8230; explosif !<\/span><\/strong><\/p>\n<p>&nbsp;<\/p>\n<p>Cameron s\u2019est promis de ne jamais tomber amoureux. Jamais.<\/p>\n<p>Entre l\u2019enregistrement de son nouvel album et la tourn\u00e9e \u00e0 venir, se contenter d\u2019aventures sans lendemain lui convient tr\u00e8s bien !<\/p>\n<p>Il a juste oubli\u00e9 un\u00a0<span class=\"a-text-italic\">l\u00e9ger<\/span>\u00a0d\u00e9tail&#8230; Kate, sa nouvelle manager. Celle qui le pousse dans ses pires retranchements.<\/p>\n<p>La d\u00e9tester lui conviendrait tr\u00e8s bien. Seulement, elle a ce petit quelque chose, cette \u00e9tincelle qui le pousse vers cette lumi\u00e8re qui l\u2019effraie tant.<\/p>\n<p>Mais surtout, elle lui r\u00e9siste. Et \u00e7a, il ne le supporte pas !<\/p>\n<p>Pour se la sortir de sa t\u00eate, il ne voit qu\u2019une solution : lui proposer un\u00a0<span class=\"a-text-italic\">deal<\/span>. Il a trente jours pour la s\u00e9duire. S\u2019il n\u2019y parvient pas, il l\u2019oubliera. D\u00e9finitivement.<\/p>\n<p><em><span class=\"a-text-italic\">Attention au jeu du chat et de la souris : parfois, le chasseur devient la proie&#8230;<\/span><\/em><\/p>\n","protected":false},"excerpt":{"rendered":"<p>Un guitariste ferm\u00e9 \u00e0 l\u2019id\u00e9e m\u00eame de l\u2019amour. Une manager qui le pousse dans ses retranchements. Un\u00a0opposites attract&#8230; explosif ! &nbsp; Cameron s\u2019est promis de ne jamais tomber amoureux. Jamais. Entre l\u2019enregistrement de son nouvel album et la tourn\u00e9e \u00e0 venir, se contenter d\u2019aventures sans lendemain lui convient tr\u00e8s bien ! Il a juste oubli\u00e9 [&hellip;]<\/p>\n","protected":false},"featured_media":9106,"comment_status":"open","ping_status":"closed","template":"","meta":{"_acf_changed":false,"content-type":""},"product_brand":[],"product_cat":[59],"product_tag":[],"class_list":{"0":"post-9105","1":"product","2":"type-product","3":"status-publish","4":"has-post-thumbnail","6":"product_cat-non-classe","8":"first","9":"instock","10":"taxable","11":"shipping-taxable","12":"purchasable","13":"product-type-simple"},"acf":{"auteur":"","date_parution":null,"bestseller":false,"librairie":false},"aioseo_notices":[],"_links":{"self":[{"href":"https:\/\/butterfly-editions.com\/index.php\/wp-json\/wp\/v2\/product\/9105","targetHints":{"allow":["GET"]}}],"collection":[{"href":"https:\/\/butterfly-editions.com\/index.php\/wp-json\/wp\/v2\/product"}],"about":[{"href":"https:\/\/butterfly-editions.com\/index.php\/wp-json\/wp\/v2\/types\/product"}],"replies":[{"embeddable":true,"href":"https:\/\/butterfly-editions.com\/index.php\/wp-json\/wp\/v2\/comments?post=9105"}],"wp:featuredmedia":[{"embeddable":true,"href":"https:\/\/butterfly-editions.com\/index.php\/wp-json\/wp\/v2\/media\/9106"}],"wp:attachment":[{"href":"https:\/\/butterfly-editions.com\/index.php\/wp-json\/wp\/v2\/media?parent=9105"}],"wp:term":[{"taxonomy":"product_brand","embeddable":true,"href":"https:\/\/butterfly-editions.com\/index.php\/wp-json\/wp\/v2\/product_brand?post=9105"},{"taxonomy":"product_cat","embeddable":true,"href":"https:\/\/butterfly-editions.com\/index.php\/wp-json\/wp\/v2\/product_cat?post=9105"},{"taxonomy":"product_tag","embeddable":true,"href":"https:\/\/butterfly-editions.com\/index.php\/wp-json\/wp\/v2\/product_tag?post=9105"}],"curies":[{"name":"wp","href":"https:\/\/api.w.org\/{rel}","templated":true}]}}