{"id":9096,"date":"2025-11-07T13:40:22","date_gmt":"2025-11-07T12:40:22","guid":{"rendered":"https:\/\/butterfly-editions.com\/?post_type=product&#038;p=9096"},"modified":"2025-11-07T13:40:22","modified_gmt":"2025-11-07T12:40:22","slug":"my-boss-my-fake-boyfriend-caroline-sauvage","status":"publish","type":"product","link":"https:\/\/butterfly-editions.com\/index.php\/produit\/my-boss-my-fake-boyfriend-caroline-sauvage\/","title":{"rendered":"My BOSS, my fake boyfriend &#8211; Caroline Sauvage"},"content":{"rendered":"<p><strong><span class=\"a-text-bold\">Quand les oppos\u00e9s s\u2019attirent\u2026<\/span><\/strong><\/p>\n<p>Apr\u00e8s avoir fui la France et abandonn\u00e9 sa carri\u00e8re d\u2019avocate pour New York, Ysabeau trouve un nouveau job ! Elle devient l\u2019assistante personnelle de Cooper, un avocat r\u00e9put\u00e9.<\/p>\n<p>N\u00e9anmoins, elle ne s\u2019attendait pas \u00e0 sa folle proposition ! Alors qu\u2019ils se connaissent \u00e0 peine, il lui demande de jouer sa fausse petite amie, de vivre sous son toit et, par la m\u00eame occasion, de passer No\u00ebl dans sa famille dans le Vermont.<\/p>\n<p>Comment va-t-elle r\u00e9ussir cet exploit avec ses TOC, ses allergies en tout genre, ses angoisses permanentes ? D\u2019autant que la jeune femme est incapable de mentir !<\/p>\n<p><em><span class=\"a-text-italic\">Tous les deux cachent un lourd secret\u2026 Comment vont-ils se sortir de leurs mensonges sans que les sentiments ne s\u2019en m\u00ealent ?<\/span><\/em><\/p>\n","protected":false},"excerpt":{"rendered":"<p>Quand les oppos\u00e9s s\u2019attirent\u2026 Apr\u00e8s avoir fui la France et abandonn\u00e9 sa carri\u00e8re d\u2019avocate pour New York, Ysabeau trouve un nouveau job ! Elle devient l\u2019assistante personnelle de Cooper, un avocat r\u00e9put\u00e9. N\u00e9anmoins, elle ne s\u2019attendait pas \u00e0 sa folle proposition ! Alors qu\u2019ils se connaissent \u00e0 peine, il lui demande de jouer sa fausse [&hellip;]<\/p>\n","protected":false},"featured_media":9097,"comment_status":"open","ping_status":"closed","template":"","meta":{"_acf_changed":false,"content-type":""},"product_brand":[],"product_cat":[59],"product_tag":[],"class_list":{"0":"post-9096","1":"product","2":"type-product","3":"status-publish","4":"has-post-thumbnail","6":"product_cat-non-classe","8":"first","9":"instock","10":"taxable","11":"shipping-taxable","12":"purchasable","13":"product-type-simple"},"acf":{"auteur":"","date_parution":null,"bestseller":false,"librairie":false},"aioseo_notices":[],"_links":{"self":[{"href":"https:\/\/butterfly-editions.com\/index.php\/wp-json\/wp\/v2\/product\/9096","targetHints":{"allow":["GET"]}}],"collection":[{"href":"https:\/\/butterfly-editions.com\/index.php\/wp-json\/wp\/v2\/product"}],"about":[{"href":"https:\/\/butterfly-editions.com\/index.php\/wp-json\/wp\/v2\/types\/product"}],"replies":[{"embeddable":true,"href":"https:\/\/butterfly-editions.com\/index.php\/wp-json\/wp\/v2\/comments?post=9096"}],"wp:featuredmedia":[{"embeddable":true,"href":"https:\/\/butterfly-editions.com\/index.php\/wp-json\/wp\/v2\/media\/9097"}],"wp:attachment":[{"href":"https:\/\/butterfly-editions.com\/index.php\/wp-json\/wp\/v2\/media?parent=9096"}],"wp:term":[{"taxonomy":"product_brand","embeddable":true,"href":"https:\/\/butterfly-editions.com\/index.php\/wp-json\/wp\/v2\/product_brand?post=9096"},{"taxonomy":"product_cat","embeddable":true,"href":"https:\/\/butterfly-editions.com\/index.php\/wp-json\/wp\/v2\/product_cat?post=9096"},{"taxonomy":"product_tag","embeddable":true,"href":"https:\/\/butterfly-editions.com\/index.php\/wp-json\/wp\/v2\/product_tag?post=9096"}],"curies":[{"name":"wp","href":"https:\/\/api.w.org\/{rel}","templated":true}]}}