{"id":9094,"date":"2025-11-07T13:32:03","date_gmt":"2025-11-07T12:32:03","guid":{"rendered":"https:\/\/butterfly-editions.com\/?post_type=product&#038;p=9094"},"modified":"2025-11-07T13:32:03","modified_gmt":"2025-11-07T12:32:03","slug":"protected-by-the-rider-natacha-bardagi-en-stock-en-avant-premiere","status":"publish","type":"product","link":"https:\/\/butterfly-editions.com\/index.php\/produit\/protected-by-the-rider-natacha-bardagi-en-stock-en-avant-premiere\/","title":{"rendered":"Protected by the Rider &#8211; Natacha Bardagi (en stock, en avant-premi\u00e8re)"},"content":{"rendered":"<p><strong><span class=\"a-text-bold\">Elle combat le crime, il l\u2019incarne.<br \/>\nElle croit en la justice, il ne vit que pour ses fr\u00e8res d\u2019armes.<br \/>\nLeur cohabitation pourrait \u00eatre leur perte&#8230; ou leur salut.<\/span><\/strong><\/p>\n<p>Nicole, journaliste d\u2019investigation, consacre sa vie \u00e0 d\u00e9busquer les criminels. Quand son enqu\u00eate l\u2019am\u00e8ne \u00e0 d\u00e9fier Volgrak, le chef mafieux le plus dangereux du Texas, elle devient sa proie. Traqu\u00e9e, menac\u00e9e, incapable de se tourner vers la police corrompue, elle n\u2019a d\u2019autre choix que d\u2019accepter la protection d\u2019Hugo, sergent d\u2019armes des \u00ab Riders of the storm \u00bb.<\/p>\n<p>Arrogant, brutal et sans scrupules, il repr\u00e9sente tout ce qu\u2019elle d\u00e9teste. Pourtant, dans ce jeu mortel o\u00f9 la violence, la drogue et le sang dictent la loi, il pourrait bien \u00eatre le seul capable de la maintenir en vie.<\/p>\n<p><em><span class=\"a-text-italic\">Mais jusqu\u2019o\u00f9 peut-on faire confiance \u00e0 un hors-la-loi ?<\/span><\/em><\/p>\n","protected":false},"excerpt":{"rendered":"<p>Elle combat le crime, il l\u2019incarne. Elle croit en la justice, il ne vit que pour ses fr\u00e8res d\u2019armes. Leur cohabitation pourrait \u00eatre leur perte&#8230; ou leur salut. Nicole, journaliste d\u2019investigation, consacre sa vie \u00e0 d\u00e9busquer les criminels. Quand son enqu\u00eate l\u2019am\u00e8ne \u00e0 d\u00e9fier Volgrak, le chef mafieux le plus dangereux du Texas, elle devient [&hellip;]<\/p>\n","protected":false},"featured_media":9095,"comment_status":"open","ping_status":"closed","template":"","meta":{"_acf_changed":false,"content-type":""},"product_brand":[],"product_cat":[59],"product_tag":[],"class_list":{"0":"post-9094","1":"product","2":"type-product","3":"status-publish","4":"has-post-thumbnail","6":"product_cat-non-classe","8":"first","9":"instock","10":"taxable","11":"shipping-taxable","12":"purchasable","13":"product-type-simple"},"acf":{"auteur":"","date_parution":null,"bestseller":false,"librairie":false},"aioseo_notices":[],"_links":{"self":[{"href":"https:\/\/butterfly-editions.com\/index.php\/wp-json\/wp\/v2\/product\/9094","targetHints":{"allow":["GET"]}}],"collection":[{"href":"https:\/\/butterfly-editions.com\/index.php\/wp-json\/wp\/v2\/product"}],"about":[{"href":"https:\/\/butterfly-editions.com\/index.php\/wp-json\/wp\/v2\/types\/product"}],"replies":[{"embeddable":true,"href":"https:\/\/butterfly-editions.com\/index.php\/wp-json\/wp\/v2\/comments?post=9094"}],"wp:featuredmedia":[{"embeddable":true,"href":"https:\/\/butterfly-editions.com\/index.php\/wp-json\/wp\/v2\/media\/9095"}],"wp:attachment":[{"href":"https:\/\/butterfly-editions.com\/index.php\/wp-json\/wp\/v2\/media?parent=9094"}],"wp:term":[{"taxonomy":"product_brand","embeddable":true,"href":"https:\/\/butterfly-editions.com\/index.php\/wp-json\/wp\/v2\/product_brand?post=9094"},{"taxonomy":"product_cat","embeddable":true,"href":"https:\/\/butterfly-editions.com\/index.php\/wp-json\/wp\/v2\/product_cat?post=9094"},{"taxonomy":"product_tag","embeddable":true,"href":"https:\/\/butterfly-editions.com\/index.php\/wp-json\/wp\/v2\/product_tag?post=9094"}],"curies":[{"name":"wp","href":"https:\/\/api.w.org\/{rel}","templated":true}]}}