{"id":9090,"date":"2025-11-05T14:21:53","date_gmt":"2025-11-05T13:21:53","guid":{"rendered":"https:\/\/butterfly-editions.com\/?post_type=product&#038;p=9090"},"modified":"2025-11-05T14:21:53","modified_gmt":"2025-11-05T13:21:53","slug":"un-cadeau-parfait-sil-vous-plait-magali-santos","status":"publish","type":"product","link":"https:\/\/butterfly-editions.com\/index.php\/produit\/un-cadeau-parfait-sil-vous-plait-magali-santos\/","title":{"rendered":"Un cadeau parfait, s&rsquo;il vous pla\u00eet ! &#8211; Magali Santos"},"content":{"rendered":"<p><strong><span class=\"a-text-bold\">Une entrepreneuse d\u00e9bord\u00e9e, un client impr\u00e9vu, une demande totalement folle&#8230;<\/span><\/strong><\/p>\n<p>\u00c0 la t\u00eate de Cadeau Parfait, \u00c9lise Martin n\u2019a pas une minute \u00e0 elle \u00e0 l\u2019approche de No\u00ebl. Son objectif ? Proposer des pr\u00e9sents sur mesure pour ses clients !<\/p>\n<p>Cette ann\u00e9e, Rayan Colin, homme d\u2019affaire aussi s\u00e9duisant que d\u00e9termin\u00e9, cherche \u00e0 surprendre sa famille avec des attentions personnalis\u00e9es. Quand il contacte \u00c9lise, quatre jours avant No\u00ebl, il a l\u2019id\u00e9e du si\u00e8cle ! Et si le cadeau parfait pour ses parents, c\u2019\u00e9tait\u00a0<span class=\"a-text-italic\">elle<\/span>\u00a0? Ne reste qu\u2019\u00e0 convaincre la jeune femme de l\u2019accompagner pour les f\u00eates&#8230; en tant que fausse petite amie.<\/p>\n<p><em><span class=\"a-text-italic\">Ils avaient promis de faire semblant. Mais si, au fond, le v\u00e9ritable cadeau parfait&#8230; c\u2019\u00e9tait l\u2019amour ?<\/span><\/em><\/p>\n","protected":false},"excerpt":{"rendered":"<p>Une entrepreneuse d\u00e9bord\u00e9e, un client impr\u00e9vu, une demande totalement folle&#8230; \u00c0 la t\u00eate de Cadeau Parfait, \u00c9lise Martin n\u2019a pas une minute \u00e0 elle \u00e0 l\u2019approche de No\u00ebl. Son objectif ? Proposer des pr\u00e9sents sur mesure pour ses clients ! Cette ann\u00e9e, Rayan Colin, homme d\u2019affaire aussi s\u00e9duisant que d\u00e9termin\u00e9, cherche \u00e0 surprendre sa famille [&hellip;]<\/p>\n","protected":false},"featured_media":9092,"comment_status":"open","ping_status":"closed","template":"","meta":{"_acf_changed":false,"content-type":""},"product_brand":[],"product_cat":[59],"product_tag":[],"class_list":{"0":"post-9090","1":"product","2":"type-product","3":"status-publish","4":"has-post-thumbnail","6":"product_cat-non-classe","8":"first","9":"instock","10":"taxable","11":"shipping-taxable","12":"purchasable","13":"product-type-simple"},"acf":{"auteur":"","date_parution":null,"bestseller":false,"librairie":false},"aioseo_notices":[],"_links":{"self":[{"href":"https:\/\/butterfly-editions.com\/index.php\/wp-json\/wp\/v2\/product\/9090","targetHints":{"allow":["GET"]}}],"collection":[{"href":"https:\/\/butterfly-editions.com\/index.php\/wp-json\/wp\/v2\/product"}],"about":[{"href":"https:\/\/butterfly-editions.com\/index.php\/wp-json\/wp\/v2\/types\/product"}],"replies":[{"embeddable":true,"href":"https:\/\/butterfly-editions.com\/index.php\/wp-json\/wp\/v2\/comments?post=9090"}],"wp:featuredmedia":[{"embeddable":true,"href":"https:\/\/butterfly-editions.com\/index.php\/wp-json\/wp\/v2\/media\/9092"}],"wp:attachment":[{"href":"https:\/\/butterfly-editions.com\/index.php\/wp-json\/wp\/v2\/media?parent=9090"}],"wp:term":[{"taxonomy":"product_brand","embeddable":true,"href":"https:\/\/butterfly-editions.com\/index.php\/wp-json\/wp\/v2\/product_brand?post=9090"},{"taxonomy":"product_cat","embeddable":true,"href":"https:\/\/butterfly-editions.com\/index.php\/wp-json\/wp\/v2\/product_cat?post=9090"},{"taxonomy":"product_tag","embeddable":true,"href":"https:\/\/butterfly-editions.com\/index.php\/wp-json\/wp\/v2\/product_tag?post=9090"}],"curies":[{"name":"wp","href":"https:\/\/api.w.org\/{rel}","templated":true}]}}