{"id":9088,"date":"2025-11-05T14:16:30","date_gmt":"2025-11-05T13:16:30","guid":{"rendered":"https:\/\/butterfly-editions.com\/?post_type=product&#038;p=9088"},"modified":"2025-11-05T14:16:40","modified_gmt":"2025-11-05T13:16:40","slug":"mission-noel-ou-comment-succomber-a-son-fake-boyfriend","status":"publish","type":"product","link":"https:\/\/butterfly-editions.com\/index.php\/produit\/mission-noel-ou-comment-succomber-a-son-fake-boyfriend\/","title":{"rendered":"Mission No\u00ebl : ou comment succomber \u00e0 son fake boyfriend &#8211; Elesia JLM"},"content":{"rendered":"<p><strong><span class=\"a-text-bold\">Quand un footballeur ronchon rencontre une grenouille maladroite, No\u00ebl promet de devenir chaotique !<\/span><\/strong><\/p>\n<p>Quand ils parlent d\u2019elle, tous les proches de Holly sont formels : attention \u00e0 la tornade ! Bord\u00e9lique, spontan\u00e9e et attachante, la jeune femme attend toujours de rencontrer l\u2019amour de sa vie&#8230; le jour de No\u00ebl, et pas avant !<\/p>\n<p>De son c\u00f4t\u00e9, Lennox ne s\u2019attendait pas \u00e0 tomber sur la femme parfaite \u00e0 quelques jours des f\u00eates. Lors d\u2019une soir\u00e9e, il croise une \u00e9trange inconnue aussi solaire qu\u2019il est grognon. Mais apr\u00e8s une nuit hors du temps, elle le repousse, sans explications.<\/p>\n<p>Elle refuse de c\u00e9der. Il ne veut qu\u2019elle. Et quand ils se retrouvent oblig\u00e9s de pr\u00e9tendre former un couple devant leurs familles respectives, la com\u00e9die pourrait bien devenir r\u00e9alit\u00e9.<\/p>\n","protected":false},"excerpt":{"rendered":"<p>Quand un footballeur ronchon rencontre une grenouille maladroite, No\u00ebl promet de devenir chaotique ! Quand ils parlent d\u2019elle, tous les proches de Holly sont formels : attention \u00e0 la tornade ! Bord\u00e9lique, spontan\u00e9e et attachante, la jeune femme attend toujours de rencontrer l\u2019amour de sa vie&#8230; le jour de No\u00ebl, et pas avant ! De [&hellip;]<\/p>\n","protected":false},"featured_media":9089,"comment_status":"open","ping_status":"closed","template":"","meta":{"_acf_changed":false,"content-type":""},"product_brand":[],"product_cat":[59],"product_tag":[],"class_list":{"0":"post-9088","1":"product","2":"type-product","3":"status-publish","4":"has-post-thumbnail","6":"product_cat-non-classe","8":"first","9":"instock","10":"taxable","11":"shipping-taxable","12":"purchasable","13":"product-type-simple"},"acf":{"auteur":"","date_parution":null,"bestseller":false,"librairie":false},"aioseo_notices":[],"_links":{"self":[{"href":"https:\/\/butterfly-editions.com\/index.php\/wp-json\/wp\/v2\/product\/9088","targetHints":{"allow":["GET"]}}],"collection":[{"href":"https:\/\/butterfly-editions.com\/index.php\/wp-json\/wp\/v2\/product"}],"about":[{"href":"https:\/\/butterfly-editions.com\/index.php\/wp-json\/wp\/v2\/types\/product"}],"replies":[{"embeddable":true,"href":"https:\/\/butterfly-editions.com\/index.php\/wp-json\/wp\/v2\/comments?post=9088"}],"wp:featuredmedia":[{"embeddable":true,"href":"https:\/\/butterfly-editions.com\/index.php\/wp-json\/wp\/v2\/media\/9089"}],"wp:attachment":[{"href":"https:\/\/butterfly-editions.com\/index.php\/wp-json\/wp\/v2\/media?parent=9088"}],"wp:term":[{"taxonomy":"product_brand","embeddable":true,"href":"https:\/\/butterfly-editions.com\/index.php\/wp-json\/wp\/v2\/product_brand?post=9088"},{"taxonomy":"product_cat","embeddable":true,"href":"https:\/\/butterfly-editions.com\/index.php\/wp-json\/wp\/v2\/product_cat?post=9088"},{"taxonomy":"product_tag","embeddable":true,"href":"https:\/\/butterfly-editions.com\/index.php\/wp-json\/wp\/v2\/product_tag?post=9088"}],"curies":[{"name":"wp","href":"https:\/\/api.w.org\/{rel}","templated":true}]}}