{"id":9086,"date":"2025-11-05T14:09:47","date_gmt":"2025-11-05T13:09:47","guid":{"rendered":"https:\/\/butterfly-editions.com\/?post_type=product&#038;p=9086"},"modified":"2025-11-05T14:09:47","modified_gmt":"2025-11-05T13:09:47","slug":"un-paquet-de-complications-pour-noel-laura-collins-edition-brochee","status":"publish","type":"product","link":"https:\/\/butterfly-editions.com\/index.php\/produit\/un-paquet-de-complications-pour-noel-laura-collins-edition-brochee\/","title":{"rendered":"Un paquet de complications pour No\u00ebl &#8211; Laura Collins &#8211; \u00e9dition broch\u00e9e"},"content":{"rendered":"<p>Apr\u00e8s la mort de son p\u00e8re, Wilhem a \u00e9t\u00e9 contraint de quitter provisoirement Paris et de revenir en Alsace pour s\u2019occuper de sa demi-s\u0153ur de sept ans, Olivia, d\u00e9sormais orpheline.<\/p>\n<p>Malheureusement, les complications s\u2019accumulent, l\u2019emp\u00eachant de retrouver sa vie parisienne : songer aux f\u00eates qui approchent, repousser ce requin d\u2019Augustin qui veut mettre la main sur l\u2019exploitation vinicole familiale, et surtout&#8230; trouver LA baby-sitter qui saura apprivoiser la petite Olivia.<\/p>\n<p>Apr\u00e8s une premi\u00e8re rencontre tendue et d\u00e9sagr\u00e9able, C\u00e9lia accepte le poste. Au moins, avec Wilhem, elle ne risque pas de faillir \u00e0 sa promesse. Ne jamais tomber amoureuse !<\/p>\n<p><em><span class=\"a-text-italic\">\u00c0 moins que&#8230; la magie de No\u00ebl ne r\u00e9serve quelques surprises inattendues&#8230;<\/span><\/em><\/p>\n","protected":false},"excerpt":{"rendered":"<p>Apr\u00e8s la mort de son p\u00e8re, Wilhem a \u00e9t\u00e9 contraint de quitter provisoirement Paris et de revenir en Alsace pour s\u2019occuper de sa demi-s\u0153ur de sept ans, Olivia, d\u00e9sormais orpheline. Malheureusement, les complications s\u2019accumulent, l\u2019emp\u00eachant de retrouver sa vie parisienne : songer aux f\u00eates qui approchent, repousser ce requin d\u2019Augustin qui veut mettre la main [&hellip;]<\/p>\n","protected":false},"featured_media":9087,"comment_status":"open","ping_status":"closed","template":"","meta":{"_acf_changed":false,"content-type":""},"product_brand":[],"product_cat":[59],"product_tag":[],"class_list":{"0":"post-9086","1":"product","2":"type-product","3":"status-publish","4":"has-post-thumbnail","6":"product_cat-non-classe","8":"first","9":"instock","10":"taxable","11":"shipping-taxable","12":"purchasable","13":"product-type-simple"},"acf":{"auteur":"","date_parution":null,"bestseller":false,"librairie":false},"aioseo_notices":[],"_links":{"self":[{"href":"https:\/\/butterfly-editions.com\/index.php\/wp-json\/wp\/v2\/product\/9086","targetHints":{"allow":["GET"]}}],"collection":[{"href":"https:\/\/butterfly-editions.com\/index.php\/wp-json\/wp\/v2\/product"}],"about":[{"href":"https:\/\/butterfly-editions.com\/index.php\/wp-json\/wp\/v2\/types\/product"}],"replies":[{"embeddable":true,"href":"https:\/\/butterfly-editions.com\/index.php\/wp-json\/wp\/v2\/comments?post=9086"}],"wp:featuredmedia":[{"embeddable":true,"href":"https:\/\/butterfly-editions.com\/index.php\/wp-json\/wp\/v2\/media\/9087"}],"wp:attachment":[{"href":"https:\/\/butterfly-editions.com\/index.php\/wp-json\/wp\/v2\/media?parent=9086"}],"wp:term":[{"taxonomy":"product_brand","embeddable":true,"href":"https:\/\/butterfly-editions.com\/index.php\/wp-json\/wp\/v2\/product_brand?post=9086"},{"taxonomy":"product_cat","embeddable":true,"href":"https:\/\/butterfly-editions.com\/index.php\/wp-json\/wp\/v2\/product_cat?post=9086"},{"taxonomy":"product_tag","embeddable":true,"href":"https:\/\/butterfly-editions.com\/index.php\/wp-json\/wp\/v2\/product_tag?post=9086"}],"curies":[{"name":"wp","href":"https:\/\/api.w.org\/{rel}","templated":true}]}}