{"id":9082,"date":"2025-11-05T11:51:03","date_gmt":"2025-11-05T10:51:03","guid":{"rendered":"https:\/\/butterfly-editions.com\/?post_type=product&#038;p=9082"},"modified":"2025-11-05T11:51:03","modified_gmt":"2025-11-05T10:51:03","slug":"my-lovely-neighbor-emilia-robinst-edition-2025","status":"publish","type":"product","link":"https:\/\/butterfly-editions.com\/index.php\/produit\/my-lovely-neighbor-emilia-robinst-edition-2025\/","title":{"rendered":"My lovely Neighbor &#8211; Emilia Robinst &#8211; \u00e9dition 2025"},"content":{"rendered":"<p><strong><span class=\"a-text-bold\">Et si l&rsquo;histoire de votre vie se trouvait sur le pas de votre porte ?<\/span><\/strong><\/p>\n<p>Fra\u00eechement rentr\u00e9e de Londres, le c\u0153ur bris\u00e9 et le compte en banque vide, Alix Deroy est bien d\u00e9cid\u00e9e \u00e0 reprendre du poil de la b\u00eate. Exit les mecs, les f\u00eates, les paillettes et les jolies papillons, l&rsquo;heure est \u00e0 la survie et \u00e0 la reconstruction.<\/p>\n<p>Mais c&rsquo;est sans compter sur sa meilleure amie obstin\u00e9e, son coll\u00e8gue de boulot sans g\u00eane et ses voisins envahissants.<\/p>\n<p>En particulier celui du quatri\u00e8me \u00e9tage, un expatri\u00e9 \u00e9cossais dont le seul but est, visiblement, de r\u00e9veiller l&rsquo;orage qui dort en elle&#8230;<\/p>\n","protected":false},"excerpt":{"rendered":"<p>Et si l&rsquo;histoire de votre vie se trouvait sur le pas de votre porte ? Fra\u00eechement rentr\u00e9e de Londres, le c\u0153ur bris\u00e9 et le compte en banque vide, Alix Deroy est bien d\u00e9cid\u00e9e \u00e0 reprendre du poil de la b\u00eate. Exit les mecs, les f\u00eates, les paillettes et les jolies papillons, l&rsquo;heure est \u00e0 la [&hellip;]<\/p>\n","protected":false},"featured_media":9083,"comment_status":"open","ping_status":"closed","template":"","meta":{"_acf_changed":false,"content-type":""},"product_brand":[],"product_cat":[59],"product_tag":[],"class_list":{"0":"post-9082","1":"product","2":"type-product","3":"status-publish","4":"has-post-thumbnail","6":"product_cat-non-classe","8":"first","9":"instock","10":"taxable","11":"shipping-taxable","12":"purchasable","13":"product-type-simple"},"acf":{"auteur":"","date_parution":null,"bestseller":false,"librairie":false},"aioseo_notices":[],"_links":{"self":[{"href":"https:\/\/butterfly-editions.com\/index.php\/wp-json\/wp\/v2\/product\/9082","targetHints":{"allow":["GET"]}}],"collection":[{"href":"https:\/\/butterfly-editions.com\/index.php\/wp-json\/wp\/v2\/product"}],"about":[{"href":"https:\/\/butterfly-editions.com\/index.php\/wp-json\/wp\/v2\/types\/product"}],"replies":[{"embeddable":true,"href":"https:\/\/butterfly-editions.com\/index.php\/wp-json\/wp\/v2\/comments?post=9082"}],"wp:featuredmedia":[{"embeddable":true,"href":"https:\/\/butterfly-editions.com\/index.php\/wp-json\/wp\/v2\/media\/9083"}],"wp:attachment":[{"href":"https:\/\/butterfly-editions.com\/index.php\/wp-json\/wp\/v2\/media?parent=9082"}],"wp:term":[{"taxonomy":"product_brand","embeddable":true,"href":"https:\/\/butterfly-editions.com\/index.php\/wp-json\/wp\/v2\/product_brand?post=9082"},{"taxonomy":"product_cat","embeddable":true,"href":"https:\/\/butterfly-editions.com\/index.php\/wp-json\/wp\/v2\/product_cat?post=9082"},{"taxonomy":"product_tag","embeddable":true,"href":"https:\/\/butterfly-editions.com\/index.php\/wp-json\/wp\/v2\/product_tag?post=9082"}],"curies":[{"name":"wp","href":"https:\/\/api.w.org\/{rel}","templated":true}]}}