{"id":9077,"date":"2025-11-05T11:42:56","date_gmt":"2025-11-05T10:42:56","guid":{"rendered":"https:\/\/butterfly-editions.com\/?post_type=product&#038;p=9077"},"modified":"2025-11-05T11:42:57","modified_gmt":"2025-11-05T10:42:57","slug":"fake-lover-next-door-sally-p-jones","status":"publish","type":"product","link":"https:\/\/butterfly-editions.com\/index.php\/produit\/fake-lover-next-door-sally-p-jones\/","title":{"rendered":"Fake Lover Next Door &#8211; Sally P. Jones"},"content":{"rendered":"<p>Ce livre est destin\u00e9 \u00e0 un public averti. Trigger warnings : violence, meurtres, drogue, tentative de viol.<\/p>\n<p><strong><span class=\"a-text-bold\">Rain veut changer d\u2019identit\u00e9, de vie.<\/span><\/strong><\/p>\n<p><strong><span class=\"a-text-bold\">Insolent, arrogant et impulsif, son nouveau voisin, Ranger, a besoin d\u2019une petite amie.<\/span><\/strong><\/p>\n<p><strong><span class=\"a-text-bold\">Un deal serait-il la solution \u00e0 leurs probl\u00e8mes ?<\/span><\/strong><\/p>\n<p>Apr\u00e8s un \u00e9v\u00e8nement traumatisant, Rain, vingt-trois ans, d\u00e9cide de s&rsquo;installer \u00e0 Rock River, loin de tout probl\u00e8me et danger, en se promettant de ne plus commettre les m\u00eames erreurs que par le pass\u00e9.<\/p>\n<p>Sur son palier, elle rencontre son voisin, Ranger Blade, sex symbol et connard de premi\u00e8re. Il d\u00e9boule dans sa vie comme un animal sauvage. Avec force et f\u00e9rocit\u00e9.<\/p>\n<p>Si la raison conseille \u00e0 Rain de l&rsquo;\u00e9viter le plus possible, elle ne parviendra pas \u00e0 r\u00e9sister \u00e0 l&rsquo;attirance qui la pousse vers lui. Encore moins \u00e0 sa proposition inattendue : se faire passer pour sa petite amie.<\/p>\n<p><em><span class=\"a-text-italic\">Une \u00e2me aussi fragile que Rain pourra-t-elle en sortir indemne ou se perdra-t-elle entre les bras du temp\u00e9tueux Ranger ?<\/span><\/em><\/p>\n","protected":false},"excerpt":{"rendered":"<p>Ce livre est destin\u00e9 \u00e0 un public averti. Trigger warnings : violence, meurtres, drogue, tentative de viol. Rain veut changer d\u2019identit\u00e9, de vie. Insolent, arrogant et impulsif, son nouveau voisin, Ranger, a besoin d\u2019une petite amie. Un deal serait-il la solution \u00e0 leurs probl\u00e8mes ? Apr\u00e8s un \u00e9v\u00e8nement traumatisant, Rain, vingt-trois ans, d\u00e9cide de s&rsquo;installer [&hellip;]<\/p>\n","protected":false},"featured_media":9078,"comment_status":"open","ping_status":"closed","template":"","meta":{"_acf_changed":false,"content-type":""},"product_brand":[],"product_cat":[59],"product_tag":[],"class_list":{"0":"post-9077","1":"product","2":"type-product","3":"status-publish","4":"has-post-thumbnail","6":"product_cat-non-classe","8":"first","9":"instock","10":"taxable","11":"shipping-taxable","12":"purchasable","13":"product-type-simple"},"acf":{"auteur":"","date_parution":null,"bestseller":false,"librairie":false},"aioseo_notices":[],"_links":{"self":[{"href":"https:\/\/butterfly-editions.com\/index.php\/wp-json\/wp\/v2\/product\/9077","targetHints":{"allow":["GET"]}}],"collection":[{"href":"https:\/\/butterfly-editions.com\/index.php\/wp-json\/wp\/v2\/product"}],"about":[{"href":"https:\/\/butterfly-editions.com\/index.php\/wp-json\/wp\/v2\/types\/product"}],"replies":[{"embeddable":true,"href":"https:\/\/butterfly-editions.com\/index.php\/wp-json\/wp\/v2\/comments?post=9077"}],"wp:featuredmedia":[{"embeddable":true,"href":"https:\/\/butterfly-editions.com\/index.php\/wp-json\/wp\/v2\/media\/9078"}],"wp:attachment":[{"href":"https:\/\/butterfly-editions.com\/index.php\/wp-json\/wp\/v2\/media?parent=9077"}],"wp:term":[{"taxonomy":"product_brand","embeddable":true,"href":"https:\/\/butterfly-editions.com\/index.php\/wp-json\/wp\/v2\/product_brand?post=9077"},{"taxonomy":"product_cat","embeddable":true,"href":"https:\/\/butterfly-editions.com\/index.php\/wp-json\/wp\/v2\/product_cat?post=9077"},{"taxonomy":"product_tag","embeddable":true,"href":"https:\/\/butterfly-editions.com\/index.php\/wp-json\/wp\/v2\/product_tag?post=9077"}],"curies":[{"name":"wp","href":"https:\/\/api.w.org\/{rel}","templated":true}]}}