{"id":9075,"date":"2025-11-05T11:38:39","date_gmt":"2025-11-05T10:38:39","guid":{"rendered":"https:\/\/butterfly-editions.com\/?post_type=product&#038;p=9075"},"modified":"2025-11-05T11:38:39","modified_gmt":"2025-11-05T10:38:39","slug":"coloc-avec-mon-ex-ludivine-hart","status":"publish","type":"product","link":"https:\/\/butterfly-editions.com\/index.php\/produit\/coloc-avec-mon-ex-ludivine-hart\/","title":{"rendered":"Coloc avec mon ex &#8211; Ludivine Hart"},"content":{"rendered":"<p><strong><span class=\"a-text-bold\">Paris est cens\u00e9e \u00eatre la capitale de l&rsquo;amour ? Ou pas&#8230;<\/span><\/strong><\/p>\n<p><strong><span class=\"a-text-bold\">Se retrouver en coloc avec son ex, on s&rsquo;en passerait !<\/span><\/strong><\/p>\n<p>Gabin partage son appartement en plein Paris avec son meilleur ami Quentin, jusqu&rsquo;au jour o\u00f9 ils ont besoin d&rsquo;un troisi\u00e8me colocataire. Il imaginait tout, sauf retrouver Abbiga\u00eblle, la fille dont il est tomb\u00e9 fou amoureux, sept ans en arri\u00e8re, \u00e0 la fac.<\/p>\n<p>\u00ab Fuis moi, je te suis. Suis-moi, je te fuis \u00bb a \u00e9t\u00e9 leur cr\u00e9do pendant des ann\u00e9es.<\/p>\n<p>Elle l&rsquo;a quitt\u00e9 apr\u00e8s un moment intime, puis l&rsquo;a d\u00e9finitivement repouss\u00e9.<\/p>\n<p>Elle a refait le premier pas, il l&rsquo;a rejet\u00e9e \u00e0 son tour.<\/p>\n<p>L&rsquo;heure de la vengeance a sonn\u00e9. Quoi de mieux que cette proximit\u00e9 forc\u00e9e pour que Gabin puisse lui mener la vie dure. Il ne s&rsquo;attendait \u00e0 tout sauf \u00e0 ses sentiments toujours intacts pour la jeune femme.<\/p>\n<p>Une colocation explosive, remplie de tensions&#8230;<\/p>\n<p><em><span class=\"a-text-italic\">Vont-ils continuer leur inlassable jeu du chat et de la souris, ou vont-ils enfin se laisser aller \u00e0 leurs sentiments enfouis ?<\/span><\/em><\/p>\n","protected":false},"excerpt":{"rendered":"<p>Paris est cens\u00e9e \u00eatre la capitale de l&rsquo;amour ? Ou pas&#8230; Se retrouver en coloc avec son ex, on s&rsquo;en passerait ! Gabin partage son appartement en plein Paris avec son meilleur ami Quentin, jusqu&rsquo;au jour o\u00f9 ils ont besoin d&rsquo;un troisi\u00e8me colocataire. Il imaginait tout, sauf retrouver Abbiga\u00eblle, la fille dont il est tomb\u00e9 [&hellip;]<\/p>\n","protected":false},"featured_media":9076,"comment_status":"open","ping_status":"closed","template":"","meta":{"_acf_changed":false,"content-type":""},"product_brand":[],"product_cat":[59],"product_tag":[],"class_list":{"0":"post-9075","1":"product","2":"type-product","3":"status-publish","4":"has-post-thumbnail","6":"product_cat-non-classe","8":"first","9":"instock","10":"taxable","11":"shipping-taxable","12":"purchasable","13":"product-type-simple"},"acf":{"auteur":"","date_parution":null,"bestseller":false,"librairie":false},"aioseo_notices":[],"_links":{"self":[{"href":"https:\/\/butterfly-editions.com\/index.php\/wp-json\/wp\/v2\/product\/9075","targetHints":{"allow":["GET"]}}],"collection":[{"href":"https:\/\/butterfly-editions.com\/index.php\/wp-json\/wp\/v2\/product"}],"about":[{"href":"https:\/\/butterfly-editions.com\/index.php\/wp-json\/wp\/v2\/types\/product"}],"replies":[{"embeddable":true,"href":"https:\/\/butterfly-editions.com\/index.php\/wp-json\/wp\/v2\/comments?post=9075"}],"wp:featuredmedia":[{"embeddable":true,"href":"https:\/\/butterfly-editions.com\/index.php\/wp-json\/wp\/v2\/media\/9076"}],"wp:attachment":[{"href":"https:\/\/butterfly-editions.com\/index.php\/wp-json\/wp\/v2\/media?parent=9075"}],"wp:term":[{"taxonomy":"product_brand","embeddable":true,"href":"https:\/\/butterfly-editions.com\/index.php\/wp-json\/wp\/v2\/product_brand?post=9075"},{"taxonomy":"product_cat","embeddable":true,"href":"https:\/\/butterfly-editions.com\/index.php\/wp-json\/wp\/v2\/product_cat?post=9075"},{"taxonomy":"product_tag","embeddable":true,"href":"https:\/\/butterfly-editions.com\/index.php\/wp-json\/wp\/v2\/product_tag?post=9075"}],"curies":[{"name":"wp","href":"https:\/\/api.w.org\/{rel}","templated":true}]}}