{"id":8878,"date":"2025-09-26T15:41:10","date_gmt":"2025-09-26T14:41:10","guid":{"rendered":"https:\/\/butterfly-editions.com\/?post_type=product&#038;p=8878"},"modified":"2025-11-07T14:12:59","modified_gmt":"2025-11-07T13:12:59","slug":"falling-for-my-flirty-boss-lila-collins-precommandes-dedicacees-sortie-le-10-10","status":"publish","type":"product","link":"https:\/\/butterfly-editions.com\/index.php\/produit\/falling-for-my-flirty-boss-lila-collins-precommandes-dedicacees-sortie-le-10-10\/","title":{"rendered":"Falling for my flirty boss &#8211; Lila Collins &#8211; D\u00e9dicac\u00e9 !"},"content":{"rendered":"<p><em><span class=\"a-text-italic\">* Anciennement \u00e9dit\u00e9 sous le titre \u00ab\u00a0Devious BOSS\u00a0\u00bb *<\/span><\/em><\/p>\n<p><strong><span class=\"a-text-bold\">Penser continuellement \u00e0 son amour de jeunesse&#8230;\u00a0<\/span><span class=\"a-text-bold a-text-italic\">check.<\/span><\/strong><\/p>\n<p><strong><span class=\"a-text-bold\">\u00catre son interdit&#8230;\u00a0<\/span><span class=\"a-text-bold a-text-italic\">check.<\/span><\/strong><\/p>\n<p><strong><span class=\"a-text-bold\">Devenir son BOSS&#8230;\u00a0<\/span><span class=\"a-text-bold a-text-italic\">\u00e9tincelles garanties.<\/span><\/strong><\/p>\n<p>J\u2019ai aim\u00e9 Amalia. Profond\u00e9ment.<\/p>\n<p>Elle, l\u2019intouchable.\u00a0<span class=\"a-text-italic\">Mon\u00a0<\/span>interdite.<\/p>\n<p>En prenant la t\u00eate de notre ancien lyc\u00e9e, je ne m\u2019imaginais pas la retrouver en tant que nouvelle professeur rempla\u00e7ante.<\/p>\n<p>Je n\u2019\u00e9tais pas pr\u00e9par\u00e9 \u00e0 ses yeux encore plus per\u00e7ants. \u00c0 sa beaut\u00e9 naturelle. \u00c0 ses l\u00e8vres tentantes. Et surtout pas \u00e0 sa froideur.<\/p>\n<p>Il y a des ann\u00e9es, j\u2019ai accept\u00e9 le pacte impos\u00e9 par mes parents. Ne plus jamais l\u2019embrasser ni la toucher. Pour sauver leur honneur, leur culture.<\/p>\n<p><em><span class=\"a-text-italic\">Je suis Niels Walters et ma vie s\u2019appr\u00eate \u00e0 changer \u00e0 tout jamais.<\/span><\/em><\/p>\n","protected":false},"excerpt":{"rendered":"<p>* Anciennement \u00e9dit\u00e9 sous le titre \u00ab\u00a0Devious BOSS\u00a0\u00bb * Penser continuellement \u00e0 son amour de jeunesse&#8230;\u00a0check. \u00catre son interdit&#8230;\u00a0check. Devenir son BOSS&#8230;\u00a0\u00e9tincelles garanties. J\u2019ai aim\u00e9 Amalia. Profond\u00e9ment. Elle, l\u2019intouchable.\u00a0Mon\u00a0interdite. En prenant la t\u00eate de notre ancien lyc\u00e9e, je ne m\u2019imaginais pas la retrouver en tant que nouvelle professeur rempla\u00e7ante. Je n\u2019\u00e9tais pas pr\u00e9par\u00e9 \u00e0 ses [&hellip;]<\/p>\n","protected":false},"featured_media":8879,"comment_status":"open","ping_status":"closed","template":"","meta":{"_acf_changed":false,"content-type":""},"product_brand":[],"product_cat":[59],"product_tag":[],"class_list":{"0":"post-8878","1":"product","2":"type-product","3":"status-publish","4":"has-post-thumbnail","6":"product_cat-non-classe","8":"first","9":"instock","10":"taxable","11":"shipping-taxable","12":"purchasable","13":"product-type-simple"},"acf":{"auteur":"","date_parution":null,"bestseller":false,"librairie":false},"aioseo_notices":[],"_links":{"self":[{"href":"https:\/\/butterfly-editions.com\/index.php\/wp-json\/wp\/v2\/product\/8878","targetHints":{"allow":["GET"]}}],"collection":[{"href":"https:\/\/butterfly-editions.com\/index.php\/wp-json\/wp\/v2\/product"}],"about":[{"href":"https:\/\/butterfly-editions.com\/index.php\/wp-json\/wp\/v2\/types\/product"}],"replies":[{"embeddable":true,"href":"https:\/\/butterfly-editions.com\/index.php\/wp-json\/wp\/v2\/comments?post=8878"}],"wp:featuredmedia":[{"embeddable":true,"href":"https:\/\/butterfly-editions.com\/index.php\/wp-json\/wp\/v2\/media\/8879"}],"wp:attachment":[{"href":"https:\/\/butterfly-editions.com\/index.php\/wp-json\/wp\/v2\/media?parent=8878"}],"wp:term":[{"taxonomy":"product_brand","embeddable":true,"href":"https:\/\/butterfly-editions.com\/index.php\/wp-json\/wp\/v2\/product_brand?post=8878"},{"taxonomy":"product_cat","embeddable":true,"href":"https:\/\/butterfly-editions.com\/index.php\/wp-json\/wp\/v2\/product_cat?post=8878"},{"taxonomy":"product_tag","embeddable":true,"href":"https:\/\/butterfly-editions.com\/index.php\/wp-json\/wp\/v2\/product_tag?post=8878"}],"curies":[{"name":"wp","href":"https:\/\/api.w.org\/{rel}","templated":true}]}}