{"id":8873,"date":"2025-09-26T15:29:38","date_gmt":"2025-09-26T14:29:38","guid":{"rendered":"https:\/\/butterfly-editions.com\/?post_type=product&#038;p=8873"},"modified":"2025-11-07T14:13:29","modified_gmt":"2025-11-07T13:13:29","slug":"falling-for-my-stepbrother-lila-collins-precommandes-dedicacees-sortie-le-10-10","status":"publish","type":"product","link":"https:\/\/butterfly-editions.com\/index.php\/produit\/falling-for-my-stepbrother-lila-collins-precommandes-dedicacees-sortie-le-10-10\/","title":{"rendered":"Falling for my stepbrother &#8211; Lila Collins &#8211; D\u00e9dicac\u00e9 !"},"content":{"rendered":"<p><em><span class=\"a-text-italic\">* Anciennement \u00e9dit\u00e9 sous le titre \u00ab\u00a0Devious Stepbrother*<\/span><\/em><\/p>\n<p><strong><span class=\"a-text-bold\">Un bad boy sombre et dangereux.<\/span><\/strong><\/p>\n<p><strong><span class=\"a-text-bold\">Une lyc\u00e9enne troubl\u00e9e et perdue.<\/span><\/strong><\/p>\n<p><strong><span class=\"a-text-bold\">Des retrouvailles&#8230; explosives.<\/span><\/strong><\/p>\n<p>Willow s\u2019\u00e9tait fait la promesse de ne jamais revoir Nate, celui qui lui a bris\u00e9 le c\u0153ur, l\u2019\u00e2me et bien plus encore. Nate, le fils de l\u2019ex-petit ami de sa m\u00e8re.<\/p>\n<p>Nate a tant bien que mal refait sa vie depuis le d\u00e9part de Will\u2019 deux ans plus t\u00f4t. Ou plut\u00f4t, la culpabilit\u00e9 qui le ronge lui permet juste de survivre. Si quiconque devait avoir vent de ce qu\u2019il s\u2019est pass\u00e9, il risque gros. Tr\u00e8s tr\u00e8s gros.<\/p>\n<p>Quand leurs parents d\u00e9cident de se donner une deuxi\u00e8me chance, que Willow et sa m\u00e8re les rejoignent en Floride, ils n\u2019ont pas le choix. Leur cohabitation devra durer au moins un an, le temps qu\u2019ils partent chacun de leur c\u00f4t\u00e9 \u00e0 l\u2019universit\u00e9&#8230;<\/p>\n<p><em><span class=\"a-text-italic\">Entre mensonges, faux-semblants, et cette folle attirance interdite, pourront-ils survivre \u00e0 cette colocation forc\u00e9e ?<\/span><\/em><\/p>\n","protected":false},"excerpt":{"rendered":"<p>* Anciennement \u00e9dit\u00e9 sous le titre \u00ab\u00a0Devious Stepbrother* Un bad boy sombre et dangereux. Une lyc\u00e9enne troubl\u00e9e et perdue. Des retrouvailles&#8230; explosives. Willow s\u2019\u00e9tait fait la promesse de ne jamais revoir Nate, celui qui lui a bris\u00e9 le c\u0153ur, l\u2019\u00e2me et bien plus encore. Nate, le fils de l\u2019ex-petit ami de sa m\u00e8re. Nate a [&hellip;]<\/p>\n","protected":false},"featured_media":8874,"comment_status":"open","ping_status":"closed","template":"","meta":{"_acf_changed":false,"content-type":""},"product_brand":[],"product_cat":[59],"product_tag":[],"class_list":{"0":"post-8873","1":"product","2":"type-product","3":"status-publish","4":"has-post-thumbnail","6":"product_cat-non-classe","8":"first","9":"instock","10":"taxable","11":"shipping-taxable","12":"purchasable","13":"product-type-simple"},"acf":{"auteur":"","date_parution":null,"bestseller":false,"librairie":false},"aioseo_notices":[],"_links":{"self":[{"href":"https:\/\/butterfly-editions.com\/index.php\/wp-json\/wp\/v2\/product\/8873","targetHints":{"allow":["GET"]}}],"collection":[{"href":"https:\/\/butterfly-editions.com\/index.php\/wp-json\/wp\/v2\/product"}],"about":[{"href":"https:\/\/butterfly-editions.com\/index.php\/wp-json\/wp\/v2\/types\/product"}],"replies":[{"embeddable":true,"href":"https:\/\/butterfly-editions.com\/index.php\/wp-json\/wp\/v2\/comments?post=8873"}],"wp:featuredmedia":[{"embeddable":true,"href":"https:\/\/butterfly-editions.com\/index.php\/wp-json\/wp\/v2\/media\/8874"}],"wp:attachment":[{"href":"https:\/\/butterfly-editions.com\/index.php\/wp-json\/wp\/v2\/media?parent=8873"}],"wp:term":[{"taxonomy":"product_brand","embeddable":true,"href":"https:\/\/butterfly-editions.com\/index.php\/wp-json\/wp\/v2\/product_brand?post=8873"},{"taxonomy":"product_cat","embeddable":true,"href":"https:\/\/butterfly-editions.com\/index.php\/wp-json\/wp\/v2\/product_cat?post=8873"},{"taxonomy":"product_tag","embeddable":true,"href":"https:\/\/butterfly-editions.com\/index.php\/wp-json\/wp\/v2\/product_tag?post=8873"}],"curies":[{"name":"wp","href":"https:\/\/api.w.org\/{rel}","templated":true}]}}