{"id":8678,"date":"2025-08-14T14:29:42","date_gmt":"2025-08-14T13:29:42","guid":{"rendered":"https:\/\/butterfly-editions.com\/?post_type=product&#038;p=8678"},"modified":"2026-03-10T10:57:02","modified_gmt":"2026-03-10T09:57:02","slug":"my-lovely-teacher-ellie-ach-reedition-2025-precommande-sortie-le-10-09-25","status":"publish","type":"product","link":"https:\/\/butterfly-editions.com\/index.php\/produit\/my-lovely-teacher-ellie-ach-reedition-2025-precommande-sortie-le-10-09-25\/","title":{"rendered":"My Lovely Teacher"},"content":{"rendered":"<p><strong>Un \u00e9l\u00e8ve. Une professeure. L&rsquo;interdit est l\u00e0, plus puissant que jamais&#8230; Pr\u00eat \u00e0 \u00eatre brav\u00e9&#8230;<\/strong><\/p>\n<p>Elisabeth Rove, fra\u00eechement dipl\u00f4m\u00e9e, d\u00e9barque dans le nord de la France pour exercer son m\u00e9tier de professeur de sport. Elle fuit une famille envahissante et manipulatrice, qui a fait d\u2019elle une femme renferm\u00e9e et bris\u00e9e.La veille de la rentr\u00e9e, au coin d&rsquo;une ruelle, elle croise un s\u00e9duisant jeune homme, seul et bless\u00e9.<br \/>\nElle lui propose son aide qu\u2019il refuse avant de dispara\u00eetre.<br \/>\nUn premier regard et le d\u00e9sir na\u00eet&#8230;<br \/>\nLe lendemain, elle se retrouve face \u00e0 lui, dans sa propre classe. Archibald Meyer est beau, sportif, et il est surtout le fils du maire de la ville. Liz va vite comprendre que ce gar\u00e7on, bien que tr\u00e8s fort, cache de nombreuses f\u00ealures.<br \/>\nUn second regard et tout bascule&#8230;<\/p>\n<p><em>L&rsquo;attirance est l\u00e0. Chaude, puissante, envo\u00fbtante, \u00e9lectrique. Malgr\u00e9 ces sentiments interdits qui l&rsquo;assaillent, Liz va tout faire pour aider Archi, quitte \u00e0 se br\u00fbler les ailes en plein vol et risquer de tout perdre. M\u00eame le plus beau et le plus interdit des amours.<\/em><\/p>\n<div id=\"richProductInformation_feature_div\" class=\"celwidget\" data-feature-name=\"richProductInformation\" data-csa-c-id=\"b27tmy-282sjt-giqord-oqi624\" data-cel-widget=\"richProductInformation_feature_div\"><\/div>\n","protected":false},"excerpt":{"rendered":"<p>Un \u00e9l\u00e8ve. Une professeure. L&rsquo;interdit est l\u00e0, plus puissant que jamais&#8230; Pr\u00eat \u00e0 \u00eatre brav\u00e9&#8230; Elisabeth Rove, fra\u00eechement dipl\u00f4m\u00e9e, d\u00e9barque dans le nord de la France pour exercer son m\u00e9tier de professeur de sport. Elle fuit une famille envahissante et manipulatrice, qui a fait d\u2019elle une femme renferm\u00e9e et bris\u00e9e.La veille de la rentr\u00e9e, au [&hellip;]<\/p>\n","protected":false},"featured_media":8680,"comment_status":"open","ping_status":"closed","template":"","meta":{"_acf_changed":false,"content-type":""},"product_brand":[],"product_cat":[461],"product_tag":[],"class_list":{"0":"post-8678","1":"product","2":"type-product","3":"status-publish","4":"has-post-thumbnail","6":"product_cat-romance-contemporaine","8":"first","9":"instock","10":"sold-individually","11":"taxable","12":"shipping-taxable","13":"purchasable","14":"product-type-variable"},"acf":{"auteur":"Ellie Ach","date_parution":"20250910","bestseller":false,"librairie":false},"aioseo_notices":[],"_links":{"self":[{"href":"https:\/\/butterfly-editions.com\/index.php\/wp-json\/wp\/v2\/product\/8678","targetHints":{"allow":["GET"]}}],"collection":[{"href":"https:\/\/butterfly-editions.com\/index.php\/wp-json\/wp\/v2\/product"}],"about":[{"href":"https:\/\/butterfly-editions.com\/index.php\/wp-json\/wp\/v2\/types\/product"}],"replies":[{"embeddable":true,"href":"https:\/\/butterfly-editions.com\/index.php\/wp-json\/wp\/v2\/comments?post=8678"}],"wp:featuredmedia":[{"embeddable":true,"href":"https:\/\/butterfly-editions.com\/index.php\/wp-json\/wp\/v2\/media\/8680"}],"wp:attachment":[{"href":"https:\/\/butterfly-editions.com\/index.php\/wp-json\/wp\/v2\/media?parent=8678"}],"wp:term":[{"taxonomy":"product_brand","embeddable":true,"href":"https:\/\/butterfly-editions.com\/index.php\/wp-json\/wp\/v2\/product_brand?post=8678"},{"taxonomy":"product_cat","embeddable":true,"href":"https:\/\/butterfly-editions.com\/index.php\/wp-json\/wp\/v2\/product_cat?post=8678"},{"taxonomy":"product_tag","embeddable":true,"href":"https:\/\/butterfly-editions.com\/index.php\/wp-json\/wp\/v2\/product_tag?post=8678"}],"curies":[{"name":"wp","href":"https:\/\/api.w.org\/{rel}","templated":true}]}}