{"id":8675,"date":"2025-08-14T14:31:07","date_gmt":"2025-08-14T13:31:07","guid":{"rendered":"https:\/\/butterfly-editions.com\/?post_type=product&#038;p=8675"},"modified":"2025-08-14T14:35:12","modified_gmt":"2025-08-14T13:35:12","slug":"rider-heart-jessika-kostigan-precommande-sortie-le-17-09","status":"publish","type":"product","link":"https:\/\/butterfly-editions.com\/index.php\/produit\/rider-heart-jessika-kostigan-precommande-sortie-le-17-09\/","title":{"rendered":"Rider Heart &#8211; Jessika Kostigan &#8211; Pr\u00e9commande &#8211; Sortie le 17\/09"},"content":{"rendered":"<p><strong><span class=\"a-text-bold\">Tout les oppose, et pourtant&#8230;<\/span><\/strong><\/p>\n<p>Fra\u00eechement dipl\u00f4m\u00e9e, Lina revient dans sa ville natale, Sonna. Elle ne craint qu\u2019une chose, revoir Nash,\u00a0<span class=\"a-text-italic\">biker<\/span>\u00a0des\u00a0<span class=\"a-text-italic\">Skulls<\/span>&#8230; et surtout&#8230; son premier amour. Elle se l\u2019est promis, elle ne pas craquera pas pour cet ex t\u00e9n\u00e9breux.<\/p>\n<p>Nash, lui, n\u2019a aim\u00e9\u00a0<span class=\"a-text-italic\">qu\u2019elle<\/span>. Lina, il l\u2019a dans la peau. D\u00e8s qu\u2019il la revoit, il se promet de tout faire pour qu\u2019elle lui offre une seconde chance.<\/p>\n<p><em><span class=\"a-text-italic\">Leur amour sera-t-il assez fort pour pardonner l\u2019impardonnable ?<\/span><\/em><\/p>\n","protected":false},"excerpt":{"rendered":"<p>Tout les oppose, et pourtant&#8230; Fra\u00eechement dipl\u00f4m\u00e9e, Lina revient dans sa ville natale, Sonna. Elle ne craint qu\u2019une chose, revoir Nash,\u00a0biker\u00a0des\u00a0Skulls&#8230; et surtout&#8230; son premier amour. Elle se l\u2019est promis, elle ne pas craquera pas pour cet ex t\u00e9n\u00e9breux. Nash, lui, n\u2019a aim\u00e9\u00a0qu\u2019elle. Lina, il l\u2019a dans la peau. D\u00e8s qu\u2019il la revoit, il se [&hellip;]<\/p>\n","protected":false},"featured_media":8676,"comment_status":"open","ping_status":"closed","template":"","meta":{"_acf_changed":false,"content-type":""},"product_brand":[],"product_cat":[59],"product_tag":[],"class_list":{"0":"post-8675","1":"product","2":"type-product","3":"status-publish","4":"has-post-thumbnail","6":"product_cat-non-classe","8":"first","9":"instock","10":"taxable","11":"shipping-taxable","12":"purchasable","13":"product-type-simple"},"acf":{"auteur":"","date_parution":null,"bestseller":false,"librairie":false},"aioseo_notices":[],"_links":{"self":[{"href":"https:\/\/butterfly-editions.com\/index.php\/wp-json\/wp\/v2\/product\/8675","targetHints":{"allow":["GET"]}}],"collection":[{"href":"https:\/\/butterfly-editions.com\/index.php\/wp-json\/wp\/v2\/product"}],"about":[{"href":"https:\/\/butterfly-editions.com\/index.php\/wp-json\/wp\/v2\/types\/product"}],"replies":[{"embeddable":true,"href":"https:\/\/butterfly-editions.com\/index.php\/wp-json\/wp\/v2\/comments?post=8675"}],"wp:featuredmedia":[{"embeddable":true,"href":"https:\/\/butterfly-editions.com\/index.php\/wp-json\/wp\/v2\/media\/8676"}],"wp:attachment":[{"href":"https:\/\/butterfly-editions.com\/index.php\/wp-json\/wp\/v2\/media?parent=8675"}],"wp:term":[{"taxonomy":"product_brand","embeddable":true,"href":"https:\/\/butterfly-editions.com\/index.php\/wp-json\/wp\/v2\/product_brand?post=8675"},{"taxonomy":"product_cat","embeddable":true,"href":"https:\/\/butterfly-editions.com\/index.php\/wp-json\/wp\/v2\/product_cat?post=8675"},{"taxonomy":"product_tag","embeddable":true,"href":"https:\/\/butterfly-editions.com\/index.php\/wp-json\/wp\/v2\/product_tag?post=8675"}],"curies":[{"name":"wp","href":"https:\/\/api.w.org\/{rel}","templated":true}]}}