{"id":8597,"date":"2025-07-25T13:35:21","date_gmt":"2025-07-25T12:35:21","guid":{"rendered":"https:\/\/butterfly-editions.com\/?post_type=product&#038;p=8597"},"modified":"2026-01-30T16:45:18","modified_gmt":"2026-01-30T15:45:18","slug":"golden-emma-pope-reedition-2025-precommande-sortie-le-10-09-25","status":"publish","type":"product","link":"https:\/\/butterfly-editions.com\/index.php\/produit\/golden-emma-pope-reedition-2025-precommande-sortie-le-10-09-25\/","title":{"rendered":"Golden"},"content":{"rendered":"<p><strong>Une seule rencontre peut parfois bouleverser toute une vie. Un regard \u00e9chang\u00e9, un sourire, et tous les principes auxquels on tient&#8230; s&rsquo;envolent.<\/strong><\/p>\n<p>Lorsque Zo\u00e9, \u00e9tudiante en droit, croise le chemin de Romain, son nouvel enseignant aux yeux-noisette-aussi-craquants-que-le-Nutella, elle se sent imm\u00e9diatement attir\u00e9e par lui. Un coup de foudre physique r\u00e9ciproque. Mais comment laisser parler son c\u0153ur quand on sait que toute relation amoureuse d\u00e9truirait leur carri\u00e8re ? Leur existence ? Leur avenir ?<\/p>\n<p>Et cela, sans compter sur un sex friend jaloux, ainsi qu&rsquo;une rivale pr\u00eate \u00e0 tout pour conqu\u00e9rir le beau professeur&#8230;<\/p>\n<p>Entre mensonges, illusions et faux-semblants, rien ne para\u00eet jouer en leur faveur et pourtant&#8230; L&rsquo;interdit les attire. Le danger les d\u00e9vore. Serait-il si terrible de succomber au d\u00e9sir et d&rsquo;ignorer la raison ? De d\u00e9jouer les r\u00e8glements, pour \u00e9teindre la flamme ?<\/p>\n<p><em>R\u00e9sister \u00e0 la tentation n&rsquo;aura jamais \u00e9t\u00e9 aussi difficile.<\/em><\/p>\n","protected":false},"excerpt":{"rendered":"<p>Une seule rencontre peut parfois bouleverser toute une vie. Un regard \u00e9chang\u00e9, un sourire, et tous les principes auxquels on tient&#8230; s&rsquo;envolent. Lorsque Zo\u00e9, \u00e9tudiante en droit, croise le chemin de Romain, son nouvel enseignant aux yeux-noisette-aussi-craquants-que-le-Nutella, elle se sent imm\u00e9diatement attir\u00e9e par lui. Un coup de foudre physique r\u00e9ciproque. Mais comment laisser parler son [&hellip;]<\/p>\n","protected":false},"featured_media":8598,"comment_status":"open","ping_status":"closed","template":"","meta":{"_acf_changed":false,"content-type":""},"product_brand":[],"product_cat":[461],"product_tag":[487,530,491],"class_list":{"0":"post-8597","1":"product","2":"type-product","3":"status-publish","4":"has-post-thumbnail","6":"product_cat-romance-contemporaine","7":"product_tag-amour-interdit","8":"product_tag-prof-eleve","9":"product_tag-spicy","11":"first","12":"instock","13":"taxable","14":"shipping-taxable","15":"purchasable","16":"product-type-variable"},"acf":{"auteur":"Emma Pope","date_parution":"20250921","bestseller":true,"librairie":false},"aioseo_notices":[],"_links":{"self":[{"href":"https:\/\/butterfly-editions.com\/index.php\/wp-json\/wp\/v2\/product\/8597","targetHints":{"allow":["GET"]}}],"collection":[{"href":"https:\/\/butterfly-editions.com\/index.php\/wp-json\/wp\/v2\/product"}],"about":[{"href":"https:\/\/butterfly-editions.com\/index.php\/wp-json\/wp\/v2\/types\/product"}],"replies":[{"embeddable":true,"href":"https:\/\/butterfly-editions.com\/index.php\/wp-json\/wp\/v2\/comments?post=8597"}],"wp:featuredmedia":[{"embeddable":true,"href":"https:\/\/butterfly-editions.com\/index.php\/wp-json\/wp\/v2\/media\/8598"}],"wp:attachment":[{"href":"https:\/\/butterfly-editions.com\/index.php\/wp-json\/wp\/v2\/media?parent=8597"}],"wp:term":[{"taxonomy":"product_brand","embeddable":true,"href":"https:\/\/butterfly-editions.com\/index.php\/wp-json\/wp\/v2\/product_brand?post=8597"},{"taxonomy":"product_cat","embeddable":true,"href":"https:\/\/butterfly-editions.com\/index.php\/wp-json\/wp\/v2\/product_cat?post=8597"},{"taxonomy":"product_tag","embeddable":true,"href":"https:\/\/butterfly-editions.com\/index.php\/wp-json\/wp\/v2\/product_tag?post=8597"}],"curies":[{"name":"wp","href":"https:\/\/api.w.org\/{rel}","templated":true}]}}