{"id":8593,"date":"2025-07-25T13:11:54","date_gmt":"2025-07-25T12:11:54","guid":{"rendered":"https:\/\/butterfly-editions.com\/?post_type=product&#038;p=8593"},"modified":"2025-12-18T17:13:36","modified_gmt":"2025-12-18T16:13:36","slug":"summertime-sadness-claire-dust-precommandes-dedicacees-sortie-le-05-09-25","status":"publish","type":"product","link":"https:\/\/butterfly-editions.com\/index.php\/produit\/summertime-sadness-claire-dust-precommandes-dedicacees-sortie-le-05-09-25\/","title":{"rendered":"Summertime Sadness &#8211; Claire Dust"},"content":{"rendered":"<p><strong><span class=\"a-text-bold\">Elle se laisse envahir par ses peurs. Il veut l<\/span>\u00a0<span class=\"a-text-bold\">\u2019aider \u00e0 les affronter.<\/span><\/strong><\/p>\n<p>Le temps d\u2019un \u00e9t\u00e9, Lake Hamilton garde Vitamine, la chienne de la famille Wilson, dans leur demeure \u00e0 Clearwater Beach. Une maison au bord de plage, un toutou aimant, et sa meilleure amie, la solitude&#8230; Des vacances de r\u00eave !<br \/>\nMais son calme est tr\u00e8s vite interrompu par l\u2019arriv\u00e9e du fils, North Wilson, le meilleur ami de son grand fr\u00e8re, avec qui elle doit bient\u00f4t cohabiter.<\/p>\n<p>North revient dans sa maison, face \u00e0 l\u2019oc\u00e9an, pour se retrouver. Cependant, il ne s\u2019attendait pas \u00e0 y revoir Lake pour qui il craque depuis toujours&#8230; Elle n\u2019a plus rien de l\u2019adolescente solaire qu\u2019il a laiss\u00e9e il y a quatre ans. Paralys\u00e9e par ses peurs, elle rejette tout \u00eatre humain qui l&rsquo;approche. \u00c0 moins qu\u2019il l\u2019aide \u00e0 les d\u00e9passer ?<\/p>\n<p><em><span class=\"a-text-italic\">Ils ont un \u00e9t\u00e9.<\/span><\/em><\/p>\n<p><em><span class=\"a-text-italic\">Un \u00e9t\u00e9 pour peser le pour et le contre ; pour vaincre leurs angoisses ; pour choisir entre sauter \u00e0 pieds joints dans l\u2019eau ou regarder les autres r\u00e9aliser leurs r\u00eaves.<\/span><\/em><\/p>\n","protected":false},"excerpt":{"rendered":"<p>Elle se laisse envahir par ses peurs. Il veut l\u00a0\u2019aider \u00e0 les affronter. Le temps d\u2019un \u00e9t\u00e9, Lake Hamilton garde Vitamine, la chienne de la famille Wilson, dans leur demeure \u00e0 Clearwater Beach. Une maison au bord de plage, un toutou aimant, et sa meilleure amie, la solitude&#8230; Des vacances de r\u00eave ! Mais son [&hellip;]<\/p>\n","protected":false},"featured_media":8594,"comment_status":"open","ping_status":"closed","template":"","meta":{"_acf_changed":false,"content-type":""},"product_brand":[],"product_cat":[59],"product_tag":[],"class_list":{"0":"post-8593","1":"product","2":"type-product","3":"status-publish","4":"has-post-thumbnail","6":"product_cat-non-classe","8":"first","9":"instock","10":"taxable","11":"shipping-taxable","12":"purchasable","13":"product-type-simple"},"acf":{"auteur":"","date_parution":null,"bestseller":false,"librairie":false},"aioseo_notices":[],"_links":{"self":[{"href":"https:\/\/butterfly-editions.com\/index.php\/wp-json\/wp\/v2\/product\/8593","targetHints":{"allow":["GET"]}}],"collection":[{"href":"https:\/\/butterfly-editions.com\/index.php\/wp-json\/wp\/v2\/product"}],"about":[{"href":"https:\/\/butterfly-editions.com\/index.php\/wp-json\/wp\/v2\/types\/product"}],"replies":[{"embeddable":true,"href":"https:\/\/butterfly-editions.com\/index.php\/wp-json\/wp\/v2\/comments?post=8593"}],"wp:featuredmedia":[{"embeddable":true,"href":"https:\/\/butterfly-editions.com\/index.php\/wp-json\/wp\/v2\/media\/8594"}],"wp:attachment":[{"href":"https:\/\/butterfly-editions.com\/index.php\/wp-json\/wp\/v2\/media?parent=8593"}],"wp:term":[{"taxonomy":"product_brand","embeddable":true,"href":"https:\/\/butterfly-editions.com\/index.php\/wp-json\/wp\/v2\/product_brand?post=8593"},{"taxonomy":"product_cat","embeddable":true,"href":"https:\/\/butterfly-editions.com\/index.php\/wp-json\/wp\/v2\/product_cat?post=8593"},{"taxonomy":"product_tag","embeddable":true,"href":"https:\/\/butterfly-editions.com\/index.php\/wp-json\/wp\/v2\/product_tag?post=8593"}],"curies":[{"name":"wp","href":"https:\/\/api.w.org\/{rel}","templated":true}]}}