{"id":8590,"date":"2025-07-25T13:07:32","date_gmt":"2025-07-25T12:07:32","guid":{"rendered":"https:\/\/butterfly-editions.com\/?post_type=product&#038;p=8590"},"modified":"2025-07-25T13:39:19","modified_gmt":"2025-07-25T12:39:19","slug":"love-signed-and-delivered-thalia-borger-precommande-sortie-le-27-08-25","status":"publish","type":"product","link":"https:\/\/butterfly-editions.com\/index.php\/produit\/love-signed-and-delivered-thalia-borger-precommande-sortie-le-27-08-25\/","title":{"rendered":"Love, signed and delivered &#8211; Thalia Borger &#8211; Pr\u00e9commande &#8211; Sortie le 27\/08\/25"},"content":{"rendered":"<p><strong><span class=\"a-text-bold\">Faux fianc\u00e9&#8230; meilleur ami de mon grand fr\u00e8re&#8230; mais surtout mon premier amour.<\/span><\/strong><\/p>\n<p><strong><span class=\"a-text-bold\">Celui qui m\u2019a bris\u00e9 le c\u0153ur.<\/span><\/strong><\/p>\n<p><strong><span class=\"a-text-bold\">Que les ennuis commencent&#8230;<\/span><\/strong><\/p>\n<p>Tucker Reeves a disparu de la vie de Mabel Walker depuis plusieurs ann\u00e9es, sans aucune explication. Devenu un homme d\u2019affaire impitoyable, il est pr\u00eat \u00e0 tout pour convaincre un nouvel investisseur de signer un contrat tr\u00e8s important. M\u00eame \u00e0 laisser entrevoir l&rsquo;homme bon, aux valeurs ind\u00e9niables, qui se cache derri\u00e8re le masque.<\/p>\n<p>Pour rendre cela possible, Brett, son meilleur ami, a une id\u00e9e brillante : pourquoi ne pas faire croire \u00e0 une romance parfaite entre Mabel, sa petite soeur, et Tucker ? Elle a besoin d&rsquo;un nouveau travail, et lui, d&rsquo;une couverture.<\/p>\n<p>La jeune femme, d\u00e9sesp\u00e9r\u00e9e, accepte \u00e0 contrec\u0153ur. Mais quand les sentiments remontent, que les regards deviennent trop sinc\u00e8res, que la fronti\u00e8re entre le faux et le r\u00e9el s\u2019efface, l\u2019amour m\u00e9rite-t-il une seconde chance ?<\/p>\n<p><em><span class=\"a-text-italic\">Les secrets et les mensonges enfouis ne risquent-ils pas de tout faire exploser sur leur passage ?<\/span><\/em><\/p>\n","protected":false},"excerpt":{"rendered":"<p>Faux fianc\u00e9&#8230; meilleur ami de mon grand fr\u00e8re&#8230; mais surtout mon premier amour. Celui qui m\u2019a bris\u00e9 le c\u0153ur. Que les ennuis commencent&#8230; Tucker Reeves a disparu de la vie de Mabel Walker depuis plusieurs ann\u00e9es, sans aucune explication. Devenu un homme d\u2019affaire impitoyable, il est pr\u00eat \u00e0 tout pour convaincre un nouvel investisseur de [&hellip;]<\/p>\n","protected":false},"featured_media":8591,"comment_status":"open","ping_status":"closed","template":"","meta":{"_acf_changed":false,"content-type":""},"product_brand":[],"product_cat":[59],"product_tag":[],"class_list":{"0":"post-8590","1":"product","2":"type-product","3":"status-publish","4":"has-post-thumbnail","6":"product_cat-non-classe","8":"first","9":"instock","10":"taxable","11":"shipping-taxable","12":"purchasable","13":"product-type-simple"},"acf":{"auteur":"","date_parution":null,"bestseller":false,"librairie":false},"aioseo_notices":[],"_links":{"self":[{"href":"https:\/\/butterfly-editions.com\/index.php\/wp-json\/wp\/v2\/product\/8590","targetHints":{"allow":["GET"]}}],"collection":[{"href":"https:\/\/butterfly-editions.com\/index.php\/wp-json\/wp\/v2\/product"}],"about":[{"href":"https:\/\/butterfly-editions.com\/index.php\/wp-json\/wp\/v2\/types\/product"}],"replies":[{"embeddable":true,"href":"https:\/\/butterfly-editions.com\/index.php\/wp-json\/wp\/v2\/comments?post=8590"}],"wp:featuredmedia":[{"embeddable":true,"href":"https:\/\/butterfly-editions.com\/index.php\/wp-json\/wp\/v2\/media\/8591"}],"wp:attachment":[{"href":"https:\/\/butterfly-editions.com\/index.php\/wp-json\/wp\/v2\/media?parent=8590"}],"wp:term":[{"taxonomy":"product_brand","embeddable":true,"href":"https:\/\/butterfly-editions.com\/index.php\/wp-json\/wp\/v2\/product_brand?post=8590"},{"taxonomy":"product_cat","embeddable":true,"href":"https:\/\/butterfly-editions.com\/index.php\/wp-json\/wp\/v2\/product_cat?post=8590"},{"taxonomy":"product_tag","embeddable":true,"href":"https:\/\/butterfly-editions.com\/index.php\/wp-json\/wp\/v2\/product_tag?post=8590"}],"curies":[{"name":"wp","href":"https:\/\/api.w.org\/{rel}","templated":true}]}}