{"id":8587,"date":"2025-07-25T13:00:52","date_gmt":"2025-07-25T12:00:52","guid":{"rendered":"https:\/\/butterfly-editions.com\/?post_type=product&#038;p=8587"},"modified":"2025-07-25T13:40:38","modified_gmt":"2025-07-25T12:40:38","slug":"hawai-mon-petit-grain-de-folie-et-toi-lily-lefebure-precommande-sortie-le-20-08-2025","status":"publish","type":"product","link":"https:\/\/butterfly-editions.com\/index.php\/produit\/hawai-mon-petit-grain-de-folie-et-toi-lily-lefebure-precommande-sortie-le-20-08-2025\/","title":{"rendered":"Hawa\u00ef, mon petit grain de folie et toi ! &#8211; Lily Lef\u00e9bure &#8211; Pr\u00e9commande &#8211; Sortie le 20\/08\/2025"},"content":{"rendered":"<p><strong><span class=\"a-text-bold\">Sur le sable d\u2019Hawa\u00ef, deux c\u0153urs caboss\u00e9s se croisent&#8230; et se r\u00e9parent.<\/span><\/strong><\/p>\n<p>Quand Maureen surprend l\u2019infid\u00e9lit\u00e9 de son petit ami, elle abandonne sa vie gris\u00e2tre et r\u00e9serve un vol en direction des plages hawa\u00efennes. D\u00e9termin\u00e9e \u00e0 panser ses blessures au soleil, elle ne s\u2019attendait pas \u00e0 tomber dans les bras de Milo, Italien expatri\u00e9, aussi taciturne que s\u00e9duisant.<\/p>\n<p>Lui n\u2019aspire qu\u2019\u00e0 la tranquillit\u00e9 et encha\u00eene les relations sans lendemain depuis la trahison de son ex. Mais quand Maureen, cette jolie rousse au temp\u00e9rament volcanique, d\u00e9barque sous son toit, le quotidien bien ordonn\u00e9 de Milo menace de s\u2019effondrer.<\/p>\n<p><em><span class=\"a-text-italic\">Entre disputes, tension br\u00fblante et attirance impossible \u00e0 ignorer, leur cohabitation s\u2019annonce piquante !<\/span><\/em><\/p>\n","protected":false},"excerpt":{"rendered":"<p>Sur le sable d\u2019Hawa\u00ef, deux c\u0153urs caboss\u00e9s se croisent&#8230; et se r\u00e9parent. Quand Maureen surprend l\u2019infid\u00e9lit\u00e9 de son petit ami, elle abandonne sa vie gris\u00e2tre et r\u00e9serve un vol en direction des plages hawa\u00efennes. D\u00e9termin\u00e9e \u00e0 panser ses blessures au soleil, elle ne s\u2019attendait pas \u00e0 tomber dans les bras de Milo, Italien expatri\u00e9, aussi [&hellip;]<\/p>\n","protected":false},"featured_media":8588,"comment_status":"open","ping_status":"closed","template":"","meta":{"_acf_changed":false,"content-type":""},"product_brand":[],"product_cat":[59],"product_tag":[],"class_list":{"0":"post-8587","1":"product","2":"type-product","3":"status-publish","4":"has-post-thumbnail","6":"product_cat-non-classe","8":"first","9":"instock","10":"taxable","11":"shipping-taxable","12":"purchasable","13":"product-type-simple"},"acf":{"auteur":"","date_parution":null,"bestseller":false,"librairie":false},"aioseo_notices":[],"_links":{"self":[{"href":"https:\/\/butterfly-editions.com\/index.php\/wp-json\/wp\/v2\/product\/8587","targetHints":{"allow":["GET"]}}],"collection":[{"href":"https:\/\/butterfly-editions.com\/index.php\/wp-json\/wp\/v2\/product"}],"about":[{"href":"https:\/\/butterfly-editions.com\/index.php\/wp-json\/wp\/v2\/types\/product"}],"replies":[{"embeddable":true,"href":"https:\/\/butterfly-editions.com\/index.php\/wp-json\/wp\/v2\/comments?post=8587"}],"wp:featuredmedia":[{"embeddable":true,"href":"https:\/\/butterfly-editions.com\/index.php\/wp-json\/wp\/v2\/media\/8588"}],"wp:attachment":[{"href":"https:\/\/butterfly-editions.com\/index.php\/wp-json\/wp\/v2\/media?parent=8587"}],"wp:term":[{"taxonomy":"product_brand","embeddable":true,"href":"https:\/\/butterfly-editions.com\/index.php\/wp-json\/wp\/v2\/product_brand?post=8587"},{"taxonomy":"product_cat","embeddable":true,"href":"https:\/\/butterfly-editions.com\/index.php\/wp-json\/wp\/v2\/product_cat?post=8587"},{"taxonomy":"product_tag","embeddable":true,"href":"https:\/\/butterfly-editions.com\/index.php\/wp-json\/wp\/v2\/product_tag?post=8587"}],"curies":[{"name":"wp","href":"https:\/\/api.w.org\/{rel}","templated":true}]}}