{"id":8585,"date":"2025-07-25T12:55:55","date_gmt":"2025-07-25T11:55:55","guid":{"rendered":"https:\/\/butterfly-editions.com\/?post_type=product&#038;p=8585"},"modified":"2025-07-25T13:40:52","modified_gmt":"2025-07-25T12:40:52","slug":"beyond-the-break-steff-anye-precommande-sortie-le-13-aout","status":"publish","type":"product","link":"https:\/\/butterfly-editions.com\/index.php\/produit\/beyond-the-break-steff-anye-precommande-sortie-le-13-aout\/","title":{"rendered":"Beyond the break &#8211; Steff Anye &#8211; Pr\u00e9commande &#8211; Sortie le 13\/08\/25"},"content":{"rendered":"<p><strong>Stars en devenir, ils doivent redorer leur image. <\/strong><\/p>\n<p><strong>Quoi de mieux que de faire croire au monde entier qu\u2019ils forment le nouveau couple en vogue\u00a0? <\/strong><\/p>\n<p>Keyla, \u00e9toile montante de la mode, voit son monde vaciller apr\u00e8s une nuit agit\u00e9e avec Elijah, un surfeur au charme renversant.<\/p>\n<p>Des photos compromettantes de leurs moments partag\u00e9s font La Une des magazines. Les contrats de la jeune femme tombent \u00e0 l\u2019eau, les uns apr\u00e8s les autres.<\/p>\n<p>Elle se voit alors contrainte de proposer \u00e0 Elijah un plan farfelu\u00a0: une fausse relation pour redorer son image. Par ricochet, cela permettra au surfeur d\u00e9crocher des sponsors et il en a cruellement besoin.<\/p>\n<p>En plein c\u0153ur de l\u2019Australie, entre paparazzis affam\u00e9s et cours de surf improvis\u00e9s, Keyla et Elijah se lancent dans une valse m\u00e9diatique d\u00e9jant\u00e9e.<\/p>\n<p><em>Leur lien, tiss\u00e9 entre sarcasmes tranchants et \u00e9clats de rire, pourrait bien dissimuler une connexion authentique\u2026<\/em><\/p>\n<p>&nbsp;<\/p>\n","protected":false},"excerpt":{"rendered":"<p>Stars en devenir, ils doivent redorer leur image. Quoi de mieux que de faire croire au monde entier qu\u2019ils forment le nouveau couple en vogue\u00a0? Keyla, \u00e9toile montante de la mode, voit son monde vaciller apr\u00e8s une nuit agit\u00e9e avec Elijah, un surfeur au charme renversant. Des photos compromettantes de leurs moments partag\u00e9s font La [&hellip;]<\/p>\n","protected":false},"featured_media":8586,"comment_status":"open","ping_status":"closed","template":"","meta":{"_acf_changed":false,"content-type":""},"product_brand":[],"product_cat":[59],"product_tag":[],"class_list":{"0":"post-8585","1":"product","2":"type-product","3":"status-publish","4":"has-post-thumbnail","6":"product_cat-non-classe","8":"first","9":"instock","10":"taxable","11":"shipping-taxable","12":"purchasable","13":"product-type-simple"},"acf":{"auteur":"","date_parution":null,"bestseller":false,"librairie":false},"aioseo_notices":[],"_links":{"self":[{"href":"https:\/\/butterfly-editions.com\/index.php\/wp-json\/wp\/v2\/product\/8585","targetHints":{"allow":["GET"]}}],"collection":[{"href":"https:\/\/butterfly-editions.com\/index.php\/wp-json\/wp\/v2\/product"}],"about":[{"href":"https:\/\/butterfly-editions.com\/index.php\/wp-json\/wp\/v2\/types\/product"}],"replies":[{"embeddable":true,"href":"https:\/\/butterfly-editions.com\/index.php\/wp-json\/wp\/v2\/comments?post=8585"}],"wp:featuredmedia":[{"embeddable":true,"href":"https:\/\/butterfly-editions.com\/index.php\/wp-json\/wp\/v2\/media\/8586"}],"wp:attachment":[{"href":"https:\/\/butterfly-editions.com\/index.php\/wp-json\/wp\/v2\/media?parent=8585"}],"wp:term":[{"taxonomy":"product_brand","embeddable":true,"href":"https:\/\/butterfly-editions.com\/index.php\/wp-json\/wp\/v2\/product_brand?post=8585"},{"taxonomy":"product_cat","embeddable":true,"href":"https:\/\/butterfly-editions.com\/index.php\/wp-json\/wp\/v2\/product_cat?post=8585"},{"taxonomy":"product_tag","embeddable":true,"href":"https:\/\/butterfly-editions.com\/index.php\/wp-json\/wp\/v2\/product_tag?post=8585"}],"curies":[{"name":"wp","href":"https:\/\/api.w.org\/{rel}","templated":true}]}}