{"id":8581,"date":"2025-07-25T12:24:37","date_gmt":"2025-07-25T11:24:37","guid":{"rendered":"https:\/\/butterfly-editions.com\/?post_type=product&#038;p=8581"},"modified":"2026-01-27T14:14:02","modified_gmt":"2026-01-27T13:14:02","slug":"dear-mr-president-emma-pope-reedition-2025","status":"publish","type":"product","link":"https:\/\/butterfly-editions.com\/index.php\/produit\/dear-mr-president-emma-pope-reedition-2025\/","title":{"rendered":"Dear Mr President"},"content":{"rendered":"<p>\u00ab\u00a0Il d\u00e9tient tous les pouvoirs, m\u00eame celui de voler mon coeur.\u00a0\u00bb<\/p>\n<p>Monsieur le Pr\u00e9sident, je n\u2019aurais jamais cru, en d\u00e9barquant \u00e0 Paris, que moi, Candice, Am\u00e9ricaine atypique, je vous rencontrerais par hasard. Que votre sourire malsain et vos yeux noirs me hanteraient \u00e0 ce point. Vous \u00eates s\u00fbr de vous, manipulateur et franchement un peu pervers sur les bords, pourtant, je n\u2019arr\u00eate pas de penser \u00e0 vous, Thomas Cortes. De quelle mani\u00e8re, un homme de votre stature, capable de changer le monde, arrive-t-il \u00e0 me bouleverser autant ? \u00c0 me faire perdre la t\u00eate ?<\/p>\n<p>Et croyez-vous qu&rsquo;en venant de remporter les pr\u00e9sidentielles, je m&rsquo;attendais \u00e0 tomber sur vous, Candice Holigan ? Une d\u00e9esse qui parle tellement, que j&rsquo;en perds tout contr\u00f4le ? Ce n&rsquo;est absolument pas une bonne id\u00e9e. Nos missives secr\u00e8tes, nos rendez-vous cach\u00e9s, finiront par me porter pr\u00e9judice. Ce jeu dangereux ne se terminera pas bien, je le sais pertinemment, seulement je ne peux m&#8217;emp\u00eacher de m&rsquo;approcher de vous. Vous m&rsquo;obs\u00e9dez, belle inconnue. Vous \u00eates ma putain de faiblesse. Et je me demande si vous n&rsquo;allez pas causer ma perte&#8230;<\/p>\n","protected":false},"excerpt":{"rendered":"<p>\u00ab\u00a0Il d\u00e9tient tous les pouvoirs, m\u00eame celui de voler mon coeur.\u00a0\u00bb Monsieur le Pr\u00e9sident, je n\u2019aurais jamais cru, en d\u00e9barquant \u00e0 Paris, que moi, Candice, Am\u00e9ricaine atypique, je vous rencontrerais par hasard. Que votre sourire malsain et vos yeux noirs me hanteraient \u00e0 ce point. Vous \u00eates s\u00fbr de vous, manipulateur et franchement un peu [&hellip;]<\/p>\n","protected":false},"featured_media":8582,"comment_status":"open","ping_status":"closed","template":"","meta":{"_acf_changed":false,"content-type":""},"product_brand":[],"product_cat":[461],"product_tag":[491],"class_list":{"0":"post-8581","1":"product","2":"type-product","3":"status-publish","4":"has-post-thumbnail","6":"product_cat-romance-contemporaine","7":"product_tag-spicy","9":"first","10":"instock","11":"taxable","12":"shipping-taxable","13":"purchasable","14":"product-type-variable"},"acf":{"auteur":"Emma Pope","date_parution":"20250730","bestseller":false,"librairie":false},"aioseo_notices":[],"_links":{"self":[{"href":"https:\/\/butterfly-editions.com\/index.php\/wp-json\/wp\/v2\/product\/8581","targetHints":{"allow":["GET"]}}],"collection":[{"href":"https:\/\/butterfly-editions.com\/index.php\/wp-json\/wp\/v2\/product"}],"about":[{"href":"https:\/\/butterfly-editions.com\/index.php\/wp-json\/wp\/v2\/types\/product"}],"replies":[{"embeddable":true,"href":"https:\/\/butterfly-editions.com\/index.php\/wp-json\/wp\/v2\/comments?post=8581"}],"wp:featuredmedia":[{"embeddable":true,"href":"https:\/\/butterfly-editions.com\/index.php\/wp-json\/wp\/v2\/media\/8582"}],"wp:attachment":[{"href":"https:\/\/butterfly-editions.com\/index.php\/wp-json\/wp\/v2\/media?parent=8581"}],"wp:term":[{"taxonomy":"product_brand","embeddable":true,"href":"https:\/\/butterfly-editions.com\/index.php\/wp-json\/wp\/v2\/product_brand?post=8581"},{"taxonomy":"product_cat","embeddable":true,"href":"https:\/\/butterfly-editions.com\/index.php\/wp-json\/wp\/v2\/product_cat?post=8581"},{"taxonomy":"product_tag","embeddable":true,"href":"https:\/\/butterfly-editions.com\/index.php\/wp-json\/wp\/v2\/product_tag?post=8581"}],"curies":[{"name":"wp","href":"https:\/\/api.w.org\/{rel}","templated":true}]}}