{"id":8579,"date":"2025-07-25T12:20:29","date_gmt":"2025-07-25T11:20:29","guid":{"rendered":"https:\/\/butterfly-editions.com\/?post_type=product&#038;p=8579"},"modified":"2026-01-27T13:59:29","modified_gmt":"2026-01-27T12:59:29","slug":"royal-romance-jessica-guarnaccia-reedition-2025","status":"publish","type":"product","link":"https:\/\/butterfly-editions.com\/index.php\/produit\/royal-romance-jessica-guarnaccia-reedition-2025\/","title":{"rendered":"Royal Romance"},"content":{"rendered":"<p><strong><span class=\"a-text-bold\">Une princesse en plein scandale.<\/span><\/strong><br \/>\n<strong><span class=\"a-text-bold\">Un voleur fascinant.<\/span><\/strong><br \/>\n<strong><span class=\"a-text-bold\">Un d\u00e9fi irr\u00e9sistible&#8230;<\/span><\/strong><\/p>\n<p>Camille Laura Mary Rose Davenport, princesse h\u00e9riti\u00e8re de Z\u00e9nobia, n\u2019a qu\u2019une seule fa\u00e7on d\u2019obtenir la couronne qui lui revient de droit : prouver qu\u2019elle la m\u00e9rite plus que son ex-mari, un salopard infid\u00e8le.<br \/>\nSon probl\u00e8me ? Le peuple la d\u00e9teste.<br \/>\nSon seul espoir ? Chris Sullivan, un voleur aussi charmant que sexy, qui finit sur le mauvais balcon, le sien, et conclut un pacte inattendu avec elle&#8230;<br \/>\nIl est l\u00e0 pour voler le joyau de la couronne, ce qu&rsquo;elle ignore. Elle veut redorer son image, ce qu&rsquo;il a parfaitement compris.<br \/>\nLa princesse est convaincue que gr\u00e2ce \u00e0 leur deal, il peut la transformer en une reine aim\u00e9e et respect\u00e9e, sans se douter qu\u2019elle pactise avec le Diable.<\/p>\n<p><em><span class=\"a-text-italic\">Seulement, les princesses ne doivent pas tomber amoureuses des voleurs&#8230;<\/span><\/em><\/p>\n","protected":false},"excerpt":{"rendered":"<p>Une princesse en plein scandale. Un voleur fascinant. Un d\u00e9fi irr\u00e9sistible&#8230; Camille Laura Mary Rose Davenport, princesse h\u00e9riti\u00e8re de Z\u00e9nobia, n\u2019a qu\u2019une seule fa\u00e7on d\u2019obtenir la couronne qui lui revient de droit : prouver qu\u2019elle la m\u00e9rite plus que son ex-mari, un salopard infid\u00e8le. Son probl\u00e8me ? Le peuple la d\u00e9teste. Son seul espoir ? [&hellip;]<\/p>\n","protected":false},"featured_media":8580,"comment_status":"open","ping_status":"closed","template":"","meta":{"_acf_changed":false,"content-type":""},"product_brand":[],"product_cat":[461],"product_tag":[524,528,529],"class_list":{"0":"post-8579","1":"product","2":"type-product","3":"status-publish","4":"has-post-thumbnail","6":"product_cat-romance-contemporaine","7":"product_tag-opposites-attract","8":"product_tag-princesse","9":"product_tag-royaute","11":"first","12":"instock","13":"taxable","14":"shipping-taxable","15":"purchasable","16":"product-type-variable"},"acf":{"auteur":"Jessica Guarnaccia","date_parution":"20250730","bestseller":false,"librairie":false},"aioseo_notices":[],"_links":{"self":[{"href":"https:\/\/butterfly-editions.com\/index.php\/wp-json\/wp\/v2\/product\/8579","targetHints":{"allow":["GET"]}}],"collection":[{"href":"https:\/\/butterfly-editions.com\/index.php\/wp-json\/wp\/v2\/product"}],"about":[{"href":"https:\/\/butterfly-editions.com\/index.php\/wp-json\/wp\/v2\/types\/product"}],"replies":[{"embeddable":true,"href":"https:\/\/butterfly-editions.com\/index.php\/wp-json\/wp\/v2\/comments?post=8579"}],"wp:featuredmedia":[{"embeddable":true,"href":"https:\/\/butterfly-editions.com\/index.php\/wp-json\/wp\/v2\/media\/8580"}],"wp:attachment":[{"href":"https:\/\/butterfly-editions.com\/index.php\/wp-json\/wp\/v2\/media?parent=8579"}],"wp:term":[{"taxonomy":"product_brand","embeddable":true,"href":"https:\/\/butterfly-editions.com\/index.php\/wp-json\/wp\/v2\/product_brand?post=8579"},{"taxonomy":"product_cat","embeddable":true,"href":"https:\/\/butterfly-editions.com\/index.php\/wp-json\/wp\/v2\/product_cat?post=8579"},{"taxonomy":"product_tag","embeddable":true,"href":"https:\/\/butterfly-editions.com\/index.php\/wp-json\/wp\/v2\/product_tag?post=8579"}],"curies":[{"name":"wp","href":"https:\/\/api.w.org\/{rel}","templated":true}]}}