{"id":8464,"date":"2025-07-02T22:29:33","date_gmt":"2025-07-02T21:29:33","guid":{"rendered":"https:\/\/butterfly-editions.com\/?post_type=product&#038;p=8464"},"modified":"2025-07-25T13:45:23","modified_gmt":"2025-07-25T12:45:23","slug":"la-bella-y-el-monstruo-caroline-sauvage","status":"publish","type":"product","link":"https:\/\/butterfly-editions.com\/index.php\/produit\/la-bella-y-el-monstruo-caroline-sauvage\/","title":{"rendered":"La Bella y el Monstruo &#8211; Caroline Sauvage"},"content":{"rendered":"<p><strong><span class=\"a-text-bold\">Quand deux \u00e2mes bris\u00e9es, meurtries, se percutent.<\/span><\/strong><\/p>\n<p>Juan, traumatis\u00e9 par son enfance, accro \u00e0 toutes sortes d\u2019addictions, complex\u00e9 par son visage dont il \u00e9vite le reflet, vit quasiment en reclus de la soci\u00e9t\u00e9, refusant de d\u00e9voiler ses br\u00fblures au grand jour.<\/p>\n<p>Bella, mari\u00e9e \u00e0 un homme violent et autoritaire, essaye de survivre sous ses coups tout en songeant de quelle fa\u00e7on elle pourrait s\u2019enfuir. Par chance, un jour, son nouveau voisin devine son d\u00e9sarroi et lui vient en aide.<\/p>\n<p>Alors qu&rsquo;elle arrive bless\u00e9e \u00e0 Cuba, Juan se voit contraint de la soigner malgr\u00e9 lui. Pourtant, au premier regard, ils sont irr\u00e9m\u00e9diablement attir\u00e9s, envo\u00fbt\u00e9s l\u2019un par l\u2019autre. Bref, le vrai coup de foudre !<\/p>\n<p>Comment vont-ils s\u2019apprivoiser, s\u2019aimer sans y laisser leurs derni\u00e8res plumes, sachant que Bella est recherch\u00e9e par les autorit\u00e9s, mais surtout par son bourreau ?<\/p>\n<p><strong><span class=\"a-text-bold\">TW : Certaines sc\u00e8nes (abus sexuels, violence conjugale, meurtres) peuvent heurter la sensibilit\u00e9 des lecteurs.<\/span><\/strong><\/p>\n","protected":false},"excerpt":{"rendered":"<p>Quand deux \u00e2mes bris\u00e9es, meurtries, se percutent. Juan, traumatis\u00e9 par son enfance, accro \u00e0 toutes sortes d\u2019addictions, complex\u00e9 par son visage dont il \u00e9vite le reflet, vit quasiment en reclus de la soci\u00e9t\u00e9, refusant de d\u00e9voiler ses br\u00fblures au grand jour. Bella, mari\u00e9e \u00e0 un homme violent et autoritaire, essaye de survivre sous ses coups [&hellip;]<\/p>\n","protected":false},"featured_media":8465,"comment_status":"open","ping_status":"closed","template":"","meta":{"_acf_changed":false,"content-type":""},"product_brand":[],"product_cat":[59],"product_tag":[],"class_list":{"0":"post-8464","1":"product","2":"type-product","3":"status-publish","4":"has-post-thumbnail","6":"product_cat-non-classe","8":"first","9":"instock","10":"taxable","11":"shipping-taxable","12":"purchasable","13":"product-type-simple"},"acf":{"auteur":"","date_parution":null,"bestseller":false,"librairie":false},"aioseo_notices":[],"_links":{"self":[{"href":"https:\/\/butterfly-editions.com\/index.php\/wp-json\/wp\/v2\/product\/8464","targetHints":{"allow":["GET"]}}],"collection":[{"href":"https:\/\/butterfly-editions.com\/index.php\/wp-json\/wp\/v2\/product"}],"about":[{"href":"https:\/\/butterfly-editions.com\/index.php\/wp-json\/wp\/v2\/types\/product"}],"replies":[{"embeddable":true,"href":"https:\/\/butterfly-editions.com\/index.php\/wp-json\/wp\/v2\/comments?post=8464"}],"wp:featuredmedia":[{"embeddable":true,"href":"https:\/\/butterfly-editions.com\/index.php\/wp-json\/wp\/v2\/media\/8465"}],"wp:attachment":[{"href":"https:\/\/butterfly-editions.com\/index.php\/wp-json\/wp\/v2\/media?parent=8464"}],"wp:term":[{"taxonomy":"product_brand","embeddable":true,"href":"https:\/\/butterfly-editions.com\/index.php\/wp-json\/wp\/v2\/product_brand?post=8464"},{"taxonomy":"product_cat","embeddable":true,"href":"https:\/\/butterfly-editions.com\/index.php\/wp-json\/wp\/v2\/product_cat?post=8464"},{"taxonomy":"product_tag","embeddable":true,"href":"https:\/\/butterfly-editions.com\/index.php\/wp-json\/wp\/v2\/product_tag?post=8464"}],"curies":[{"name":"wp","href":"https:\/\/api.w.org\/{rel}","templated":true}]}}