{"id":8462,"date":"2025-07-02T22:26:08","date_gmt":"2025-07-02T21:26:08","guid":{"rendered":"https:\/\/butterfly-editions.com\/?post_type=product&#038;p=8462"},"modified":"2025-09-26T15:45:52","modified_gmt":"2025-09-26T14:45:52","slug":"rockstars-adam-lila-collins","status":"publish","type":"product","link":"https:\/\/butterfly-editions.com\/index.php\/produit\/rockstars-adam-lila-collins\/","title":{"rendered":"Rockstars &#8211; Adam &#8211; Lila Collins &#8211; Livre d\u00e9dicac\u00e9 !"},"content":{"rendered":"<p><strong><span class=\"a-text-bold\">Il ne veut pas s\u2019attacher.<\/span><\/strong><\/p>\n<p><strong><span class=\"a-text-bold\">Elle ne pense plus qu\u2019\u00e0 lui.<\/span><\/strong><\/p>\n<p><strong><span class=\"a-text-bold\">Malgr\u00e9 l\u2019interdit.<\/span><\/strong><\/p>\n<p>Batteur mondialement connu du groupe \u00ab On the wave \u00bb, Adam n\u2019a qu\u2019une ambition : finir la promotion de son nouvel album pour repartir jouer \u00e0 salles combles \u00e0 travers le monde. Et surtout, ne jamais se confronter au traumatisme subi dans son enfance. Vivre dans le d\u00e9ni lui convient tr\u00e8s bien.<\/p>\n<p>Au moment o\u00f9 sa m\u00e9moire refait surface, pour sa propre survie, il se d\u00e9cide \u00e0 consulter une psychoth\u00e9rapeute, Ayslin.<\/p>\n<p>Adam ne s\u2019attendait pas \u00e0 qu\u2019elle soit aussi douce, \u00e0 l\u2019\u00e9coute&#8230; belle.<\/p>\n<p>Ayslin ne pensait pas \u00eatre imm\u00e9diatement attir\u00e9e par cet homme magn\u00e9tique, au pass\u00e9 trouble.<\/p>\n<p><em><span class=\"a-text-italic\">Elle a pr\u00eat\u00e9 serment, jamais elle ne succombera \u00e0 un patient, sa d\u00e9ontologie le lui interdit&#8230;<\/span><\/em><\/p>\n","protected":false},"excerpt":{"rendered":"<p>Il ne veut pas s\u2019attacher. Elle ne pense plus qu\u2019\u00e0 lui. Malgr\u00e9 l\u2019interdit. Batteur mondialement connu du groupe \u00ab On the wave \u00bb, Adam n\u2019a qu\u2019une ambition : finir la promotion de son nouvel album pour repartir jouer \u00e0 salles combles \u00e0 travers le monde. Et surtout, ne jamais se confronter au traumatisme subi dans [&hellip;]<\/p>\n","protected":false},"featured_media":8463,"comment_status":"open","ping_status":"closed","template":"","meta":{"_acf_changed":false,"content-type":""},"product_brand":[],"product_cat":[59],"product_tag":[],"class_list":{"0":"post-8462","1":"product","2":"type-product","3":"status-publish","4":"has-post-thumbnail","6":"product_cat-non-classe","8":"first","9":"instock","10":"taxable","11":"shipping-taxable","12":"purchasable","13":"product-type-simple"},"acf":{"auteur":"","date_parution":null,"bestseller":false,"librairie":false},"aioseo_notices":[],"_links":{"self":[{"href":"https:\/\/butterfly-editions.com\/index.php\/wp-json\/wp\/v2\/product\/8462","targetHints":{"allow":["GET"]}}],"collection":[{"href":"https:\/\/butterfly-editions.com\/index.php\/wp-json\/wp\/v2\/product"}],"about":[{"href":"https:\/\/butterfly-editions.com\/index.php\/wp-json\/wp\/v2\/types\/product"}],"replies":[{"embeddable":true,"href":"https:\/\/butterfly-editions.com\/index.php\/wp-json\/wp\/v2\/comments?post=8462"}],"wp:featuredmedia":[{"embeddable":true,"href":"https:\/\/butterfly-editions.com\/index.php\/wp-json\/wp\/v2\/media\/8463"}],"wp:attachment":[{"href":"https:\/\/butterfly-editions.com\/index.php\/wp-json\/wp\/v2\/media?parent=8462"}],"wp:term":[{"taxonomy":"product_brand","embeddable":true,"href":"https:\/\/butterfly-editions.com\/index.php\/wp-json\/wp\/v2\/product_brand?post=8462"},{"taxonomy":"product_cat","embeddable":true,"href":"https:\/\/butterfly-editions.com\/index.php\/wp-json\/wp\/v2\/product_cat?post=8462"},{"taxonomy":"product_tag","embeddable":true,"href":"https:\/\/butterfly-editions.com\/index.php\/wp-json\/wp\/v2\/product_tag?post=8462"}],"curies":[{"name":"wp","href":"https:\/\/api.w.org\/{rel}","templated":true}]}}