{"id":8460,"date":"2025-07-02T22:23:01","date_gmt":"2025-07-02T21:23:01","guid":{"rendered":"https:\/\/butterfly-editions.com\/?post_type=product&#038;p=8460"},"modified":"2025-07-25T13:47:15","modified_gmt":"2025-07-25T12:47:15","slug":"one-way-love-aliana-skow","status":"publish","type":"product","link":"https:\/\/butterfly-editions.com\/index.php\/produit\/one-way-love-aliana-skow\/","title":{"rendered":"One Way Love &#8211; Aliana Skow"},"content":{"rendered":"<p><strong><span class=\"a-text-bold\">Il est beau, brillant&#8230; et totalement hors de port\u00e9e. Dommage qu\u2019il soit aussi son nouveau boss.<\/span><\/strong><\/p>\n<p>Sacha, jeune journaliste ambitieuse, r\u00eave de sujets qui secouent. Elle en a assez des articles l\u00e9gers et des destinations de r\u00eave : elle veut du vrai, du terrain, du brut.<\/p>\n<p>Mais son plus grand d\u00e9fi ne se trouve pas sur le front. Il porte un nom : Justin. Le fr\u00e8re de sa meilleure amie. Son crush d\u2019adolescente. Celui qui ne l\u2019a jamais regard\u00e9e&#8230; jusqu\u2019\u00e0 aujourd\u2019hui.<\/p>\n<p>Entre battements de c\u0153ur incontr\u00f4l\u00e9s, silences lourds de sous-entendus et v\u00e9rit\u00e9s enfouies, Sacha devra faire un choix : renoncer ou&#8230; lui ouvrir son c\u0153ur.<\/p>\n","protected":false},"excerpt":{"rendered":"<p>Il est beau, brillant&#8230; et totalement hors de port\u00e9e. Dommage qu\u2019il soit aussi son nouveau boss. Sacha, jeune journaliste ambitieuse, r\u00eave de sujets qui secouent. Elle en a assez des articles l\u00e9gers et des destinations de r\u00eave : elle veut du vrai, du terrain, du brut. Mais son plus grand d\u00e9fi ne se trouve pas [&hellip;]<\/p>\n","protected":false},"featured_media":8461,"comment_status":"open","ping_status":"closed","template":"","meta":{"_acf_changed":false,"content-type":""},"product_brand":[],"product_cat":[59],"product_tag":[],"class_list":{"0":"post-8460","1":"product","2":"type-product","3":"status-publish","4":"has-post-thumbnail","6":"product_cat-non-classe","8":"first","9":"instock","10":"taxable","11":"shipping-taxable","12":"purchasable","13":"product-type-simple"},"acf":{"auteur":"","date_parution":null,"bestseller":false,"librairie":false},"aioseo_notices":[],"_links":{"self":[{"href":"https:\/\/butterfly-editions.com\/index.php\/wp-json\/wp\/v2\/product\/8460","targetHints":{"allow":["GET"]}}],"collection":[{"href":"https:\/\/butterfly-editions.com\/index.php\/wp-json\/wp\/v2\/product"}],"about":[{"href":"https:\/\/butterfly-editions.com\/index.php\/wp-json\/wp\/v2\/types\/product"}],"replies":[{"embeddable":true,"href":"https:\/\/butterfly-editions.com\/index.php\/wp-json\/wp\/v2\/comments?post=8460"}],"wp:featuredmedia":[{"embeddable":true,"href":"https:\/\/butterfly-editions.com\/index.php\/wp-json\/wp\/v2\/media\/8461"}],"wp:attachment":[{"href":"https:\/\/butterfly-editions.com\/index.php\/wp-json\/wp\/v2\/media?parent=8460"}],"wp:term":[{"taxonomy":"product_brand","embeddable":true,"href":"https:\/\/butterfly-editions.com\/index.php\/wp-json\/wp\/v2\/product_brand?post=8460"},{"taxonomy":"product_cat","embeddable":true,"href":"https:\/\/butterfly-editions.com\/index.php\/wp-json\/wp\/v2\/product_cat?post=8460"},{"taxonomy":"product_tag","embeddable":true,"href":"https:\/\/butterfly-editions.com\/index.php\/wp-json\/wp\/v2\/product_tag?post=8460"}],"curies":[{"name":"wp","href":"https:\/\/api.w.org\/{rel}","templated":true}]}}