{"id":8340,"date":"2025-06-23T12:55:29","date_gmt":"2025-06-23T11:55:29","guid":{"rendered":"https:\/\/butterfly-editions.com\/?post_type=product&#038;p=8340"},"modified":"2025-07-25T13:48:01","modified_gmt":"2025-07-25T12:48:01","slug":"welcome-to-south-bell-emilia-robinst-precommande","status":"publish","type":"product","link":"https:\/\/butterfly-editions.com\/index.php\/produit\/welcome-to-south-bell-emilia-robinst-precommande\/","title":{"rendered":"Welcome to South Bell &#8211; Emilia Robinst"},"content":{"rendered":"<p><strong>\u00ab Elle pensait que le Texas serait le pire&#8230; Jusqu&rsquo;\u00e0 ce qu&rsquo;elle rencontre son nouveau demi-fr\u00e8re. \u00bb <\/strong><\/p>\n<p>Quand Maddy Foster, citadine pure souche, quitte Boston pour s&rsquo;installer dans un ranch texan apr\u00e8s le mariage \u00e9clair de sa m\u00e8re avec un cow-boy local, elle est loin de se douter du chaos qui l&rsquo;attend. Non seulement elle doit composer avec un nouveau beau-p\u00e8re et le quotidien rustique du Texas, mais elle h\u00e9rite aussi de trois demi-fr\u00e8res, dont Wyatt Morgan, l&rsquo;a\u00een\u00e9, terriblement s\u00e9duisant.<\/p>\n<p>Entre sa petite soeur et les fr\u00e8res cadets de Wyatt qui leur donnent du fil \u00e0 retordre, la vie de famille vire au comique.<\/p>\n<p>Le vrai d\u00e9fi pour Maddy et Wyatt ? G\u00e9rer l&rsquo;attirance qui les consume alors que leurs parents peinent \u00e0 s&rsquo;adapter \u00e0 leurs nouvelles vies. Si, au d\u00e9but, le jeune homme est r\u00e9fractaire \u00e0 la pr\u00e9sence de cette \u00e9trang\u00e8re sur ses terres, les jours qui passent font grandir leur complicit\u00e9 \u00e9vidente&#8230;<\/p>\n<p><em>Devront-ils choisir entre leur famille respective ou c\u00e9der \u00e0 la tentation de s&rsquo;aimer&#8230; au risque de tout perdre ?<\/em><\/p>\n","protected":false},"excerpt":{"rendered":"<p>\u00ab Elle pensait que le Texas serait le pire&#8230; Jusqu&rsquo;\u00e0 ce qu&rsquo;elle rencontre son nouveau demi-fr\u00e8re. \u00bb Quand Maddy Foster, citadine pure souche, quitte Boston pour s&rsquo;installer dans un ranch texan apr\u00e8s le mariage \u00e9clair de sa m\u00e8re avec un cow-boy local, elle est loin de se douter du chaos qui l&rsquo;attend. Non seulement elle [&hellip;]<\/p>\n","protected":false},"featured_media":8341,"comment_status":"open","ping_status":"closed","template":"","meta":{"_acf_changed":false,"content-type":""},"product_brand":[],"product_cat":[59],"product_tag":[],"class_list":{"0":"post-8340","1":"product","2":"type-product","3":"status-publish","4":"has-post-thumbnail","6":"product_cat-non-classe","8":"first","9":"instock","10":"taxable","11":"shipping-taxable","12":"purchasable","13":"product-type-simple"},"acf":{"auteur":"","date_parution":null,"bestseller":false,"librairie":false},"aioseo_notices":[],"_links":{"self":[{"href":"https:\/\/butterfly-editions.com\/index.php\/wp-json\/wp\/v2\/product\/8340","targetHints":{"allow":["GET"]}}],"collection":[{"href":"https:\/\/butterfly-editions.com\/index.php\/wp-json\/wp\/v2\/product"}],"about":[{"href":"https:\/\/butterfly-editions.com\/index.php\/wp-json\/wp\/v2\/types\/product"}],"replies":[{"embeddable":true,"href":"https:\/\/butterfly-editions.com\/index.php\/wp-json\/wp\/v2\/comments?post=8340"}],"wp:featuredmedia":[{"embeddable":true,"href":"https:\/\/butterfly-editions.com\/index.php\/wp-json\/wp\/v2\/media\/8341"}],"wp:attachment":[{"href":"https:\/\/butterfly-editions.com\/index.php\/wp-json\/wp\/v2\/media?parent=8340"}],"wp:term":[{"taxonomy":"product_brand","embeddable":true,"href":"https:\/\/butterfly-editions.com\/index.php\/wp-json\/wp\/v2\/product_brand?post=8340"},{"taxonomy":"product_cat","embeddable":true,"href":"https:\/\/butterfly-editions.com\/index.php\/wp-json\/wp\/v2\/product_cat?post=8340"},{"taxonomy":"product_tag","embeddable":true,"href":"https:\/\/butterfly-editions.com\/index.php\/wp-json\/wp\/v2\/product_tag?post=8340"}],"curies":[{"name":"wp","href":"https:\/\/api.w.org\/{rel}","templated":true}]}}