{"id":8338,"date":"2025-06-23T12:49:21","date_gmt":"2025-06-23T11:49:21","guid":{"rendered":"https:\/\/butterfly-editions.com\/?post_type=product&#038;p=8338"},"modified":"2025-07-25T13:48:27","modified_gmt":"2025-07-25T12:48:27","slug":"killer-heart-jessika-kostigan","status":"publish","type":"product","link":"https:\/\/butterfly-editions.com\/index.php\/produit\/killer-heart-jessika-kostigan\/","title":{"rendered":"Killer Heart &#8211; Jessika Kostigan"},"content":{"rendered":"<p><strong><span class=\"a-text-bold\">L\u2019obscurit\u00e9 est leur refuge. Le danger les r\u00e9unit.<\/span><\/strong><\/p>\n<p>Heaven pensait que Bolt \u00e9tait mort. Pourtant, alors qu\u2019elle se reconstruit apr\u00e8s dix ann\u00e9es d\u2019enfer, il r\u00e9appara\u00eet. Elle l\u2019aime toujours, mais lui veut lui faire payer sa trahison : \u00e0 cause d\u2019elle, il est devenu un monstre, un r\u00e9prouv\u00e9 qui n\u2019a eu d\u2019autre choix que de devenir un tueur. Et d\u00e9sormais, c\u2019est elle, sa cible.<\/p>\n<p><em><span class=\"a-text-italic\">Le d\u00e9sir qui les a rassembl\u00e9s suffira-t-il \u00e0 la sauver ?<\/span><\/em><\/p>\n","protected":false},"excerpt":{"rendered":"<p>L\u2019obscurit\u00e9 est leur refuge. Le danger les r\u00e9unit. Heaven pensait que Bolt \u00e9tait mort. Pourtant, alors qu\u2019elle se reconstruit apr\u00e8s dix ann\u00e9es d\u2019enfer, il r\u00e9appara\u00eet. Elle l\u2019aime toujours, mais lui veut lui faire payer sa trahison : \u00e0 cause d\u2019elle, il est devenu un monstre, un r\u00e9prouv\u00e9 qui n\u2019a eu d\u2019autre choix que de devenir [&hellip;]<\/p>\n","protected":false},"featured_media":8339,"comment_status":"open","ping_status":"closed","template":"","meta":{"_acf_changed":false,"content-type":""},"product_brand":[],"product_cat":[59],"product_tag":[],"class_list":{"0":"post-8338","1":"product","2":"type-product","3":"status-publish","4":"has-post-thumbnail","6":"product_cat-non-classe","8":"first","9":"instock","10":"taxable","11":"shipping-taxable","12":"purchasable","13":"product-type-simple"},"acf":{"auteur":"","date_parution":null,"bestseller":false,"librairie":false},"aioseo_notices":[],"_links":{"self":[{"href":"https:\/\/butterfly-editions.com\/index.php\/wp-json\/wp\/v2\/product\/8338","targetHints":{"allow":["GET"]}}],"collection":[{"href":"https:\/\/butterfly-editions.com\/index.php\/wp-json\/wp\/v2\/product"}],"about":[{"href":"https:\/\/butterfly-editions.com\/index.php\/wp-json\/wp\/v2\/types\/product"}],"replies":[{"embeddable":true,"href":"https:\/\/butterfly-editions.com\/index.php\/wp-json\/wp\/v2\/comments?post=8338"}],"wp:featuredmedia":[{"embeddable":true,"href":"https:\/\/butterfly-editions.com\/index.php\/wp-json\/wp\/v2\/media\/8339"}],"wp:attachment":[{"href":"https:\/\/butterfly-editions.com\/index.php\/wp-json\/wp\/v2\/media?parent=8338"}],"wp:term":[{"taxonomy":"product_brand","embeddable":true,"href":"https:\/\/butterfly-editions.com\/index.php\/wp-json\/wp\/v2\/product_brand?post=8338"},{"taxonomy":"product_cat","embeddable":true,"href":"https:\/\/butterfly-editions.com\/index.php\/wp-json\/wp\/v2\/product_cat?post=8338"},{"taxonomy":"product_tag","embeddable":true,"href":"https:\/\/butterfly-editions.com\/index.php\/wp-json\/wp\/v2\/product_tag?post=8338"}],"curies":[{"name":"wp","href":"https:\/\/api.w.org\/{rel}","templated":true}]}}