{"id":8336,"date":"2025-06-23T12:42:55","date_gmt":"2025-06-23T11:42:55","guid":{"rendered":"https:\/\/butterfly-editions.com\/?post_type=product&#038;p=8336"},"modified":"2025-07-25T13:49:29","modified_gmt":"2025-07-25T12:49:29","slug":"after-him-caroline-sauvage-reedition","status":"publish","type":"product","link":"https:\/\/butterfly-editions.com\/index.php\/produit\/after-him-caroline-sauvage-reedition\/","title":{"rendered":"After Him &#8211; Caroline Sauvage &#8211; r\u00e9\u00e9dition"},"content":{"rendered":"<p><strong>Un pompier sexy, arrogant et secret.<\/strong><\/p>\n<p><strong>Une jeune femme bris\u00e9e.<\/strong><\/p>\n<p><strong>Une colocation&#8230; inattendue.<\/strong><\/p>\n<p>&nbsp;<\/p>\n<p>Jonas a connu le pire : le d\u00e9c\u00e8s tragique de la femme qu\u2019il aimait. Pour rem\u00e9dier \u00e0 sa solitude et son chagrin, quoi de mieux que se trouver des colocataires ?<\/p>\n<p>Peu \u00e0 peu, il retrouve une certaine stabilit\u00e9 jusqu\u2019\u00e0 l\u2019arriv\u00e9e d\u2019une nouvelle coloc\u2019, veuve depuis peu : Joey.<\/p>\n<p>Cette derni\u00e8re, troubl\u00e9e et attir\u00e9e par le propri\u00e9taire des lieux, au corps d\u2019Apollon, ne sait plus sur quel pied danser.<\/p>\n<p>Une discussion nocturne en amenant une autre, rapidement elle commence \u00e0 se poser des questions sur sa propre existence : son mari \u00e9tait-il celui qu\u2019elle croyait idol\u00e2trer ? Derri\u00e8re le plus beau des anges peut-il se cacher le Diable en personne ? Et si sa vie, jusqu\u2019\u00e0 pr\u00e9sent, n\u2019avait \u00e9t\u00e9 qu\u2019une vulgaire mascarade ?<\/p>\n<p>La d\u00e9termination et la pr\u00e9venance de Jonas ne connaissent aucune limite pour amener Joey \u00e0 d\u00e9couvrir ce qu\u2019il lui est r\u00e9ellement arriv\u00e9. Face \u00e0 la cruelle r\u00e9alit\u00e9, parviendra-t-elle \u00e0 nouveau \u00e0 ouvrir son c\u0153ur ? \u00c0 donner sa confiance ?<\/p>\n<p><em>\u00c0 aimer&#8230; tout simplement.<\/em><\/p>\n","protected":false},"excerpt":{"rendered":"<p>Un pompier sexy, arrogant et secret. Une jeune femme bris\u00e9e. Une colocation&#8230; inattendue. &nbsp; Jonas a connu le pire : le d\u00e9c\u00e8s tragique de la femme qu\u2019il aimait. Pour rem\u00e9dier \u00e0 sa solitude et son chagrin, quoi de mieux que se trouver des colocataires ? Peu \u00e0 peu, il retrouve une certaine stabilit\u00e9 jusqu\u2019\u00e0 l\u2019arriv\u00e9e [&hellip;]<\/p>\n","protected":false},"featured_media":8337,"comment_status":"open","ping_status":"closed","template":"","meta":{"_acf_changed":false,"content-type":""},"product_brand":[],"product_cat":[59],"product_tag":[],"class_list":{"0":"post-8336","1":"product","2":"type-product","3":"status-publish","4":"has-post-thumbnail","6":"product_cat-non-classe","8":"first","9":"instock","10":"taxable","11":"shipping-taxable","12":"purchasable","13":"product-type-simple"},"acf":{"auteur":"","date_parution":null,"bestseller":false,"librairie":false},"aioseo_notices":[],"_links":{"self":[{"href":"https:\/\/butterfly-editions.com\/index.php\/wp-json\/wp\/v2\/product\/8336","targetHints":{"allow":["GET"]}}],"collection":[{"href":"https:\/\/butterfly-editions.com\/index.php\/wp-json\/wp\/v2\/product"}],"about":[{"href":"https:\/\/butterfly-editions.com\/index.php\/wp-json\/wp\/v2\/types\/product"}],"replies":[{"embeddable":true,"href":"https:\/\/butterfly-editions.com\/index.php\/wp-json\/wp\/v2\/comments?post=8336"}],"wp:featuredmedia":[{"embeddable":true,"href":"https:\/\/butterfly-editions.com\/index.php\/wp-json\/wp\/v2\/media\/8337"}],"wp:attachment":[{"href":"https:\/\/butterfly-editions.com\/index.php\/wp-json\/wp\/v2\/media?parent=8336"}],"wp:term":[{"taxonomy":"product_brand","embeddable":true,"href":"https:\/\/butterfly-editions.com\/index.php\/wp-json\/wp\/v2\/product_brand?post=8336"},{"taxonomy":"product_cat","embeddable":true,"href":"https:\/\/butterfly-editions.com\/index.php\/wp-json\/wp\/v2\/product_cat?post=8336"},{"taxonomy":"product_tag","embeddable":true,"href":"https:\/\/butterfly-editions.com\/index.php\/wp-json\/wp\/v2\/product_tag?post=8336"}],"curies":[{"name":"wp","href":"https:\/\/api.w.org\/{rel}","templated":true}]}}